{"id":7481,"date":"2025-01-23T15:04:27","date_gmt":"2025-01-23T14:04:27","guid":{"rendered":"https:\/\/hermannschmidt.de\/textes-dappel-doffres-techsafe\/"},"modified":"2025-01-23T15:04:28","modified_gmt":"2025-01-23T14:04:28","slug":"textes-dappel-doffres-techsafe","status":"publish","type":"page","link":"https:\/\/hermannschmidt.de\/fr\/textes-dappel-doffres-techsafe\/","title":{"rendered":"Textes d&#8217;appel d&#8217;offres tecHSafe"},"content":{"rendered":"<div id='av_section_1'  class='avia-section av-q7673n-39a2770f654dfbb3bbe9dff34fddae86 main_color avia-section-default avia-no-border-styling  avia-builder-el-0  avia-builder-el-no-sibling  avia-bg-style-scroll container_wrap sidebar_right'  ><div class='container av-section-cont-open' ><main  role=\"main\" itemprop=\"mainContentOfPage\"  class='template-page content  av-content-small alpha units'><div class='post-entry post-entry-type-page post-entry-7481'><div class='entry-content-wrapper clearfix'>\n<div class='flex_column_table av-o0njub-679e85deb16f742a1020a3d064f358ef sc-av_one_full av-equal-height-column-flextable'><div  class='flex_column av-o0njub-679e85deb16f742a1020a3d064f358ef av_one_full  avia-builder-el-1  el_before_av_one_half  avia-builder-el-first  first flex_column_table_cell av-equal-height-column av-align-top  '     ><style type=\"text\/css\" data-created_by=\"avia_inline_auto\" id=\"style-css-av-lrermdpi-1d8629584cb76dc5e0ad22ead1e4abb7\">\n#top .av-special-heading.av-lrermdpi-1d8629584cb76dc5e0ad22ead1e4abb7{\npadding-bottom:10px;\n}\nbody .av-special-heading.av-lrermdpi-1d8629584cb76dc5e0ad22ead1e4abb7 .av-special-heading-tag .heading-char{\nfont-size:25px;\n}\n.av-special-heading.av-lrermdpi-1d8629584cb76dc5e0ad22ead1e4abb7 .av-subheading{\nfont-size:35px;\n}\n<\/style>\n<div  class='av-special-heading av-lrermdpi-1d8629584cb76dc5e0ad22ead1e4abb7 av-special-heading-h1 custom-color-heading blockquote modern-quote  avia-builder-el-2  avia-builder-el-no-sibling  low'><h1 class='av-special-heading-tag '  itemprop=\"headline\"  ><span style=&quot;color: #1b7f61;&quot;>tecHSafe<\/span>&#8211; Textes d\u2019appel d\u2019offres  <\/h1><div class=\"special-heading-border\"><div class=\"special-heading-inner-border\"><\/div><\/div><\/div><\/div><\/div><!--close column table wrapper. Autoclose: 1 --><div class='flex_column_table av-l2xto3-026dd0e25b522b013822ac677822e130 sc-av_one_half av-equal-height-column-flextable'><div  class='flex_column av-l2xto3-026dd0e25b522b013822ac677822e130 av_one_half  avia-builder-el-3  el_after_av_one_full  el_before_av_one_half  first flex_column_table_cell av-equal-height-column av-align-top  column-top-margin'     ><style type=\"text\/css\" data-created_by=\"avia_inline_auto\" id=\"style-css-av-ig4bv7-6a0f042fcc6129261bd88468a64dc099\">\n.iconbox.av-ig4bv7-6a0f042fcc6129261bd88468a64dc099 .iconbox_icon{\nbackground-color:#148361;\n}\n<\/style>\n<article  class='iconbox iconbox_top av-ig4bv7-6a0f042fcc6129261bd88468a64dc099  avia-builder-el-4  el_before_av_button  avia-builder-el-first  main_color'  itemscope=\"itemscope\" itemtype=\"https:\/\/schema.org\/CreativeWork\" ><div class=\"iconbox_content\"><header class=\"entry-content-header\" aria-label=\"Ic\u00f4ne : Installation neuve avec a\u00e9rateur de tuyau\"><div class='iconbox_icon heading-color avia-iconfont avia-font-entypo-fontello' data-av_icon='\ue82d' data-av_iconfont='entypo-fontello'  ><\/div><h3 class='iconbox_content_title '  itemprop=\"headline\" >Installation neuve avec a\u00e9rateur de tuyau<\/h3><\/header><div class='iconbox_content_container '  itemprop=\"text\" ><p style=\"text-align: center;\"><span style=\"color: #148361;\"><strong style=\"color: #148361;\">HSE tecHSafe robinetterie ext\u00e9rieure antigel<\/strong><\/span><\/p>\n<p style=\"text-align: center;\">DVGW<\/p>\n<p><span style=\"color: #ffffff;\">.<\/span><\/p>\n<\/div><\/div><footer class=\"entry-footer\"><\/footer><\/article><br \/>\n<div  class='avia-button-wrap av-gpzylv-d6e3afefd43c2456d497410ee8272ad9-wrap avia-button-center  avia-builder-el-5  el_after_av_icon_box  avia-builder-el-last '>\n<style type=\"text\/css\" data-created_by=\"avia_inline_auto\" id=\"style-css-av-gpzylv-d6e3afefd43c2456d497410ee8272ad9\">\n#top #wrap_all .avia-button.av-gpzylv-d6e3afefd43c2456d497410ee8272ad9{\nbackground-color:#148361;\nborder-color:#148361;\ncolor:#ffffff;\ntransition:all 0.4s ease-in-out;\n}\n#top #wrap_all .avia-button.av-gpzylv-d6e3afefd43c2456d497410ee8272ad9 .avia-svg-icon svg:first-child{\nfill:#ffffff;\nstroke:#ffffff;\n}\n<\/style>\n<a href='https:\/\/hermannschmidt.de\/wp-content\/uploads\/2024\/01\/92270015-Neubauinstallation-mit-Rohrbeluefter-DVGW.pdf'  class='avia-button av-gpzylv-d6e3afefd43c2456d497410ee8272ad9 av-link-btn avia-icon_select-yes-left-icon avia-size-large avia-position-center'  target=\"_blank\"  rel=\"noopener noreferrer\"  aria-label=\"T\u00e9l\u00e9charger\"><span class='avia_button_icon avia_button_icon_left avia-iconfont avia-font-entypo-fontello' data-av_icon='\ue873' data-av_iconfont='entypo-fontello' ><\/span><span class='avia_iconbox_title' >T\u00e9l\u00e9charger<\/span><\/a><\/div><\/p><\/div><div class='av-flex-placeholder'><\/div><div  class='flex_column av-fnjkn7-b22c479222765ff5f17cf2c19ee50849 av_one_half  avia-builder-el-6  el_after_av_one_half  el_before_av_one_half  flex_column_table_cell av-equal-height-column av-align-top  column-top-margin'     ><style type=\"text\/css\" data-created_by=\"avia_inline_auto\" id=\"style-css-av-evprtv-164af0e1b29a6bc437e795f565e978c8\">\n.iconbox.av-evprtv-164af0e1b29a6bc437e795f565e978c8 .iconbox_icon{\nbackground-color:#148361;\n}\n<\/style>\n<article  class='iconbox iconbox_top av-evprtv-164af0e1b29a6bc437e795f565e978c8  avia-builder-el-7  el_before_av_button  avia-builder-el-first  main_color'  itemscope=\"itemscope\" itemtype=\"https:\/\/schema.org\/CreativeWork\" ><div class=\"iconbox_content\"><header class=\"entry-content-header\" aria-label=\"Ic\u00f4ne : Installation neuve sans a\u00e9rateur de tuyau\"><div class='iconbox_icon heading-color avia-iconfont avia-font-entypo-fontello' data-av_icon='\ue82d' data-av_iconfont='entypo-fontello'  ><\/div><h3 class='iconbox_content_title '  itemprop=\"headline\" >Installation neuve sans a\u00e9rateur de tuyau<\/h3><\/header><div class='iconbox_content_container '  itemprop=\"text\" ><p style=\"text-align: center;\"><span style=\"color: #148361;\"><strong style=\"color: #148361;\">HSE tecHSafe robinetterie ext\u00e9rieure antigel<\/strong><\/span><\/p>\n<p><span style=\"color: #ffffff;\">.<\/span><\/p>\n<p><span style=\"color: #ffffff;\">.<\/span><\/p>\n<\/div><\/div><footer class=\"entry-footer\"><\/footer><\/article><br \/>\n<div  class='avia-button-wrap av-d7ts37-78c200432b8b4d58ad6702c97d52fa8d-wrap avia-button-center  avia-builder-el-8  el_after_av_icon_box  avia-builder-el-last '>\n<style type=\"text\/css\" data-created_by=\"avia_inline_auto\" id=\"style-css-av-d7ts37-78c200432b8b4d58ad6702c97d52fa8d\">\n#top #wrap_all .avia-button.av-d7ts37-78c200432b8b4d58ad6702c97d52fa8d{\nbackground-color:#148361;\nborder-color:#148361;\ncolor:#ffffff;\ntransition:all 0.4s ease-in-out;\n}\n#top #wrap_all .avia-button.av-d7ts37-78c200432b8b4d58ad6702c97d52fa8d .avia-svg-icon svg:first-child{\nfill:#ffffff;\nstroke:#ffffff;\n}\n<\/style>\n<a href='https:\/\/hermannschmidt.de\/wp-content\/uploads\/2024\/01\/92271015-Neubauinstallation-ohne-Rohrbeluefter.pdf'  class='avia-button av-d7ts37-78c200432b8b4d58ad6702c97d52fa8d av-link-btn avia-icon_select-yes-left-icon avia-size-large avia-position-center'  target=\"_blank\"  rel=\"noopener noreferrer\"  aria-label=\"T\u00e9l\u00e9charger\"><span class='avia_button_icon avia_button_icon_left avia-iconfont avia-font-entypo-fontello' data-av_icon='\ue873' data-av_iconfont='entypo-fontello' ><\/span><span class='avia_iconbox_title' >T\u00e9l\u00e9charger<\/span><\/a><\/div><\/p><\/div><\/div><!--close column table wrapper. Autoclose: 1 --><div class='flex_column_table av-bk7v03-6d5962687a7fe5deb7c8763a7ccdac50 sc-av_one_half av-equal-height-column-flextable'><div  class='flex_column av-bk7v03-6d5962687a7fe5deb7c8763a7ccdac50 av_one_half  avia-builder-el-9  el_after_av_one_half  el_before_av_one_half  first flex_column_table_cell av-equal-height-column av-align-top  column-top-margin'     ><style type=\"text\/css\" data-created_by=\"avia_inline_auto\" id=\"style-css-av-99n943-9c69d26177ff10016469e31e7b6a216d\">\n.iconbox.av-99n943-9c69d26177ff10016469e31e7b6a216d .iconbox_icon{\nbackground-color:#148361;\n}\n<\/style>\n<article  class='iconbox iconbox_top av-99n943-9c69d26177ff10016469e31e7b6a216d  avia-builder-el-10  el_before_av_button  avia-builder-el-first  main_color'  itemscope=\"itemscope\" itemtype=\"https:\/\/schema.org\/CreativeWork\" ><div class=\"iconbox_content\"><header class=\"entry-content-header\" aria-label=\"Ic\u00f4ne : Installation ult\u00e9rieure avec a\u00e9rateur de tuyau\"><div class='iconbox_icon heading-color avia-iconfont avia-font-entypo-fontello' data-av_icon='\ue82d' data-av_iconfont='entypo-fontello'  ><\/div><h3 class='iconbox_content_title '  itemprop=\"headline\" >Installation ult\u00e9rieure avec a\u00e9rateur de tuyau<\/h3><\/header><div class='iconbox_content_container '  itemprop=\"text\" ><p style=\"text-align: center;\"><span style=\"color: #148361;\"><strong style=\"color: #148361;\">HSE tecHSafe robinetterie ext\u00e9rieure antigel<\/strong><\/span><\/p>\n<p style=\"text-align: center;\">DVGW<\/p>\n<p><span style=\"color: #ffffff;\">.<\/span><\/p>\n<\/div><\/div><footer class=\"entry-footer\"><\/footer><\/article><br \/>\n<div  class='avia-button-wrap av-81xe5v-185eb2f0c26f85a727ebaa4c21492423-wrap avia-button-center  avia-builder-el-11  el_after_av_icon_box  avia-builder-el-last '>\n<style type=\"text\/css\" data-created_by=\"avia_inline_auto\" id=\"style-css-av-81xe5v-185eb2f0c26f85a727ebaa4c21492423\">\n#top #wrap_all .avia-button.av-81xe5v-185eb2f0c26f85a727ebaa4c21492423{\nbackground-color:#148361;\nborder-color:#148361;\ncolor:#ffffff;\ntransition:all 0.4s ease-in-out;\n}\n#top #wrap_all .avia-button.av-81xe5v-185eb2f0c26f85a727ebaa4c21492423 .avia-svg-icon svg:first-child{\nfill:#ffffff;\nstroke:#ffffff;\n}\n<\/style>\n<a href='https:\/\/hermannschmidt.de\/wp-content\/uploads\/2024\/01\/92265015-Nachruestinstallation-mit-Rohrbeluefter-DVGW.pdf'  class='avia-button av-81xe5v-185eb2f0c26f85a727ebaa4c21492423 av-link-btn avia-icon_select-yes-left-icon avia-size-large avia-position-center'  target=\"_blank\"  rel=\"noopener noreferrer\"  aria-label=\"T\u00e9l\u00e9charger\"><span class='avia_button_icon avia_button_icon_left avia-iconfont avia-font-entypo-fontello' data-av_icon='\ue873' data-av_iconfont='entypo-fontello' ><\/span><span class='avia_iconbox_title' >T\u00e9l\u00e9charger<\/span><\/a><\/div><\/p><\/div><div class='av-flex-placeholder'><\/div><div  class='flex_column av-5qm7hf-eefce6bf7a5d33f5f1c4f243cdb515d0 av_one_half  avia-builder-el-12  el_after_av_one_half  avia-builder-el-last  flex_column_table_cell av-equal-height-column av-align-top  column-top-margin'     ><style type=\"text\/css\" data-created_by=\"avia_inline_auto\" id=\"style-css-av-4528fn-9a0ba6e7a420057bac7f901ec4b74c9a\">\n.iconbox.av-4528fn-9a0ba6e7a420057bac7f901ec4b74c9a .iconbox_icon{\nbackground-color:#148361;\n}\n<\/style>\n<article  class='iconbox iconbox_top av-4528fn-9a0ba6e7a420057bac7f901ec4b74c9a  avia-builder-el-13  el_before_av_button  avia-builder-el-first  main_color'  itemscope=\"itemscope\" itemtype=\"https:\/\/schema.org\/CreativeWork\" ><div class=\"iconbox_content\"><header class=\"entry-content-header\" aria-label=\"Ic\u00f4ne : Installation en seconde monte sans a\u00e9rateur de tuyau\"><div class='iconbox_icon heading-color avia-iconfont avia-font-entypo-fontello' data-av_icon='\ue82d' data-av_iconfont='entypo-fontello'  ><\/div><h3 class='iconbox_content_title '  itemprop=\"headline\" >Installation en seconde monte sans a\u00e9rateur de tuyau<\/h3><\/header><div class='iconbox_content_container '  itemprop=\"text\" ><p style=\"text-align: center;\"><span style=\"color: #148361;\"><strong style=\"color: #148361;\">HSE tecHSafe robinetterie ext\u00e9rieure antigel<\/strong><\/span><\/p>\n<p><span style=\"color: #ffffff;\">.<\/span><\/p>\n<p><span style=\"color: #ffffff;\">.<\/span><\/p>\n<\/div><\/div><footer class=\"entry-footer\"><\/footer><\/article><br \/>\n<div  class='avia-button-wrap av-2j01ir-35eca954be69ffae3200340e4486ffee-wrap avia-button-center  avia-builder-el-14  el_after_av_icon_box  avia-builder-el-last '>\n<style type=\"text\/css\" data-created_by=\"avia_inline_auto\" id=\"style-css-av-2j01ir-35eca954be69ffae3200340e4486ffee\">\n#top #wrap_all .avia-button.av-2j01ir-35eca954be69ffae3200340e4486ffee{\nbackground-color:#148361;\nborder-color:#148361;\ncolor:#ffffff;\ntransition:all 0.4s ease-in-out;\n}\n#top #wrap_all .avia-button.av-2j01ir-35eca954be69ffae3200340e4486ffee .avia-svg-icon svg:first-child{\nfill:#ffffff;\nstroke:#ffffff;\n}\n<\/style>\n<a href='https:\/\/hermannschmidt.de\/wp-content\/uploads\/2024\/01\/92266015-Nachruestinstallation-ohne-Rohrbeluefter.pdf'  class='avia-button av-2j01ir-35eca954be69ffae3200340e4486ffee av-link-btn avia-icon_select-yes-left-icon avia-size-large avia-position-center'  target=\"_blank\"  rel=\"noopener noreferrer\"  aria-label=\"T\u00e9l\u00e9charger\"><span class='avia_button_icon avia_button_icon_left avia-iconfont avia-font-entypo-fontello' data-av_icon='\ue873' data-av_iconfont='entypo-fontello' ><\/span><span class='avia_iconbox_title' >T\u00e9l\u00e9charger<\/span><\/a><\/div><\/p><\/div><\/div><!--close column table wrapper. Autoclose: 1 --><\/div><\/div><\/main><!-- close content main element --><\/div><\/div><div id='after_section_1'  class='main_color av_default_container_wrap container_wrap sidebar_right'  ><div class='container av-section-cont-open' ><div class='template-page content  av-content-small alpha units'><div class='post-entry post-entry-type-page post-entry-7481'><div class='entry-content-wrapper clearfix'>\n","protected":false},"excerpt":{"rendered":"","protected":false},"author":4,"featured_media":0,"parent":0,"menu_order":0,"comment_status":"closed","ping_status":"closed","template":"","meta":{"footnotes":""},"class_list":["post-7481","page","type-page","status-publish","hentry"],"_links":{"self":[{"href":"https:\/\/hermannschmidt.de\/fr\/wp-json\/wp\/v2\/pages\/7481","targetHints":{"allow":["GET"]}}],"collection":[{"href":"https:\/\/hermannschmidt.de\/fr\/wp-json\/wp\/v2\/pages"}],"about":[{"href":"https:\/\/hermannschmidt.de\/fr\/wp-json\/wp\/v2\/types\/page"}],"author":[{"embeddable":true,"href":"https:\/\/hermannschmidt.de\/fr\/wp-json\/wp\/v2\/users\/4"}],"replies":[{"embeddable":true,"href":"https:\/\/hermannschmidt.de\/fr\/wp-json\/wp\/v2\/comments?post=7481"}],"version-history":[{"count":0,"href":"https:\/\/hermannschmidt.de\/fr\/wp-json\/wp\/v2\/pages\/7481\/revisions"}],"wp:attachment":[{"href":"https:\/\/hermannschmidt.de\/fr\/wp-json\/wp\/v2\/media?parent=7481"}],"curies":[{"name":"wp","href":"https:\/\/api.w.org\/{rel}","templated":true}]}}