{"id":7261,"date":"2025-01-23T15:00:37","date_gmt":"2025-01-23T14:00:37","guid":{"rendered":"https:\/\/hermannschmidt.de\/chauffage\/radiateurs-plats-copa\/"},"modified":"2026-01-21T18:09:21","modified_gmt":"2026-01-21T17:09:21","slug":"radiateurs-plats-copa","status":"publish","type":"page","link":"https:\/\/hermannschmidt.de\/fr\/chauffage\/radiateurs-plats-copa\/","title":{"rendered":"Radiateurs plats Copa"},"content":{"rendered":"<div  class='flex_column av-kqe14-5f327ae52cec2c0143ab45d808eccfb7 av_one_full  avia-builder-el-0  el_before_av_hr  avia-builder-el-first  first flex_column_div  '     ><style type=\"text\/css\" data-created_by=\"avia_inline_auto\" id=\"style-css-av-ruhxs-d92045c2cb097a7915c034aef0a43736\">\n.avia-image-container.av-ruhxs-d92045c2cb097a7915c034aef0a43736 img.avia_image{\nbox-shadow:none;\n}\n.avia-image-container.av-ruhxs-d92045c2cb097a7915c034aef0a43736 .av-image-caption-overlay-center{\ncolor:#ffffff;\n}\n<\/style>\n<div  class='avia-image-container av-ruhxs-d92045c2cb097a7915c034aef0a43736 av-styling- avia-align-left  avia-builder-el-1  avia-builder-el-no-sibling '   itemprop=\"image\" itemscope=\"itemscope\" itemtype=\"https:\/\/schema.org\/ImageObject\" ><div class=\"avia-image-container-inner\"><div class=\"avia-image-overlay-wrap\"><img decoding=\"async\" fetchpriority=\"high\" class='wp-image-7241 avia-img-lazy-loading-not-7241 avia_image ' src=\"https:\/\/hermannschmidt.de\/wp-content\/uploads\/2024\/10\/pics_productPics_50_113.jpg\" alt='Die Firma Hermann Schmidt vermarktet exklusiv Copa-Flachheizk\u00f6rper auf dem Deutschen Markt.' title='pics_productPics_50_113'  height=\"449\" width=\"675\"  itemprop=\"thumbnailUrl\" srcset=\"https:\/\/hermannschmidt.de\/wp-content\/uploads\/2024\/10\/pics_productPics_50_113.jpg 675w, https:\/\/hermannschmidt.de\/wp-content\/uploads\/2024\/10\/pics_productPics_50_113-300x200.jpg 300w\" sizes=\"(max-width: 675px) 100vw, 675px\" \/><\/div><\/div><\/div><\/div>\n\n<style type=\"text\/css\" data-created_by=\"avia_inline_auto\" id=\"style-css-av-m2lym1lt-f6dfe5730a7feb959e484fc3e679c4fb\">\n#top .hr.hr-invisible.av-m2lym1lt-f6dfe5730a7feb959e484fc3e679c4fb{\nmargin-top:-50px;\nheight:1px;\n}\n<\/style>\n<div  class='hr av-m2lym1lt-f6dfe5730a7feb959e484fc3e679c4fb hr-invisible  avia-builder-el-2  el_after_av_one_full  el_before_av_one_half '><span class='hr-inner '><span class=\"hr-inner-style\"><\/span><\/span><\/div>\n<div  class='flex_column av-cm7ig-82d6fce21b486281ec92dc74d5e39d27 av_one_half  avia-builder-el-3  el_after_av_hr  el_before_av_one_half  first flex_column_div  '     ><style type=\"text\/css\" data-created_by=\"avia_inline_auto\" id=\"style-css-av-apk28-eec5f310b946066de64ddcbc93f5bcd8\">\n.avia-image-container.av-apk28-eec5f310b946066de64ddcbc93f5bcd8 img.avia_image{\nbox-shadow:none;\n}\n.avia-image-container.av-apk28-eec5f310b946066de64ddcbc93f5bcd8 .av-image-caption-overlay-center{\ncolor:#ffffff;\n}\n<\/style>\n<div  class='avia-image-container av-apk28-eec5f310b946066de64ddcbc93f5bcd8 av-styling- avia-align-left  avia-builder-el-4  avia-builder-el-no-sibling '   itemprop=\"image\" itemscope=\"itemscope\" itemtype=\"https:\/\/schema.org\/ImageObject\" ><div class=\"avia-image-container-inner\"><div class=\"avia-image-overlay-wrap\"><img decoding=\"async\" fetchpriority=\"high\" class='wp-image-7247 avia-img-lazy-loading-not-7247 avia_image ' src=\"https:\/\/hermannschmidt.de\/wp-content\/uploads\/2024\/10\/COPA-LOGO-300x93.png\" alt='COPA Flachheizk\u00f6rper' title='COPA LOGO'  height=\"93\" width=\"300\"  itemprop=\"thumbnailUrl\" srcset=\"https:\/\/hermannschmidt.de\/wp-content\/uploads\/2024\/10\/COPA-LOGO-300x93.png 300w, https:\/\/hermannschmidt.de\/wp-content\/uploads\/2024\/10\/COPA-LOGO-1030x321.png 1030w, https:\/\/hermannschmidt.de\/wp-content\/uploads\/2024\/10\/COPA-LOGO-768x239.png 768w, https:\/\/hermannschmidt.de\/wp-content\/uploads\/2024\/10\/COPA-LOGO-1536x478.png 1536w, https:\/\/hermannschmidt.de\/wp-content\/uploads\/2024\/10\/COPA-LOGO-2048x638.png 2048w, https:\/\/hermannschmidt.de\/wp-content\/uploads\/2024\/10\/COPA-LOGO-1500x467.png 1500w, https:\/\/hermannschmidt.de\/wp-content\/uploads\/2024\/10\/COPA-LOGO-705x220.png 705w\" sizes=\"(max-width: 300px) 100vw, 300px\" \/><\/div><\/div><\/div><\/div>\n<div  class='flex_column av-6od7k-4d3219155bb723a5378ec2e03c50e250 av_one_half  avia-builder-el-5  el_after_av_one_half  el_before_av_hr  flex_column_div  '     ><\/div>\n\n<style type=\"text\/css\" data-created_by=\"avia_inline_auto\" id=\"style-css-av-l77qo-e3bed2936f58b65054650d9150a39adb\">\n#top .hr.hr-invisible.av-l77qo-e3bed2936f58b65054650d9150a39adb{\nheight:10px;\n}\n<\/style>\n<div  class='hr av-l77qo-e3bed2936f58b65054650d9150a39adb hr-invisible  avia-builder-el-6  el_after_av_one_half  el_before_av_one_full '><span class='hr-inner '><span class=\"hr-inner-style\"><\/span><\/span><\/div>\n<div  class='flex_column av-8iids-04e21d56a8a706432cce7906c7ef32d0 av_one_full  avia-builder-el-7  el_after_av_hr  el_before_av_one_full  first flex_column_div  '     ><p>\n<style type=\"text\/css\" data-created_by=\"avia_inline_auto\" id=\"style-css-av-h482o-92e959ffa4d46b3d4ab092dcd08809a4\">\n#top .av-special-heading.av-h482o-92e959ffa4d46b3d4ab092dcd08809a4{\npadding-bottom:10px;\n}\nbody .av-special-heading.av-h482o-92e959ffa4d46b3d4ab092dcd08809a4 .av-special-heading-tag .heading-char{\nfont-size:25px;\n}\n.av-special-heading.av-h482o-92e959ffa4d46b3d4ab092dcd08809a4 .av-subheading{\nfont-size:15px;\n}\n<\/style>\n<div  class='av-special-heading av-h482o-92e959ffa4d46b3d4ab092dcd08809a4 av-special-heading-h1 blockquote modern-quote  avia-builder-el-8  el_before_av_textblock  avia-builder-el-first '><h1 class='av-special-heading-tag '  itemprop=\"headline\"  >Radiateurs plats de Copa<\/h1><div class=\"special-heading-border\"><div class=\"special-heading-inner-border\"><\/div><\/div><\/div><br \/>\n<section  class='av_textblock_section av-akowo-21a62b73108601dd702cf3e4ab3f2d91 '   itemscope=\"itemscope\" itemtype=\"https:\/\/schema.org\/CreativeWork\" ><div class='avia_textblock'  itemprop=\"text\" ><p>La soci\u00e9t\u00e9 <em>Hermann Schmidt<\/em> commercialise depuis 15 ans d\u00e9j\u00e0 les radiateurs plats Copa en exclusivit\u00e9 sur le march\u00e9 allemand.<\/p>\n<p><em>Copa Is\u0131 Sistemleri<\/em> a \u00e9t\u00e9 fond\u00e9e en 1992 par M. Kemal Co\u015fkun\u00f6z. Elle dispose de l&#8217;une des plus grandes capacit\u00e9s de production de radiateurs plats, est active dans le secteur HVAC et est leader \u00e0 l&#8217;exportation depuis 20 ans.<\/p>\n<p>COPA est une soci\u00e9t\u00e9 de capitaux turque avec une capacit\u00e9 de production annuelle de 3 millions de radiateurs plats dans ses installations de production modernes dans la zone industrielle de Bursa Minareli\u00e7avu\u015f en Turquie.<\/p>\n<p>Aujourd&#8217;hui, COPA exporte des produits tels que des pompes \u00e0 chaleur, des chaudi\u00e8res \u00e0 gaz murales, des climatiseurs, des chauffe-eau \u00e0 gaz, des radiateurs plats, des radiateurs s\u00e8che-serviettes, des thermostats d&#8217;ambiance, des robinets de radiateur et des accessoires de fixation dans plus de 40 pays sur 4 continents.<\/p>\n<p>COPA adopte une approche du service ax\u00e9e sur le client, de haute qualit\u00e9, durable, s\u00fbre et innovante, et propose ses produits et services aux consommateurs par le biais de 30 distributeurs directs en Turquie et de plus de 40 dans les pays d&#8217;exportation.<\/p>\n<p><strong>Plus d&#8217;informations<\/strong><br \/>\n<a title=\"Cliquez ici pour plus d&#039;informations sur les chauffages Copa\" href=\"https:\/\/www.copa.com.tr\/de\/\" target=\"_blank\" rel=\"noopener\">Chauffages Copa<\/a><\/p>\n<\/div><\/section><\/p><\/div>\n<div  class='flex_column av-9u77c-942893dd172228a7265aec5369b66eae av_one_full  avia-builder-el-10  el_after_av_one_full  avia-builder-el-last  first flex_column_div  column-top-margin'     ><section  class='av_textblock_section av-mfb21t1a-76bb57be4e1ee74ad6ed11ee0994b2f9 '   itemscope=\"itemscope\" itemtype=\"https:\/\/schema.org\/CreativeWork\" ><div class='avia_textblock'  itemprop=\"text\" ><h2>Fiches techniques<\/h2>\n<ul>\n<li><a href=\"https:\/\/hermannschmidt.de\/pdf\/datenblatt\/copa\/Frontpaneele-Premium.pdf\" target=\"_blank\" rel=\"noopener noreferrer\">Panneaux avant Premium<\/a><\/li>\n<li><a href=\"https:\/\/hermannschmidt.de\/pdf\/datenblatt\/copa\/Frontpaneele-Standard.pdf\" target=\"_blank\" rel=\"noopener noreferrer\">Panneaux frontaux standard<\/a><\/li>\n<li><a href=\"https:\/\/hermannschmidt.de\/pdf\/datenblatt\/copa\/Typ-10-Vertikal-Plan-Heizkoerper-Premium.pdf\" target=\"_blank\" rel=\"noopener noreferrer\">Type 10 Plan vertical Radiateur Premium<\/a><\/li>\n<li><a href=\"https:\/\/hermannschmidt.de\/pdf\/datenblatt\/copa\/Typ-10-Vertikal-Plan-Heizkoerper-Standard.pdf\" target=\"_blank\" rel=\"noopener noreferrer\">Type 10 Plan vertical Radiateur standard<\/a><\/li>\n<li><a href=\"https:\/\/hermannschmidt.de\/pdf\/datenblatt\/copa\/Typ-11-Universal-Flachheizkoerper.pdf\" target=\"_blank\" rel=\"noopener noreferrer\">Type 11 Radiateur plat universel<\/a><\/li>\n<li><a href=\"https:\/\/hermannschmidt.de\/pdf\/datenblatt\/copa\/Typ-20-Vertikal-Plan-Heizkoerper-Premium.pdf\" target=\"_blank\" rel=\"noopener noreferrer\">Type 20 Plan vertical Radiateur Premium<\/a><\/li>\n<li><a href=\"https:\/\/hermannschmidt.de\/pdf\/datenblatt\/copa\/Typ-20-Vertikal-Plan-Heizkoerper-Standard.pdf\" target=\"_blank\" rel=\"noopener noreferrer\">Type 20 Plan vertical Radiateur standard<\/a><\/li>\n<li><a href=\"https:\/\/hermannschmidt.de\/pdf\/datenblatt\/copa\/Typ-21-Universal-Flachheizkoerper.pdf\" target=\"_blank\" rel=\"noopener noreferrer\">Type 21 Radiateur plat universel<\/a><\/li>\n<li><a href=\"https:\/\/hermannschmidt.de\/pdf\/datenblatt\/copa\/Typ-22-33-Renovierungs-Heizkoerper.pdf\" target=\"_blank\" rel=\"noopener noreferrer\">Type 22+33 Radiateurs de r\u00e9novation<\/a><\/li>\n<li><a href=\"https:\/\/hermannschmidt.de\/pdf\/datenblatt\/copa\/Typ-22-Universal-Flachheizkoerper.pdf\" target=\"_blank\" rel=\"noopener noreferrer\">Type 22 Radiateur plat universel<\/a><\/li>\n<li><a href=\"https:\/\/hermannschmidt.de\/pdf\/datenblatt\/copa\/Typ-33-Universal-Flachheizkoerper.pdf\" target=\"_blank\" rel=\"noopener noreferrer\">Type 33 Radiateur plat universel<\/a><\/li>\n<li><a href=\"https:\/\/hermannschmidt.de\/pdf\/datenblatt\/copa\/Zubehoer.pdf\" target=\"_blank\" rel=\"noopener noreferrer\">Accessoires<\/a><\/li>\n<\/ul>\n<\/div><\/section><\/div>\n","protected":false},"excerpt":{"rendered":"","protected":false},"author":4,"featured_media":7241,"parent":1892,"menu_order":0,"comment_status":"closed","ping_status":"closed","template":"","meta":{"footnotes":""},"class_list":["post-7261","page","type-page","status-publish","has-post-thumbnail","hentry"],"_links":{"self":[{"href":"https:\/\/hermannschmidt.de\/fr\/wp-json\/wp\/v2\/pages\/7261","targetHints":{"allow":["GET"]}}],"collection":[{"href":"https:\/\/hermannschmidt.de\/fr\/wp-json\/wp\/v2\/pages"}],"about":[{"href":"https:\/\/hermannschmidt.de\/fr\/wp-json\/wp\/v2\/types\/page"}],"author":[{"embeddable":true,"href":"https:\/\/hermannschmidt.de\/fr\/wp-json\/wp\/v2\/users\/4"}],"replies":[{"embeddable":true,"href":"https:\/\/hermannschmidt.de\/fr\/wp-json\/wp\/v2\/comments?post=7261"}],"version-history":[{"count":5,"href":"https:\/\/hermannschmidt.de\/fr\/wp-json\/wp\/v2\/pages\/7261\/revisions"}],"predecessor-version":[{"id":8642,"href":"https:\/\/hermannschmidt.de\/fr\/wp-json\/wp\/v2\/pages\/7261\/revisions\/8642"}],"up":[{"embeddable":true,"href":"https:\/\/hermannschmidt.de\/fr\/wp-json\/wp\/v2\/pages\/1892"}],"wp:featuredmedia":[{"embeddable":true,"href":"https:\/\/hermannschmidt.de\/fr\/wp-json\/wp\/v2\/media\/7241"}],"wp:attachment":[{"href":"https:\/\/hermannschmidt.de\/fr\/wp-json\/wp\/v2\/media?parent=7261"}],"curies":[{"name":"wp","href":"https:\/\/api.w.org\/{rel}","templated":true}]}}