{"id":6123,"date":"2023-01-12T10:24:32","date_gmt":"2023-01-12T09:24:32","guid":{"rendered":"https:\/\/hermannschmidt.de\/contact\/"},"modified":"2026-02-19T15:40:20","modified_gmt":"2026-02-19T14:40:20","slug":"contact","status":"publish","type":"page","link":"https:\/\/hermannschmidt.de\/fr\/contact\/","title":{"rendered":"Contact"},"content":{"rendered":"\n<style type=\"text\/css\" data-created_by=\"avia_inline_auto\" id=\"style-css-av-giui-df88645f3a6e04b85665f57c3c5de784\">\n.flex_column.av-giui-df88645f3a6e04b85665f57c3c5de784{\nborder-radius:0px 0px 0px 0px;\npadding:0px 0px 0px 0px;\n}\n<\/style>\n<div  class='flex_column av-giui-df88645f3a6e04b85665f57c3c5de784 av_one_third  avia-builder-el-0  el_before_av_two_third  avia-builder-el-first  first flex_column_div av-zero-column-padding  '     ><section  class='av_textblock_section av-3rh0u-e4b2ab73324fb6b3be4e469288fa7d0e '   itemscope=\"itemscope\" itemtype=\"https:\/\/schema.org\/CreativeWork\" ><div class='avia_textblock'  itemprop=\"text\" ><h3><strong>Administration<\/strong><\/h3>\n<p><strong>Hermann Schmidt GmbH &amp; Co. KG<\/strong><br \/>\nPostfach 23 03 04<br \/>\n45071 Essen<\/p>\n<p>Zeunerstra\u00dfe 6<br \/>\n45133 Essen-Bredeney<\/p>\n<p><strong>T\u00e9l\u00e9phone :<\/strong> <a href=\"tel:+49201450010\">0201 45001-0<\/a><br \/>\nFax : 0201 45001-11<br \/>\n<strong>Mail :<\/strong> <a href=\"mailto:support@hermannschmidt.de\">support@hermannschmidt.de<\/a><\/p>\n<h3><strong>Vos contacts<\/strong><\/h3>\n<p><b>Questions techniques : <\/b><a title=\"Vous avez des questions techniques ?\" href=\"tel:+49201450012\" target=\"_blank\" rel=\"noopener\">0201 45001-12<\/a><\/p>\n<p><strong>Ventes : <\/strong><a title=\"Vous pouvez contacter notre service commercial ici.\" href=\"tel:+492014500175\">0201 45001 75<\/a> &amp; <a title=\"Vous pouvez contacter notre service commercial ici.\" href=\"tel:+492014500176\">0201 45001 76<\/a><\/p>\n<p><strong>Demandes de presse : <\/strong><a title=\"Nous attendons avec impatience vos demandes de presse !\" href=\"mailto:marketing@hermannschmidt.de\">marketing@hermannschmidt.de<\/a><\/p>\n<\/div><\/section><\/div>\n\n<style type=\"text\/css\" data-created_by=\"avia_inline_auto\" id=\"style-css-av-3c6si-83c549bd4626c95a4fc6cc29e6a67918\">\n.flex_column.av-3c6si-83c549bd4626c95a4fc6cc29e6a67918{\nborder-radius:0px 0px 0px 0px;\npadding:0px 0px 0px 0px;\n}\n<\/style>\n<div  class='flex_column av-3c6si-83c549bd4626c95a4fc6cc29e6a67918 av_two_third  avia-builder-el-2  el_after_av_one_third  el_before_av_section  avia-builder-el-last  flex_column_div av-zero-column-padding  '     ><p>\n<style type=\"text\/css\" data-created_by=\"avia_inline_auto\" id=\"style-css-av-kjk8nhlj-4044004edf3662eab59909984c63c296\">\n#top .av-special-heading.av-kjk8nhlj-4044004edf3662eab59909984c63c296{\npadding-bottom:10px;\n}\nbody .av-special-heading.av-kjk8nhlj-4044004edf3662eab59909984c63c296 .av-special-heading-tag .heading-char{\nfont-size:25px;\n}\n.av-special-heading.av-kjk8nhlj-4044004edf3662eab59909984c63c296 .av-subheading{\nfont-size:15px;\n}\n<\/style>\n<div  class='av-special-heading av-kjk8nhlj-4044004edf3662eab59909984c63c296 av-special-heading-h2 blockquote modern-quote  avia-builder-el-3  el_before_av_textblock  avia-builder-el-first '><h2 class='av-special-heading-tag '  itemprop=\"headline\"  >Vous avez des questions ? Demandez-nous !<\/h2><div class=\"special-heading-border\"><div class=\"special-heading-inner-border\"><\/div><\/div><\/div><br \/>\n<section  class='av_textblock_section av-kjk87lh0-84977aa28b3e21286796b656b13f709c '   itemscope=\"itemscope\" itemtype=\"https:\/\/schema.org\/CreativeWork\" ><div class='avia_textblock'  itemprop=\"text\" ><div class=\"wpforms-container wpforms-container-full\" id=\"wpforms-4011\"><form id=\"wpforms-form-4011\" class=\"wpforms-validate wpforms-form wpforms-ajax-form\" data-formid=\"4011\" method=\"post\" enctype=\"multipart\/form-data\" action=\"\/fr\/wp-json\/wp\/v2\/pages\/6123\" data-token=\"f4a38c495102f2147c3cc872cc1aa16a\" data-token-time=\"1776194751\"><noscript class=\"wpforms-error-noscript\">Veuillez activer JavaScript dans votre navigateur pour remplir ce formulaire.<\/noscript><div class=\"wpforms-field-container\"><div id=\"wpforms-4011-field_0-container\" class=\"wpforms-field wpforms-field-name wpforms-one-half wpforms-first\" data-field-id=\"0\"><label class=\"wpforms-field-label\" for=\"wpforms-4011-field_0\">Name <span class=\"wpforms-required-label\">*<\/span><\/label><input type=\"text\" id=\"wpforms-4011-field_0\" class=\"wpforms-field-large wpforms-field-required\" name=\"wpforms[fields][0]\" required><\/div>\t\t<div id=\"wpforms-4011-field_3-container\"\n\t\t\tclass=\"wpforms-field wpforms-field-text\"\n\t\t\tdata-field-type=\"text\"\n\t\t\tdata-field-id=\"3\"\n\t\t\t>\n\t\t\t<label class=\"wpforms-field-label\" for=\"wpforms-4011-field_3\" >E-Mail Name DSGVO-Einverst\u00e4ndnis<\/label>\n\t\t\t<input type=\"text\" id=\"wpforms-4011-field_3\" class=\"wpforms-field-medium\" name=\"wpforms[fields][3]\" >\n\t\t<\/div>\n\t\t<div id=\"wpforms-4011-field_1-container\" class=\"wpforms-field wpforms-field-email wpforms-one-half\" data-field-id=\"1\"><label class=\"wpforms-field-label\" for=\"wpforms-4011-field_1\">E-Mail <span class=\"wpforms-required-label\">*<\/span><\/label><input type=\"email\" id=\"wpforms-4011-field_1\" class=\"wpforms-field-large wpforms-field-required\" data-rule-restricted-email=\"1\" name=\"wpforms[fields][1]\" spellcheck=\"false\" required><\/div><div id=\"wpforms-4011-field_2-container\" class=\"wpforms-field wpforms-field-textarea\" data-field-id=\"2\"><label class=\"wpforms-field-label\" for=\"wpforms-4011-field_2\">Nachricht <span class=\"wpforms-required-label\">*<\/span><\/label><textarea id=\"wpforms-4011-field_2\" class=\"wpforms-field-medium wpforms-field-required\" name=\"wpforms[fields][2]\" required><\/textarea><\/div><div id=\"wpforms-4011-field_6-container\" class=\"wpforms-field wpforms-field-gdpr-checkbox\" data-field-id=\"6\"><label class=\"wpforms-field-label\">DSGVO-Einverst\u00e4ndnis <span class=\"wpforms-required-label\">*<\/span><\/label><ul id=\"wpforms-4011-field_6\" class=\"wpforms-field-required\"><li class=\"choice-1\"><input type=\"checkbox\" id=\"wpforms-4011-field_6_1\" name=\"wpforms[fields][6][]\" value=\"Ich akzeptiere die &lt;a href=&quot;\/datenschutzerklaerung\/&quot; target=&quot;_blank&quot; rel=&quot;nofollow noopener&quot; data-schema-attribute=&quot;&quot;&gt;Datenschutzerkl\u00e4rung&lt;\/a&gt;.\" required ><label class=\"wpforms-field-label-inline\" for=\"wpforms-4011-field_6_1\">Ich akzeptiere die <a href=\"\/datenschutzerklaerung\/\" target=\"_blank\" rel=\"nofollow noopener\" data-schema-attribute=\"\">Datenschutzerkl\u00e4rung<\/a>.<\/label><\/li><\/ul><\/div><script>\n\t\t\t\t( function() {\n\t\t\t\t\tconst style = document.createElement( 'style' );\n\t\t\t\t\tstyle.appendChild( document.createTextNode( '#wpforms-4011-field_3-container { position: absolute !important; overflow: hidden !important; display: inline !important; height: 1px !important; width: 1px !important; z-index: -1000 !important; padding: 0 !important; } #wpforms-4011-field_3-container input { visibility: hidden; } #wpforms-conversational-form-page #wpforms-4011-field_3-container label { counter-increment: none; }' ) );\n\t\t\t\t\tdocument.head.appendChild( style );\n\t\t\t\t\tdocument.currentScript?.remove();\n\t\t\t\t} )();\n\t\t\t<\/script><\/div><!-- .wpforms-field-container --><div class=\"wpforms-submit-container\" ><input type=\"hidden\" name=\"wpforms[id]\" value=\"4011\"><input type=\"hidden\" name=\"page_title\" value=\"\"><input type=\"hidden\" name=\"page_url\" value=\"https:\/\/hermannschmidt.de\/fr\/wp-json\/wp\/v2\/pages\/6123\"><input type=\"hidden\" name=\"url_referer\" value=\"\"><button type=\"submit\" name=\"wpforms[submit]\" id=\"wpforms-submit-4011\" class=\"wpforms-submit\" data-alt-text=\"Senden...\" data-submit-text=\"Absenden\" aria-live=\"assertive\" value=\"wpforms-submit\">Absenden<\/button><img decoding=\"async\" src=\"https:\/\/hermannschmidt.de\/wp-content\/plugins\/wpforms\/assets\/images\/submit-spin.svg\" class=\"wpforms-submit-spinner\" style=\"display: none;\" width=\"26\" height=\"26\" alt=\"Chargement en cours\"><\/div><\/form><\/div>  <!-- .wpforms-container -->\n<\/div><\/section><\/p><\/div>\n<\/div><\/div><\/div><!-- close content main div --><\/div><\/div><div id='av_section_1'  class='avia-section av-362f6-2fa9abe0df44f8f1b417e8a6c14f4f31 main_color avia-section-default avia-no-border-styling  avia-builder-el-5  el_after_av_two_third  el_before_av_one_full  avia-bg-style-scroll container_wrap sidebar_right'  ><div class='container av-section-cont-open' ><div class='template-page content  av-content-small alpha units'><div class='post-entry post-entry-type-page post-entry-6123'><div class='entry-content-wrapper clearfix'>\n\n<style type=\"text\/css\" data-created_by=\"avia_inline_auto\" id=\"style-css-av-2mg8y-c3d85ec8d4ac90fe25125e58e035b4e1\">\n#top .av-special-heading.av-2mg8y-c3d85ec8d4ac90fe25125e58e035b4e1{\npadding-bottom:10px;\n}\nbody .av-special-heading.av-2mg8y-c3d85ec8d4ac90fe25125e58e035b4e1 .av-special-heading-tag .heading-char{\nfont-size:25px;\n}\n.av-special-heading.av-2mg8y-c3d85ec8d4ac90fe25125e58e035b4e1 .av-subheading{\nfont-size:15px;\n}\n<\/style>\n<div  class='av-special-heading av-2mg8y-c3d85ec8d4ac90fe25125e58e035b4e1 av-special-heading-h2 blockquote modern-quote  avia-builder-el-6  el_before_av_hr  avia-builder-el-first '><h2 class='av-special-heading-tag '  itemprop=\"headline\"  >Nous sommes sur les r\u00e9seaux sociaux<\/h2><div class=\"special-heading-border\"><div class=\"special-heading-inner-border\"><\/div><\/div><\/div>\n\n<style type=\"text\/css\" data-created_by=\"avia_inline_auto\" id=\"style-css-av-leclxlj8-35fb861d148dcba38916f934fe3903c2\">\n#top .hr.hr-invisible.av-leclxlj8-35fb861d148dcba38916f934fe3903c2{\nheight:20px;\n}\n<\/style>\n<div  class='hr av-leclxlj8-35fb861d148dcba38916f934fe3903c2 hr-invisible  avia-builder-el-7  el_after_av_heading  el_before_av_two_fifth '><span class='hr-inner '><span class=\"hr-inner-style\"><\/span><\/span><\/div>\n\n<style type=\"text\/css\" data-created_by=\"avia_inline_auto\" id=\"style-css-av-1uzcy-08ee9916757a5cd1c38bf3b805c7c7be\">\n.flex_column.av-1uzcy-08ee9916757a5cd1c38bf3b805c7c7be{\nborder-radius:0px 0px 0px 0px;\npadding:0px 0px 0px 0px;\n}\n<\/style>\n<div  class='flex_column av-1uzcy-08ee9916757a5cd1c38bf3b805c7c7be av_two_fifth  avia-builder-el-8  el_after_av_hr  el_before_av_two_fifth  first flex_column_div av-zero-column-padding  '     ><article  class='iconbox iconbox_left av-leclnt8t-4b36f914e0af4a05c1854e27703cdc61  avia-builder-el-9  avia-builder-el-no-sibling '  itemscope=\"itemscope\" itemtype=\"https:\/\/schema.org\/CreativeWork\" ><div class=\"iconbox_content\"><header class=\"entry-content-header\" aria-label=\"Ic\u00f4ne : Facebook\"><a href=\"https:\/\/www.facebook.com\/Hermannschmidt.de\" title=\"Facebook\" aria-label=\"Facebook\" target=\"_blank\" rel=\"noopener noreferrer\" class=\"iconbox_icon heading-color avia-iconfont avia-font-entypo-fontello\" data-av_icon=\"\ue8f5\" data-av_iconfont=\"entypo-fontello\" desc=\"Facebook\"><\/a><h3 class='iconbox_content_title '  itemprop=\"headline\" ><a href=\"https:\/\/www.facebook.com\/Hermannschmidt.de\" title=\"Facebook\" target=\"_blank\" rel=\"noopener noreferrer\">Facebook<\/a><\/h3><\/header><div class='iconbox_content_container '  itemprop=\"text\" ><p>Nous nous r\u00e9jouissons de votre visite !<\/p>\n<\/div><\/div><footer class=\"entry-footer\"><\/footer><\/article><\/div>\n<style type=\"text\/css\" data-created_by=\"avia_inline_auto\" id=\"style-css-av-1laaa-0aa06fd9439c494321a1806b9c9661ca\">\n.flex_column.av-1laaa-0aa06fd9439c494321a1806b9c9661ca{\nborder-radius:0px 0px 0px 0px;\npadding:0px 0px 0px 0px;\n}\n<\/style>\n<div  class='flex_column av-1laaa-0aa06fd9439c494321a1806b9c9661ca av_two_fifth  avia-builder-el-10  el_after_av_two_fifth  avia-builder-el-last  flex_column_div av-zero-column-padding  '     ><article  class='iconbox iconbox_left av-rqs6-a3f39f9cc4bbc745195b25cc251a5117  avia-builder-el-11  avia-builder-el-no-sibling '  itemscope=\"itemscope\" itemtype=\"https:\/\/schema.org\/CreativeWork\" ><div class=\"iconbox_content\"><header class=\"entry-content-header\" aria-label=\"Ic\u00f4ne : Instagram\"><a href=\"https:\/\/www.instagram.com\/hermannschmidt.de\/\" title=\"Instagram\" aria-label=\"Instagram\" target=\"_blank\" rel=\"noopener noreferrer\" class=\"iconbox_icon heading-color avia-iconfont avia-font-entypo-fontello\" data-av_icon=\"\ue909\" data-av_iconfont=\"entypo-fontello\" desc=\"Instagram\"><\/a><h3 class='iconbox_content_title '  itemprop=\"headline\" ><a href=\"https:\/\/www.instagram.com\/hermannschmidt.de\/\" title=\"Instagram\" target=\"_blank\" rel=\"noopener noreferrer\">Instagram<\/a><\/h3><\/header><div class='iconbox_content_container '  itemprop=\"text\" ><p>Nous nous r\u00e9jouissons de votre visite !<\/p>\n<\/div><\/div><footer class=\"entry-footer\"><\/footer><\/article><\/div><\/div><\/div><\/div><!-- close content main div --><\/div><\/div><div id='after_section_1'  class='main_color av_default_container_wrap container_wrap sidebar_right'  ><div class='container av-section-cont-open' ><div class='template-page content  av-content-small alpha units'><div class='post-entry post-entry-type-page post-entry-6123'><div class='entry-content-wrapper clearfix'>\n<style type=\"text\/css\" data-created_by=\"avia_inline_auto\" id=\"style-css-av-6hlyy-e2161b41be68e54b92dcdfac806c282b\">\n.flex_column.av-6hlyy-e2161b41be68e54b92dcdfac806c282b{\nborder-radius:0px 0px 0px 0px;\npadding:0px 0px 0px 0px;\n}\n<\/style>\n<div  class='flex_column av-6hlyy-e2161b41be68e54b92dcdfac806c282b av_one_full  avia-builder-el-12  el_after_av_section  avia-builder-el-no-sibling  first flex_column_div av-zero-column-padding  '     ><section  class='av_textblock_section av-jmhn7van-4735d7fec1b41422716e0d161cd9438f '   itemscope=\"itemscope\" itemtype=\"https:\/\/schema.org\/CreativeWork\" ><div class='avia_textblock'  itemprop=\"text\" ><div class=\"brlbs-cmpnt-container brlbs-cmpnt-content-blocker brlbs-cmpnt-with-individual-styles\" data-borlabs-cookie-content-blocker-id=\"google-maps\" data-borlabs-cookie-content=\"PGlmcmFtZSBzdHlsZT0iYm9yZGVyOiAwOyIgc3JjPSJodHRwczovL3d3dy5nb29nbGUuY29tL21hcHMvZW1iZWQ\/cGI9ITFtMTghMW0xMiExbTMhMWQzNjM4LjE5NzUwOTcxNDMzNjMhMmQ2Ljk4ODg5NzM4MDI0NzQ5NiEzZDUxLjQxMTI2MzM1ODY4ODkhMm0zITFmMCEyZjAhM2YwITNtMiExaTEwMjQhMmk3NjghNGYxMy4xITNtMyExbTIhMXMweDQ3YjhjMzQ3NzBlNzRlOGIlM0EweDZiYWI0Zjc5NzcxZTMxYSEyc1pldW5lcnN0cmElQzMlOUZlKzYlMkMrNDUxMzMrRXNzZW4hNWUwITNtMiExc2RlITJzZGUhNHYxNTM3ODc1MjMyMjM2IiB3aWR0aD0iMTYwMCIgaGVpZ2h0PSI0MDAiIGZyYW1lYm9yZGVyPSIwIiBhbGxvd2Z1bGxzY3JlZW49ImFsbG93ZnVsbHNjcmVlbiI+PC9pZnJhbWU+\">\n<div class=\"brlbs-cmpnt-cb-preset-b brlbs-cmpnt-cb-google-maps\">\n<div class=\"brlbs-cmpnt-cb-thumbnail\" style=\"background-image: url('https:\/\/hermannschmidt.de\/wp-content\/uploads\/borlabs-cookie\/1\/brlbs-cb-google-maps-main.png')\"><\/div>\n<div class=\"brlbs-cmpnt-cb-main\">\n<div class=\"brlbs-cmpnt-cb-content\">\n<p class=\"brlbs-cmpnt-cb-description\">Vous \u00eates actuellement en train de consulter le contenu d&#8217;un espace r\u00e9serv\u00e9 de <strong>Google Maps<\/strong>. Pour acc\u00e9der au contenu r\u00e9el, cliquez sur le bouton ci-dessous. Veuillez noter que ce faisant, des donn\u00e9es seront partag\u00e9es avec des providers tiers.<\/p>\n<p> <a class=\"brlbs-cmpnt-cb-provider-toggle\" href=\"#\" data-borlabs-cookie-show-provider-information role=\"button\">Plus d&#8217;informations<\/a> <\/div>\n<div class=\"brlbs-cmpnt-cb-buttons\"> <a class=\"brlbs-cmpnt-cb-btn\" href=\"#\" data-borlabs-cookie-unblock role=\"button\">D\u00e9bloquer le contenu<\/a> <a class=\"brlbs-cmpnt-cb-btn\" href=\"#\" data-borlabs-cookie-accept-service role=\"button\" style=\"display: inherit\">Accepter le service requis et d\u00e9bloquer les contenus<\/a> <\/div>\n<\/p>\n<\/div>\n<\/div>\n<\/div>\n<\/div><\/section><\/div><\/p>\n","protected":false},"excerpt":{"rendered":"","protected":false},"author":4,"featured_media":0,"parent":0,"menu_order":0,"comment_status":"closed","ping_status":"closed","template":"","meta":{"footnotes":""},"class_list":["post-6123","page","type-page","status-publish","hentry"],"_links":{"self":[{"href":"https:\/\/hermannschmidt.de\/fr\/wp-json\/wp\/v2\/pages\/6123","targetHints":{"allow":["GET"]}}],"collection":[{"href":"https:\/\/hermannschmidt.de\/fr\/wp-json\/wp\/v2\/pages"}],"about":[{"href":"https:\/\/hermannschmidt.de\/fr\/wp-json\/wp\/v2\/types\/page"}],"author":[{"embeddable":true,"href":"https:\/\/hermannschmidt.de\/fr\/wp-json\/wp\/v2\/users\/4"}],"replies":[{"embeddable":true,"href":"https:\/\/hermannschmidt.de\/fr\/wp-json\/wp\/v2\/comments?post=6123"}],"version-history":[{"count":3,"href":"https:\/\/hermannschmidt.de\/fr\/wp-json\/wp\/v2\/pages\/6123\/revisions"}],"predecessor-version":[{"id":9028,"href":"https:\/\/hermannschmidt.de\/fr\/wp-json\/wp\/v2\/pages\/6123\/revisions\/9028"}],"wp:attachment":[{"href":"https:\/\/hermannschmidt.de\/fr\/wp-json\/wp\/v2\/media?parent=6123"}],"curies":[{"name":"wp","href":"https:\/\/api.w.org\/{rel}","templated":true}]}}