{"id":4404,"date":"2017-05-23T14:09:51","date_gmt":"2017-05-23T12:09:51","guid":{"rendered":"https:\/\/hermannschmidt.de\/impressum\/einkaufsbedingungen\/"},"modified":"2023-01-06T12:04:46","modified_gmt":"2023-01-06T11:04:46","slug":"einkaufsbedingungen","status":"publish","type":"page","link":"https:\/\/hermannschmidt.de\/fr\/impressum\/einkaufsbedingungen\/","title":{"rendered":"Einkaufsbedingungen"},"content":{"rendered":"\n<style type=\"text\/css\" data-created_by=\"avia_inline_auto\" id=\"style-css-av-1rvtq-00ca820f4e1164032ec5da06d4baa756\">\n#top .av-special-heading.av-1rvtq-00ca820f4e1164032ec5da06d4baa756{\npadding-bottom:10px;\n}\nbody .av-special-heading.av-1rvtq-00ca820f4e1164032ec5da06d4baa756 .av-special-heading-tag .heading-char{\nfont-size:25px;\n}\n.av-special-heading.av-1rvtq-00ca820f4e1164032ec5da06d4baa756 .av-subheading{\nfont-size:15px;\n}\n<\/style>\n<div  class='av-special-heading av-1rvtq-00ca820f4e1164032ec5da06d4baa756 av-special-heading-h1 blockquote modern-quote  avia-builder-el-0  el_before_av_textblock  avia-builder-el-first '><h1 class='av-special-heading-tag '  itemprop=\"headline\"  >Einkaufsbedingungen<\/h1><div class='av-subheading av-subheading_below'><p>Einkaufsbedinungen der Hermann Schmidt GmbH &amp; Co. KG<\/p>\n<\/div><div class=\"special-heading-border\"><div class=\"special-heading-inner-border\"><\/div><\/div><\/div>\n<section  class='av_textblock_section av-tzau-b273328f8d9959a7704ca6275b6e4d88 '   itemscope=\"itemscope\" itemtype=\"https:\/\/schema.org\/CreativeWork\" ><div class='avia_textblock'  itemprop=\"text\" ><p align=\"left\"><strong><span class=\"ds1\">I. Geltungsbereich:<\/span><\/strong><br \/>\nF\u00fcr alle Auftr\u00e4ge, die wir Unternehmern (\u00a7 14 BGB) erteilen, gelten ausschlie\u00dflich die nachfolgenden Einkaufsbedingungen. Abweichende, entgegenstehende oder erg\u00e4nzende allgemeine Gesch\u00e4ftsbedingungen des Auftragnehmers (Lieferanten), werden, selbst im Falle unserer Kenntnis, nicht Vertragsbestandteil, es sei denn, wir h\u00e4tten ihrer Geltung ausdr\u00fcckliche in Textform zugestimmt.<\/p>\n<p><strong><span class=\"ds1\">II. Angebot, Vertragsschluss, Vertrags\u00e4nderung und Lieferungsabruf:<\/span><\/strong><br \/>\n1. Angebote unsererseits auf Abschluss eines Kaufvertrages oder sonstiger Auftr\u00e4ge (= Bestellungen), Annahmen von Angeboten unserer Lieferanten durch uns sowie deren \u00c4nderung und Erg\u00e4nzungen bed\u00fcrfen der Textform.<br \/>\n2. An unsere Angebote auf Abschluss eines Vertrages sind wir zwei Wochen gebunden. Unsere Lieferanten k\u00f6nnen nur innerhalb dieser Zwei-Wochen-Frist unser Angebot durch Erkl\u00e4rung in Textform uns gegen\u00fcber annehmen.<br \/>\n3. M\u00fcndliche Vereinbarungen bed\u00fcrfen zu ihrer Wirksamkeit der Best\u00e4tigung in Textform durch uns.<br \/>\n4. Unsere Lieferanten haben sich bei ihren Angeboten bez\u00fcglich der Art, Menge und Beschaffenheit genau an unsere Anfragen\/Vorgaben zu halten. Im Falle von etwaigen Abweichungen haben sie ausdr\u00fccklich auf diese hinzuweisen. S\u00e4mtliche Angebote unserer Lieferanten haben kostenlos zu erfolgen. Kostenvoranschl\u00e4ge unserer Lieferanten sind verbindlich und ebenfalls kostenlos zu erstellen.<br \/>\n5. Lieferabrufe unsererseits im Rahmen eines bereits abgeschlossenen Vertrages werden verbindlich, wenn ihnen seitens unserer Lieferanten nicht binnen von zwei Werktagen seit Zugang widersprochen worden ist.<\/p>\n<p><strong><span class=\"ds1\">III. Lieferung\/ Abnahme:<\/span><\/strong><br \/>\n1. Die von uns in unserer Bestellung angegebene Lieferfrist bzw. die von uns angegebenen Lieferdaten sind f\u00fcr unsere Lieferanten verbindlich.<br \/>\n2. Sollten wir eine versp\u00e4tete Lieferung oder Leistung ohne einen Vorbehalt annehmen, so beinhaltet dies keinen Verzicht unsererseits auf etwaige Schadensersatzanspr\u00fcche wegen der versp\u00e4teten Lieferung\/Leistung.<br \/>\n3. Teillieferungen sind unzul\u00e4ssig, es sei denn, sie sind uns zumutbar.<br \/>\n4. In Bezug auf die gelieferten St\u00fcckzahlen, Ma\u00dfe und Gewichte sind die von unserer Wareneingangskontrolle ermittelten Werte ma\u00dfgebend. Dem Lieferanten bleibt ein anderweitiger Nachweis vorbehalten.<br \/>\n5. Im Falle von h\u00f6herer Gewalt, unverschuldeten Betriebsst\u00f6rungen, Unruhen, beh\u00f6rdlichen Ma\u00dfnahmen sowie sonstiger unabwendbarer Ereignisse sind wir f\u00fcr die Dauer ihres Vorliegens von der Pflicht zur rechtzeitigen Abnahme befreit.<\/p>\n<p><strong><span class=\"ds1\">IV. Versand\/ Gefahren\u00fcbergang\/ Erf\u00fcllungsort:<\/span><\/strong><br \/>\n1. F\u00fcr in Europa ans\u00e4ssige Lieferanten gilt:<br \/>\nDer Lieferant hat uns auf seine Kosten die Ware am Bestimmungsort unentladen zur Verf\u00fcgung zu stellen (DAP gem\u00e4\u00df Incoterms), &#8211; d. h. er tr\u00e4gt auch die Verpackungskosten. Der Lieferant tr\u00e4gt demgem\u00e4\u00df alle Gefahren, die im Zusammenhang mit der Bef\u00f6rderung zum Bestimmungsort stehen. Erf\u00fcllungsort ist hier also der Bestimmungsort, &#8211; d.h. der Ort, an den die Ware zu liefern ist.<\/p>\n<p>2. F\u00fcr nicht in Europa ans\u00e4ssige Lieferanten gilt:<br \/>\nDer Lieferant hat uns die Ware frei an Bord des Schiffes (FOB gem\u00e4\u00df Incoterms) zu liefern. Der Lieferant tr\u00e4g hier also die Verpackungskosten und die Transportkosten einschlie\u00dflich bis zur Beladung des Schiffs. Erf\u00fcllungsort ist hier folglich das zu beladende Schiff.<\/p>\n<p><strong><span class=\"ds1\">V. Preisstellung\/ Zahlungsbedingungen:<\/span><\/strong><br \/>\n1. Sofern nicht anders vereinbart, handelt es sich bei den Preisen des Lieferanten um Bruttopreise, &#8211; also inklusive Umsatzsteuer. In den Preisen des Lieferanten sind zudem die Verpackungs- und Transportkosten enthalten.<br \/>\n2. Unsere Zahlung erfolgt innerhalb von 14 Tagen nach Lieferung und Rechnungseingang abz\u00fcglich 3 % Skonto oder innerhalb von 30 Tagen nach Lieferung und Rechnungseingang ohne Abzug.<\/p>\n<p><strong><span class=\"ds1\">VI. Weitere Pflichten des Lieferanten:<\/span><\/strong><br \/>\n1. Die Ware ist von dem Lieferanten unter Beachtung aller auf sie zur Anwendung kommenden gesetzlichen Vorschriften zu kennzeichnen und zu verpacken. Der Lieferant hat uns zudem alle f\u00fcr die Zul\u00e4ssigkeit des Vertriebes erforderlichen Informationen zur Verf\u00fcgung zu stellen (z.B. Sicherheitsdatenblatt\/Informationen zur Produktsicherheit und Gefahrguthinweise). Bei Zweifeln, welche gesetzlichen Vorschriften zu beachten bzw. welche Informationen zur Verf\u00fcgung zu stellen sind, hat der Lieferant uns unverz\u00fcglich zu informieren und unseren Weisungen zu folgen. Im \u00dcbrigen sind die Ware und ihre Verpackung von dem Lieferanten wie von uns vorgegeben zu kennzeichnen und zu etikettieren.<br \/>\n2. Der Lieferant hat die Ware gestapelt auf Euro-Palletten anzuliefern.<br \/>\n3. Der Lieferant wird uns von anstehenden \u00c4nderungen seiner Herstellungsprozesse, der von ihm eingesetzten Materialien, von Zulieferteilen, von Verfahren und von Einrichtungen zur Pr\u00fcfung der Teile, von Qualit\u00e4tssicherungsma\u00dfnahmen sowie von Verlagerungen von Produktionsstandorten unverz\u00fcglich informieren. Dabei hat er uns s\u00e4mtliche Informationen zukommen zu lassen, welche wir ben\u00f6tigen, um \u00fcberpr\u00fcfen zu k\u00f6nnen, welche Auswirkungen die anstehenden \u00c4nderungen auf die Produkte und ihre Vermarktung haben.<br \/>\n4. Der Lieferant hat bei der Herstellung der von ihm zu liefernden Ware die geltenden technischen Vorschriften sowie die einschl\u00e4gigen DIN-Normen zu beachten. Ferner hat er die Qualit\u00e4t seiner Erzeugnisse st\u00e4ndig zu \u00fcberwachen. Ist ein Produkt erstmals von uns bestellt worden, darf die Serienfertigung erst beginnen, nachdem wir ein Muster gepr\u00fcft und mittels eines Erstmusterpr\u00fcfberichts freigegeben haben.<br \/>\n5. Der Lieferant ist verpflichtet, betreffend die von ihm gelieferte Ware die Lieferantenerkl\u00e4rung(en) und Langzeitlieferantenerkl\u00e4rung(en) abzugeben. Au\u00dferdem wird der Lieferant uns s\u00e4mtliche Ausk\u00fcnfte und Informationen f\u00fcr die Lieferantenselbstauskunft und f\u00fcr die von uns vorzunehmende Lieferantenbewertung zukommen lassen. Zudem hat der Lieferant auf den Lieferscheinen, seinen Rechnungen und der Langzeitlieferantenerkl\u00e4rung das Ursprungsland anzugeben. Er hat uns betreffend die von ihm gelieferte Ware Dokumente zur Verf\u00fcgung zu stellen, die sowohl dem Recht des Lieferortes als auch dem Recht des von uns mitgeteilten Bestimmungsortes entsprechen m\u00fcssen. Im Falle von Langzeitlieferantenerkl\u00e4rungen ist der Lieferant verpflichtet, uns von \u00c4nderungen der den von ihm gemachten Angaben zugrundeliegenden Tatsachen unverz\u00fcglich zu informieren.<br \/>\n6. Die Lieferungen m\u00fcssen insbesondere den Bestimmungen der Verordnung (EG) Nr. 1907\/2006 (= REACH) entsprechen. Der Lieferant hat daf\u00fcr Sorge zu tragen, dass s\u00e4mtliche Pflichten aus dieser Verordnung, auch und insbesondere die darin vorgesehenen Registrierungspflichten, erf\u00fcllt sind. In diesem Zusammenhang wird der Lieferant s\u00e4mtliche von der Verordnung (EG) Nr. 1907\/2006 geforderten Erkl\u00e4rungen oder von uns geforderten Erkl\u00e4rungen abgeben. Er wird uns dar\u00fcber hinaus \u00fcber \u00c4nderungen der seinen Angaben zugrundeliegenden Tatsachen unverz\u00fcglich informieren.<br \/>\n7. Kinderarbeit ist dem Lieferanten verboten. Dem Lieferanten ist es ebenfalls untersagt, sich seinerseits von (Vor)Lieferanten beliefern zu lassen, bei denen Kinderarbeit stattfindet. Kinder sind Personen unter 15 Jahren. Der Lieferant hat zudem s\u00e4mtliche jeweils geltenden gesetzliche Regelungen bez\u00fcglich der Arbeitsplatzsicherheit und den Umweltschutz zu beachten.<\/p>\n<p><strong><span class=\"ds1\">VII. M\u00e4ngelanspr\u00fcche:<\/span><\/strong><br \/>\n1. Gelieferte Ware nehmen wir stets nur unter Vorbehalt einer Untersuchung auf Mangelfreiheit einschlie\u00dflich Richtigkeit und Vollst\u00e4ndigkeit an. Eine derartige Untersuchung f\u00fchren wir innerhalb einer angemessenen Frist ab Ablieferung durch. Die R\u00fcge von offensichtlichen M\u00e4ngeln ist rechtzeitig, wenn sie innerhalb von 5 Arbeitstagen ab Ablieferung der Ware bei dem Lieferanten eingeht; die R\u00fcge verdeckter M\u00e4ngel ist rechtzeitig, wenn sie innerhalb von 5 Arbeitstagen ab deren Entdeckung durch uns bei dem Lieferanten eingeht.<br \/>\n2. Uns stehen die gesetzlichen Sachm\u00e4ngelanspr\u00fcche gegen\u00fcber dem Lieferanten zu. Dabei haben wir das Recht, die Art der Nacherf\u00fcllung zu w\u00e4hlen. Ist die von uns gew\u00e4hlte Art der Nacherf\u00fcllung f\u00fcr den Lieferanten mit unverh\u00e4ltnism\u00e4\u00dfig hohen Kosten verbunden, so darf er diese ablehnen und uns auf eine andere Art der Nacherf\u00fcllung verweisen. Im Falle von Gefahr in Verzug oder von hoher Eilbed\u00fcrftigkeit sind wir berechtigt, die M\u00e4ngel auf Kosten des Lieferanten selber zu beseitigen.<br \/>\n3. Im Falle von Rechtsm\u00e4ngeln hat der Lieferant uns von Anspr\u00fcchen Dritter freizustellen. Dies gilt nicht, sofern der Lieferant den Rechtsmangel nicht zu vertreten hat.<\/p>\n<p><strong><span class=\"ds1\">VIII. Produkthaftung:<\/span><\/strong><br \/>\n1. Der Lieferant hat uns von Produkthaftungsanspr\u00fcchen freizustellen, die ihren Grund in einem Fehler der von ihm gelieferten Ware haben. Sofern die Haftung ein Verschulden voraussetzt, besteht die Freistellungspflicht nur im Falle eines Verschuldens des Lieferanten. Bei Schadensursachen in seinem Verantwortungsbereich hat der Lieferant sein Nichtverschulden zu beweisen. Trifft den Lieferanten eine entsprechende Freistellungspflicht, hat er auch alle uns entstehenden Kosten und Aufwendungen, einschlie\u00dflich der Kosten einer etwaigen Rechtsverfolgung\/-Verteidigung und einer etwaigen R\u00fcckrufaktion zu tragen.<br \/>\n2. M\u00fcssen wir aufgrund eines Schadensfalles im Sinne des Abs. 1 eine R\u00fcckrufaktion durchf\u00fchren, so werden wir, soweit wir die M\u00f6glichkeit haben und uns dies zeitlich zumutbar ist, den Lieferanten hiervon unterrichten, ihn zur Stellungnahme auffordern und uns mit ihm \u00fcber eine m\u00f6glichst effiziente Durchf\u00fchrung der R\u00fcckrufaktion austauschen.<\/p>\n<p><strong><span class=\"ds1\">IX. Unterlagen\/ Geheimhaltung:<\/span><\/strong><br \/>\nUnterlagen gleich welcher Art, die wir dem Lieferanten zur Auftragsausf\u00fchrung haben zukommen lassen, bleiben unser alleiniges Eigentum. Derartige Unterlagen darf der Lieferant nur zur Ausf\u00fchrung unseres ihm erteilten Auftrags benutzen. Sofern der Inhalt der entsprechenden Unterlagen nicht \u00f6ffentlich bekannt ist, ist der Lieferant verpflichtet, sie Dritten gegen\u00fcber geheim zu halten. Er darf Unterlagen mit nicht \u00f6ffentlich bekannten Inhalten nur solchen Mitarbeitern zur Verf\u00fcgung stellen, die ihrerseits schriftlich zur Geheimhaltung verpflichtet worden sind und deren Einschaltung zur Erf\u00fcllung des von uns erteilten Auftrages notwendig ist. Nach erfolgter Ausf\u00fchrung des Auftrages sind s\u00e4mtliche von uns zur Auftragsausf\u00fchrung zur Verf\u00fcgung gestellten Unterlagen sowie etwa von ihm gefertigte Vervielf\u00e4ltigungsst\u00fccke unaufgefordert an uns herauszugeben. Etwaige elektronische Erfassungen von uns zur Verf\u00fcgung gestellter Unterlagen sind zu l\u00f6schen.<\/p>\n<p>Das uns zustehende geistige Eigentum bleibt vorbehalten.<\/p>\n<p><span class=\"ds1\"><strong>X. Registrierungen\/ beh\u00f6rdliche Zulassungen\/\u00a0Export und Zollvorschriften:<\/strong><br \/>\n<\/span>1. Sofern wir insoweit nicht selbst t\u00e4tig geworden sind oder t\u00e4tig werden, sorgt der Lieferant f\u00fcr die erforderlichen Registrierungen, beh\u00f6rdliche Dienstleistungen, Pr\u00fcfungen und Zulassungen der von ihm zu liefernden Waren in der EU und der Schweiz. Wir zeigen dem Lieferanten an, ob wir insoweit selbst t\u00e4tig geworden sind oder werden.<br \/>\n2. Der Lieferant hat uns im Falle eines Exports seiner G\u00fcter dar\u00fcber zu informieren, ob die bei ihm bestellte Ware nach den einschl\u00e4gigen deutschen, europ\u00e4ischen, US-Ausfuhr- und Zollbestimmungen sowie den Ausfuhr- und Zollbestimmungen des jeweiligen Ursprungslandes einer oder mehrerer Genehmigungspflichten unterliegt. Hierzu hat er in seinen Angeboten, Auftragsbest\u00e4tigungen und Rechnungen alle relevanten Au\u00dfenhandelsdaten anzugeben (zum Beispiel die Ausfuhrlistennummer gem\u00e4\u00df Anlage AL zur deutschen Au\u00dfenwirtschaftsverordnung oder vergleichbare Listenpositionen Anwendung findender Ausfuhrlisten, bei US-Waren die ECCN, den handelspolitischen Warenursprung seiner G\u00fcter und deren Bestandteile, einem etwaigen Transport der G\u00fcter durch die USA, eine etwaige Herstellung der G\u00fcter in den USA oder ihre Fertigung durch US-amerikanische Technologie sowie den HS-Code).<br \/>\n3. Der Lieferant hat uns ferner \u00fcber etwaige \u00c4nderungen der von ihm mitgeteilten Au\u00dfenhandelsdaten zu informieren.<\/p>\n<p><strong><span class=\"ds1\">XI. Anwendbares Recht\/ Gerichtsstand:<\/span><\/strong><br \/>\n1. Es gilt das Recht der Bundesrepublik Deutschland unter Ausschluss der Bestimmung des UN-\u00dcbereinkommens \u00fcber Vertr\u00e4ge \u00fcber den internationalen Warenkauf vom 11.04.1980 und vergleichbarer internationaler Regelungen. Bei Exportgesch\u00e4ften finden die internationalen Regelungen \u00fcber die Auslegung handels\u00fcblicher Vertragsformeln (Incoterms) Anwendung, sofern in diesen Einkaufbedingungen nicht abweichendes geregelt ist.<br \/>\n2. Ausschlie\u00dflicher Gerichtsstand f\u00fcr alle Streitigkeiten aus diesem Vertrag ist Essen. Wir sind jedoch auch berechtigt, den Lieferanten an seinem allgemeinen Gerichtsstand zu verklagen. Diese Gerichtsstandsvereinbarung gilt auch, wenn der Lieferant keinen Gerichtsstand in Deutschland hat oder Wohnsitz oder gew\u00f6hnlicher Aufenthaltsort nicht bekannt sind.<\/p>\n<p><strong>Stand:<\/strong> Januar 2023<\/p>\n<\/div><\/section>\n","protected":false},"excerpt":{"rendered":"","protected":false},"author":4,"featured_media":0,"parent":4389,"menu_order":0,"comment_status":"closed","ping_status":"closed","template":"","meta":{"footnotes":""},"class_list":["post-4404","page","type-page","status-publish","hentry"],"_links":{"self":[{"href":"https:\/\/hermannschmidt.de\/fr\/wp-json\/wp\/v2\/pages\/4404","targetHints":{"allow":["GET"]}}],"collection":[{"href":"https:\/\/hermannschmidt.de\/fr\/wp-json\/wp\/v2\/pages"}],"about":[{"href":"https:\/\/hermannschmidt.de\/fr\/wp-json\/wp\/v2\/types\/page"}],"author":[{"embeddable":true,"href":"https:\/\/hermannschmidt.de\/fr\/wp-json\/wp\/v2\/users\/4"}],"replies":[{"embeddable":true,"href":"https:\/\/hermannschmidt.de\/fr\/wp-json\/wp\/v2\/comments?post=4404"}],"version-history":[{"count":0,"href":"https:\/\/hermannschmidt.de\/fr\/wp-json\/wp\/v2\/pages\/4404\/revisions"}],"up":[{"embeddable":true,"href":"https:\/\/hermannschmidt.de\/fr\/wp-json\/wp\/v2\/pages\/4389"}],"wp:attachment":[{"href":"https:\/\/hermannschmidt.de\/fr\/wp-json\/wp\/v2\/media?parent=4404"}],"curies":[{"name":"wp","href":"https:\/\/api.w.org\/{rel}","templated":true}]}}