{"id":4389,"date":"2017-05-23T12:44:25","date_gmt":"2017-05-23T10:44:25","guid":{"rendered":"https:\/\/hermannschmidt.de\/impressum\/"},"modified":"2026-04-21T10:46:38","modified_gmt":"2026-04-21T08:46:38","slug":"impressum","status":"publish","type":"page","link":"https:\/\/hermannschmidt.de\/fr\/impressum\/","title":{"rendered":"Mentions l\u00e9gales"},"content":{"rendered":"<p><strong>Mentions l\u00e9gales<\/strong><\/p>\n<p>Responsable du contenu du site :<\/p>\n<p>Hermann Schmidt GmbH &amp; Co. KG<br \/>\nZeunerstra\u00dfe 6<br \/>\n45133 Essen-Bredeney<\/p>\n<p>T\u00e9l\u00e9phone 0201 45001-0<br \/>\nT\u00e9l\u00e9fax 0201 45001-11<br \/>\n<a href=\"mailto:support@hermannschmidt.de\">  support@hermannschmidt.de<\/a><\/p>\n<p>Directeur g\u00e9n\u00e9ral : Dirk Roose<\/p>\n<p>HRA 425, Tribunal d&#8217;Essen<br \/>\nNum\u00e9ro d&#8217;identification fiscale : 112\/5934\/0334<br \/>\nNum\u00e9ro de TVA : DE119880443<\/p>\n<p><strong>Mentions l\u00e9gales<\/strong><\/p>\n<p>Hermann Schmidt GmbH &amp; Co. KG s&#8217;efforce de publier sur son site Internet des informations et des donn\u00e9es exactes. Toute responsabilit\u00e9 ou garantie quant \u00e0 l&#8217;actualit\u00e9, l&#8217;exactitude et l&#8217;exhaustivit\u00e9 des informations et donn\u00e9es mises \u00e0 disposition est toutefois exclue. Ceci s&#8217;applique \u00e9galement \u00e0 tous les autres sites web cit\u00e9s directement ou indirectement et auxquels il est fait r\u00e9f\u00e9rence au moyen d&#8217;un lien. Hermann Schmidt GmbH &amp; Co. KG n&#8217;est pas responsable du contenu de ces sites Web accessibles par ces liens (jugement du tribunal de grande instance de Hambourg).   <\/p>\n<p>En outre, Hermann Schmidt GmbH &amp; Co. KG n&#8217;est pas responsable des dommages directs ou indirects, y compris le manque \u00e0 gagner, r\u00e9sultant de l&#8217;utilisation des informations ou des donn\u00e9es trouv\u00e9es sur ce site. Sont \u00e9galement exclus les droits et obligations entre Hermann Schmidt GmbH &amp; Co. KG et l&#8217;utilisateur de ce site web ou des tiers. <\/p>\n<p>Hermann Schmidt GmbH &amp; Co. KG se r\u00e9serve le droit de modifier ou de compl\u00e9ter les informations ou donn\u00e9es mises \u00e0 disposition \u00e0 tout moment et sans pr\u00e9avis.<\/p>\n<p>Le contenu de ce site Internet, en particulier tous les textes, images, graphiques, logos, images de webcam, fichiers audio, vid\u00e9o et d&#8217;animation ainsi que leurs arrangements, sont soumis au droit d&#8217;auteur<br \/>\net aux autres lois sur la protection de la propri\u00e9t\u00e9 intellectuelle. Sont exclues toutes les images et contributions mises \u00e0 disposition \u00e0 des fins de publication, dont la publication n\u00e9cessite la mention de Hermann Schmidt GmbH &amp; Co. KG en tant que source\/auteur et la mise \u00e0 disposition d&#8217;un exemplaire justificatif au secr\u00e9tariat. <\/p>\n<p>Toutes les marques et logos mentionn\u00e9s sur le site web de Hermann Schmidt GmbH &amp; Co. KG sont des marques prot\u00e9g\u00e9es par la loi.<\/p>\n","protected":false},"excerpt":{"rendered":"<p>Mentions l\u00e9gales Responsable du contenu du site : Hermann Schmidt GmbH &amp; Co. KG Zeunerstra\u00dfe 6 45133 Essen-Bredeney T\u00e9l\u00e9phone 0201 45001-0 T\u00e9l\u00e9fax 0201 45001-11 support@hermannschmidt.de Directeur g\u00e9n\u00e9ral : Dirk Roose HRA 425, Tribunal d&#8217;Essen Num\u00e9ro d&#8217;identification fiscale : 112\/5934\/0334 Num\u00e9ro de TVA : DE119880443 Mentions l\u00e9gales Hermann Schmidt GmbH &amp; Co. KG s&#8217;efforce de publier [&hellip;]<\/p>\n","protected":false},"author":4,"featured_media":0,"parent":0,"menu_order":0,"comment_status":"closed","ping_status":"closed","template":"","meta":{"footnotes":""},"class_list":["post-4389","page","type-page","status-publish","hentry"],"_links":{"self":[{"href":"https:\/\/hermannschmidt.de\/fr\/wp-json\/wp\/v2\/pages\/4389","targetHints":{"allow":["GET"]}}],"collection":[{"href":"https:\/\/hermannschmidt.de\/fr\/wp-json\/wp\/v2\/pages"}],"about":[{"href":"https:\/\/hermannschmidt.de\/fr\/wp-json\/wp\/v2\/types\/page"}],"author":[{"embeddable":true,"href":"https:\/\/hermannschmidt.de\/fr\/wp-json\/wp\/v2\/users\/4"}],"replies":[{"embeddable":true,"href":"https:\/\/hermannschmidt.de\/fr\/wp-json\/wp\/v2\/comments?post=4389"}],"version-history":[{"count":3,"href":"https:\/\/hermannschmidt.de\/fr\/wp-json\/wp\/v2\/pages\/4389\/revisions"}],"predecessor-version":[{"id":9333,"href":"https:\/\/hermannschmidt.de\/fr\/wp-json\/wp\/v2\/pages\/4389\/revisions\/9333"}],"wp:attachment":[{"href":"https:\/\/hermannschmidt.de\/fr\/wp-json\/wp\/v2\/media?parent=4389"}],"curies":[{"name":"wp","href":"https:\/\/api.w.org\/{rel}","templated":true}]}}