{"id":3816,"date":"2020-12-08T14:24:53","date_gmt":"2020-12-08T13:24:53","guid":{"rendered":"https:\/\/hermannschmidt.de\/robinetterie\/vanne-a-siege-incline\/"},"modified":"2020-12-08T14:24:53","modified_gmt":"2020-12-08T13:24:53","slug":"vanne-a-siege-incline","status":"publish","type":"page","link":"https:\/\/hermannschmidt.de\/fr\/robinetterie\/vanne-a-siege-incline\/","title":{"rendered":"Vanne \u00e0 si\u00e8ge inclin\u00e9"},"content":{"rendered":"\n<style type=\"text\/css\" data-created_by=\"avia_inline_auto\" id=\"style-css-av-eii27-93e84727e7607c8ee43f160196ce4bee\">\n#top .av-special-heading.av-eii27-93e84727e7607c8ee43f160196ce4bee{\npadding-bottom:10px;\n}\nbody .av-special-heading.av-eii27-93e84727e7607c8ee43f160196ce4bee .av-special-heading-tag .heading-char{\nfont-size:25px;\n}\n.av-special-heading.av-eii27-93e84727e7607c8ee43f160196ce4bee .av-subheading{\nfont-size:15px;\n}\n<\/style>\n<div  class='av-special-heading av-eii27-93e84727e7607c8ee43f160196ce4bee av-special-heading-h1 blockquote modern-quote  avia-builder-el-0  el_before_av_hr  avia-builder-el-first '><h1 class='av-special-heading-tag '  itemprop=\"headline\"  >Vanne \u00e0 si\u00e8ge inclin\u00e9<\/h1><div class=\"special-heading-border\"><div class=\"special-heading-inner-border\"><\/div><\/div><\/div>\n\n<style type=\"text\/css\" data-created_by=\"avia_inline_auto\" id=\"style-css-av-eeblj-96c42a5a24c15c0b0c5b2ad9165ce0db\">\n#top .hr.hr-invisible.av-eeblj-96c42a5a24c15c0b0c5b2ad9165ce0db{\nheight:20px;\n}\n<\/style>\n<div  class='hr av-eeblj-96c42a5a24c15c0b0c5b2ad9165ce0db hr-invisible  avia-builder-el-1  el_after_av_heading  el_before_av_textblock '><span class='hr-inner '><span class=\"hr-inner-style\"><\/span><\/span><\/div>\n<section  class='av_textblock_section av-bhwc7-7d1b64dbb438db6c209e8219ec2e9d98 '   itemscope=\"itemscope\" itemtype=\"https:\/\/schema.org\/CreativeWork\" ><div class='avia_textblock'  itemprop=\"text\" ><ul>\n<li><a href=\"https:\/\/hermannschmidt.de\/fr\/vanne-a-siege-incline-filtre\/\" data-schema-attribute=\"\">Vanne \u00e0 si\u00e8ge inclin\u00e9\u00a0\/ Filtre<\/a><\/li>\n<li><a href=\"https:\/\/hermannschmidt.de\/fr\/vanne-inclinee\/\" data-schema-attribute=\"\">Vanne inclinee<\/a><\/li>\n<li><a href=\"https:\/\/hermannschmidt.de\/fr\/vanne-inclinee-fkr\/\" data-schema-attribute=\"\">Vanne inclinee FKR<\/a><\/li>\n<\/ul>\n<\/div><\/section>\n<div  class='hr av-76z6f-cc877e1f0cf235096da25736c91067e9 hr-default  avia-builder-el-3  el_after_av_textblock  el_before_av_textblock '><span class='hr-inner '><span class=\"hr-inner-style\"><\/span><\/span><\/div>\n<section  class='av_textblock_section av-jxn8yrov-159f65e140013d6da08d0b9bd68ca40f '   itemscope=\"itemscope\" itemtype=\"https:\/\/schema.org\/CreativeWork\" ><div class='avia_textblock'  itemprop=\"text\" ><p><img decoding=\"async\" class=\"alignright size-full wp-image-3714\" src=\"https:\/\/hermannschmidt.de\/wp-content\/uploads\/2017\/08\/2056.jpg\" alt=\"\" width=\"150\" height=\"150\" srcset=\"https:\/\/hermannschmidt.de\/wp-content\/uploads\/2017\/08\/2056.jpg 150w, https:\/\/hermannschmidt.de\/wp-content\/uploads\/2017\/08\/2056-80x80.jpg 80w, https:\/\/hermannschmidt.de\/wp-content\/uploads\/2017\/08\/2056-36x36.jpg 36w, https:\/\/hermannschmidt.de\/wp-content\/uploads\/2017\/08\/2056-120x120.jpg 120w\" sizes=\"(max-width: 150px) 100vw, 150px\" \/><\/p>\n<h2>Raccords emboitables de haute Qualite et durables<\/h2>\n<p>Les vannes \u00e0 si\u00e8ge inclin\u00e9 sont des robinets sp\u00e9ciaux de haute qualit\u00e9 qui sont directement fix\u00e9s ou int\u00e9gr\u00e9s dans les conduites d&#8217;eau. Associ\u00e9s \u00e0 un r\u00e9ducteur de pression, ces raccords soutiennent l&#8217;alimentation en eau potable. Ils garantissent la pression d&#8217;alimentation optimale et assurent une faible consommation d&#8217;eau. De nombreux mod\u00e8les sont fournis avec un indicateur de pression de sortie suppl\u00e9mentaire. Dans ce qui suit, vous en apprendrez plus sur la conception, les propri\u00e9t\u00e9s et les domaines d&#8217;application des vannes \u00e0 si\u00e8ge inclin\u00e9 modernes.<\/p>\n<h2>Composition et Materiel<\/h2>\n<p>Les vannes \u00e0 si\u00e8ge inclin\u00e9 modernes permettent un pr\u00e9l\u00e8vement ou un acheminement d&#8217;eau qui part directement de la conduite d&#8217;eau. Ces taraudages impressionnent par leur haute qualit\u00e9 de mat\u00e9riaux et de fabrication. Ils sont robustes, durables, faciles \u00e0 entretenir et n\u00e9cessitent peu d&#8217;entretien. L&#8217;ensemble de la structure est \u00e9tanche et prot\u00e9g\u00e9 contre la corrosion. Selon le mod\u00e8le, les vannes sont con\u00e7us pour diff\u00e9rentes pressions de sortie allant de 2 bars \u00e0 une pression de service maximale de 16 bars.<\/p>\n<h2>La Zone D&#8217;utilisation des Vannes a Siege incline<\/h2>\n<p>Les vannes inclin\u00e9 modernes avec r\u00e9ducteurs de pression int\u00e9gr\u00e9s sont principalement utilis\u00e9s dans le domaine de l&#8217;approvisionnement en eau potable. Ils sont normalis\u00e9s selon DIN 1988 ou DIN EN 1567. Les raccords sp\u00e9ciaux r\u00e9duisent la pression d&#8217;alimentation trop \u00e9lev\u00e9e et r\u00e9duisent \u00e9galement la consommation d&#8217;eau. La pression de sortie est r\u00e9gl\u00e9e en usine sur quatre bars, mais peut \u00eatre de mani\u00e8re flexible entre 1,5 et six bars pendant le fonctionnement. Les vannes disponibles ici dans l&#8217;atelier peuvent facilement r\u00e9sister \u00e0 une pression de service maximale de 16 bars. La temp\u00e9rature de fonctionnement moyenne doit \u00eatre inf\u00e9rieure \u00e0 30 degr\u00e9s. Toutes les vannes \u00e0 si\u00e8ge inclin\u00e9 disponibles peuvent \u00eatre utilis\u00e9s avec diff\u00e9rents milieux d&#8217;exploitation. En plus de l&#8217;eau, de l&#8217;air comprim\u00e9 et des liquides ou produits chimiques neutres et antiadh\u00e9sifs peuvent \u00e9galement \u00eatre utilis\u00e9s. Le corps en laiton de haute qualit\u00e9 des raccords est ind\u00e9formable et prot\u00e9g\u00e9 contre la corrosion.<\/p>\n<h2>Les avantages des Vannes incline modernes<\/h2>\n<p>Les vannes inclin\u00e9 propos\u00e9es par <a href=\"https:\/\/hermannschmidt.de\/fr\/accueil\/\">Hermann Schmidt<\/a> offrent un maximum de confort et de s\u00e9curit\u00e9. Elles sont faciles \u00e0 assembler et \u00e0 utiliser. Les processus de fabrication \u00e9prouv\u00e9s ont \u00e9t\u00e9 test\u00e9s et certifi\u00e9s. Seuls des mat\u00e9riaux r\u00e9sistants \u00e0 la corrosion et durables sont utilis\u00e9s. Il existe des mod\u00e8les en stock avec des alliages inoffensifs qui sont conformes \u00e0 l&#8217;ordonnance sur l&#8217;eau potable et peuvent \u00e9galement \u00eatre utilis\u00e9s dans l&#8217;industrie alimentaire. De plus, les vannes inclin\u00e9 impressionnent par leur excellente pr\u00e9cision de contr\u00f4le. Les vannes sont disponibles dans diff\u00e9rentes conceptions et tailles, de sorte qu&#8217;une solution id\u00e9ale peut \u00eatre trouv\u00e9e pour chaque application. D\u00e9couvrez la vaste gamme de vannes \u00e0 si\u00e8ge inclin\u00e9 de notre marque. Faites confiance aux robinets\u00a0 modernes des principaux fabricants de marques pour l&#8217;approvisionnement en eau potable et la technologie des canalisations. Voici les avantages des vannes inclin\u00e9e en un coup d&#8217;\u0153il:<\/p>\n<ul>\n<li>mat\u00e9riaux de haute qualit\u00e9, dimensions stables et prot\u00e9g\u00e9s contre la corrosion.<\/li>\n<li>r\u00e9duction fiable de la pression<\/li>\n<li>excellente pr\u00e9cision de contr\u00f4le<\/li>\n<li>Pression de service jusqu&#8217;\u00e0 un maximum de 16 bar<\/li>\n<li>\n<p>divers domaines d&#8217;application dans l&#8217;approvisionnement en eau potable et la technologie des canalisations<\/p>\n<\/li>\n<\/ul>\n<\/div><\/section>\n","protected":false},"excerpt":{"rendered":"","protected":false},"author":4,"featured_media":0,"parent":1873,"menu_order":0,"comment_status":"closed","ping_status":"closed","template":"","meta":{"footnotes":""},"class_list":["post-3816","page","type-page","status-publish","hentry"],"_links":{"self":[{"href":"https:\/\/hermannschmidt.de\/fr\/wp-json\/wp\/v2\/pages\/3816","targetHints":{"allow":["GET"]}}],"collection":[{"href":"https:\/\/hermannschmidt.de\/fr\/wp-json\/wp\/v2\/pages"}],"about":[{"href":"https:\/\/hermannschmidt.de\/fr\/wp-json\/wp\/v2\/types\/page"}],"author":[{"embeddable":true,"href":"https:\/\/hermannschmidt.de\/fr\/wp-json\/wp\/v2\/users\/4"}],"replies":[{"embeddable":true,"href":"https:\/\/hermannschmidt.de\/fr\/wp-json\/wp\/v2\/comments?post=3816"}],"version-history":[{"count":0,"href":"https:\/\/hermannschmidt.de\/fr\/wp-json\/wp\/v2\/pages\/3816\/revisions"}],"up":[{"embeddable":true,"href":"https:\/\/hermannschmidt.de\/fr\/wp-json\/wp\/v2\/pages\/1873"}],"wp:attachment":[{"href":"https:\/\/hermannschmidt.de\/fr\/wp-json\/wp\/v2\/media?parent=3816"}],"curies":[{"name":"wp","href":"https:\/\/api.w.org\/{rel}","templated":true}]}}