{"id":3795,"date":"2020-12-08T12:00:58","date_gmt":"2020-12-08T11:00:58","guid":{"rendered":"https:\/\/hermannschmidt.de\/raccords\/brides\/"},"modified":"2020-12-08T12:00:59","modified_gmt":"2020-12-08T11:00:59","slug":"brides","status":"publish","type":"page","link":"https:\/\/hermannschmidt.de\/fr\/raccords\/brides\/","title":{"rendered":"Brides"},"content":{"rendered":"\n<style type=\"text\/css\" data-created_by=\"avia_inline_auto\" id=\"style-css-av-5jhy-d1c641f45e3f96cca6a1cc0090501324\">\n#top .av-special-heading.av-5jhy-d1c641f45e3f96cca6a1cc0090501324{\npadding-bottom:10px;\n}\nbody .av-special-heading.av-5jhy-d1c641f45e3f96cca6a1cc0090501324 .av-special-heading-tag .heading-char{\nfont-size:25px;\n}\n.av-special-heading.av-5jhy-d1c641f45e3f96cca6a1cc0090501324 .av-subheading{\nfont-size:15px;\n}\n<\/style>\n<div  class='av-special-heading av-5jhy-d1c641f45e3f96cca6a1cc0090501324 av-special-heading-h1 blockquote modern-quote  avia-builder-el-0  el_before_av_textblock  avia-builder-el-first '><h1 class='av-special-heading-tag '  itemprop=\"headline\"  >Brides<\/h1><div class=\"special-heading-border\"><div class=\"special-heading-inner-border\"><\/div><\/div><\/div>\n<section  class='av_textblock_section av-fbjd2-ddf6160300975e880861242862b6ad8f '   itemscope=\"itemscope\" itemtype=\"https:\/\/schema.org\/CreativeWork\" ><div class='avia_textblock'  itemprop=\"text\" ><p>Les brides HS sont fabriqu\u00e9es dans les mat\u00e9riaux S235 JR selon EN 1092-1. Ils sont disponibles dans les versions suivantes:<\/p>\n<ul>\n<li>Bride pleine type 05 en PN 6 et PN 16 (anciennement DIN 2527)<\/li>\n<li>Bride \u00e0 collerette \u00e0 souder type 11 en PN 6 et PN 16 (anciennement DIN 2631 + 2633)<\/li>\n<li>Bride taraud\u00e9e type 13 en PN 10\/16 galvanis\u00e9e + noire (anciennement DIN 2566)<\/li>\n<\/ul>\n<p>Un certificat 3.1 peut \u00eatre joint \u00e0 la livraison sur demande.<\/p>\n<\/div><\/section>\n<section  class='av_textblock_section av-a5pjq-f697f529161ca0efcf2f909f062c192c '   itemscope=\"itemscope\" itemtype=\"https:\/\/schema.org\/CreativeWork\" ><div class='avia_textblock'  itemprop=\"text\" ><table border=\"0\" width=\"100%\" cellspacing=\"0\" cellpadding=\"0\">\n<tbody>\n<tr valign=\"top\" bgcolor=\"white\">\n<td valign=\"top\" bgcolor=\"white\" width=\"150\" height=\"36\">\u00a0<\/td>\n<td valign=\"top\" nowrap=\"nowrap\" width=\"75\" height=\"36\"><strong>Art.-Nr.<\/strong><\/td>\n<td valign=\"top\" nowrap=\"nowrap\" height=\"36\"><strong>D\u00e9signation<\/strong><\/td>\n<td valign=\"top\" nowrap=\"nowrap\" height=\"36\">\n<div align=\"right\"><strong>DN NW\/Zoll\/mm<\/strong><\/div>\n<\/td>\n<td valign=\"top\" nowrap=\"nowrap\" height=\"36\">\n<p align=\"right\"><strong>Poids kg<\/strong><\/p>\n<\/td>\n<\/tr>\n<tr valign=\"top\" bgcolor=\"gray\">\n<td valign=\"top\" bgcolor=\"silver\" width=\"150\" height=\"28\">\u00a0<\/td>\n<td colspan=\"4\" valign=\"top\" nowrap=\"nowrap\" bgcolor=\"gray\" height=\"28\"><strong><span style=\"color: white;\">Bride \u00e0 collerette<\/span><\/strong><\/td>\n<\/tr>\n<tr valign=\"top\">\n<td valign=\"top\" bgcolor=\"white\" width=\"150\"><img decoding=\"async\" src=\"https:\/\/hermannschmidt.de\/wp-content\/uploads\/2017\/05\/flansche.jpg\" alt=\"\" width=\"150\" height=\"150\" border=\"0\" \/><\/td>\n<td valign=\"top\" width=\"75\"><strong>2631<\/strong><\/td>\n<td valign=\"top\">\n<p><b>Bride \u00e0 collerette DIN 2631<\/b><\/p>\n<p>PN 6<\/p>\n<p>S235 JR\/C22.8<\/p>\n<\/td>\n<td valign=\"top\" nowrap=\"nowrap\">\n<div align=\"right\">\n<table border=\"0\" cellspacing=\"2\" cellpadding=\"0\">\n<tbody>\n<tr>\n<td valign=\"top\">\n<div align=\"right\">15 20 25 32 40 50 100 125 150<\/div>\n<\/td>\n<td valign=\"top\">\n<div align=\"right\">1\/2&#8243; 3\/4&#8243; 1&#8243; 1 1\/4&#8243; 1 1\/2&#8243; 2&#8243; 4&#8243; 5&#8243; 6&#8243;<\/div>\n<\/td>\n<td valign=\"top\">\n<div align=\"right\">20,0 25,0 30,0 28,0 44,5 57,0 108,0 133,0 159,0<\/div>\n<\/td>\n<\/tr>\n<\/tbody>\n<\/table>\n<\/div>\n<\/td>\n<td valign=\"top\">\n<div align=\"right\">0,39 0,59 0,75 1,05 1,18 1,34 3,24 4,49 5,15<\/div>\n<\/td>\n<\/tr>\n<tr valign=\"top\" bgcolor=\"white\">\n<td valign=\"top\" bgcolor=\"white\" width=\"150\" height=\"5\">\u00a0<\/td>\n<td valign=\"top\" width=\"75\" height=\"5\">\u00a0<\/td>\n<td valign=\"top\" height=\"5\">\u00a0<\/td>\n<td valign=\"top\" nowrap=\"nowrap\" height=\"5\">\u00a0<\/td>\n<td valign=\"top\" height=\"5\">\u00a0<\/td>\n<\/tr>\n<tr valign=\"top\">\n<td valign=\"top\" bgcolor=\"white\" width=\"150\">\u00a0<\/td>\n<td valign=\"top\" width=\"75\">Auparavant 2631 ISO<\/td>\n<td valign=\"top\">\n<p><strong>Bride \u00e0 collerette<\/strong><\/p>\n<p>DIN 2631\/ EN\u00a01092-1<\/p>\n<p>Type 11<\/p>\n<p>PN 6<\/p>\n<\/td>\n<td valign=\"top\" nowrap=\"nowrap\">\n<div align=\"right\">\n<table border=\"0\" cellspacing=\"2\" cellpadding=\"0\">\n<tbody>\n<tr>\n<td valign=\"top\">\n<div align=\"right\">15 20 25 32 40 50 65 80 100 125 150 200<\/div>\n<\/td>\n<td valign=\"top\">\n<div align=\"right\">1\/2&#8243; 3\/4&#8243; 1&#8243; 1 1\/4&#8243; 1 1\/2&#8243; 2&#8243; 2 1\/2&#8243; 3&#8243; 4&#8243; 5&#8243; 6&#8243; 8&#8243;<\/div>\n<\/td>\n<td valign=\"top\">\n<div align=\"right\">21,3 26,9 33,7 42,4 48,3 60,3 76,1 88,9 114,3 139,7 168,3 219,1<\/div>\n<\/td>\n<\/tr>\n<\/tbody>\n<\/table>\n<\/div>\n<\/td>\n<td valign=\"top\">\n<p align=\"right\">0,50 0,50 1,00 1,00 1,50 1,50 2,00 3,00 3,50 4,50 5,50 8,00<\/p>\n<\/td>\n<\/tr>\n<tr valign=\"top\" bgcolor=\"white\">\n<td valign=\"top\" bgcolor=\"white\" width=\"150\" height=\"5\">\u00a0<\/td>\n<td valign=\"top\" width=\"75\" height=\"5\">\u00a0<\/td>\n<td valign=\"top\" height=\"5\">\u00a0<\/td>\n<td valign=\"top\" nowrap=\"nowrap\" height=\"5\">\u00a0<\/td>\n<td valign=\"top\" height=\"5\">\u00a0<\/td>\n<\/tr>\n<tr valign=\"top\">\n<td valign=\"top\" bgcolor=\"white\" width=\"150\">\u00a0<\/td>\n<td valign=\"top\" width=\"75\">Auparavant 2632 ISO<\/td>\n<td valign=\"top\">\n<p><strong>Bride \u00e0 collerette<\/strong><\/p>\n<p>DIN 2631\/ EN\u00a01092-1<\/p>\n<p>Type 11<\/p>\n<p>PN 10<\/p>\n<p>S235 JR\/C22.8\/P250GH<\/p>\n<\/td>\n<td valign=\"top\" nowrap=\"nowrap\">\n<div align=\"right\">\n<table border=\"0\" cellspacing=\"2\" cellpadding=\"0\">\n<tbody>\n<tr>\n<td valign=\"top\">\n<div align=\"right\">80 200 250<\/div>\n<\/td>\n<td valign=\"top\">\n<div align=\"right\">3&#8243; 8&#8243; 10&#8243; <span style=\"color: #e6e6e6;\">2 1\/2&#8243;<\/span><\/div>\n<\/td>\n<td valign=\"top\">\n<div align=\"right\">88,9 219,1 273,0<\/div>\n<\/td>\n<\/tr>\n<\/tbody>\n<\/table>\n<\/div>\n<\/td>\n<td valign=\"top\">\n<p align=\"right\">4,00 11,50 15,50<\/p>\n<\/td>\n<\/tr>\n<tr valign=\"top\" bgcolor=\"white\">\n<td valign=\"top\" bgcolor=\"white\" width=\"150\" height=\"5\">\u00a0<\/td>\n<td valign=\"top\" width=\"75\" height=\"5\">\u00a0<\/td>\n<td valign=\"top\" height=\"5\">\u00a0<\/td>\n<td valign=\"top\" nowrap=\"nowrap\" bgcolor=\"white\" height=\"5\">\u00a0<\/td>\n<td valign=\"top\" bgcolor=\"white\" height=\"5\">\u00a0<\/td>\n<\/tr>\n<tr valign=\"top\">\n<td valign=\"top\" bgcolor=\"white\" width=\"150\">\u00a0<\/td>\n<td valign=\"top\" width=\"75\"><strong>2633<\/strong><\/td>\n<td valign=\"top\">\n<p><strong>Bride \u00e0 collerette DIN 2633<\/strong><\/p>\n<p>S235 JR<\/p>\n<p>PN 16<\/p>\n<\/td>\n<td valign=\"top\" nowrap=\"nowrap\">\n<div align=\"right\">\n<table border=\"0\" cellspacing=\"2\" cellpadding=\"0\">\n<tbody>\n<tr>\n<td valign=\"top\">\n<div align=\"right\">15 20 25 32 40 50 100 125 150<\/div>\n<\/td>\n<td valign=\"top\" width=\"35%\">\n<div align=\"right\">1\/2&#8243; 3\/4&#8243; 1&#8243; 1 1\/4&#8243; 1 1\/2&#8243; 2&#8243; 4&#8243; 5&#8243; 6&#8243;<\/div>\n<\/td>\n<td valign=\"top\" width=\"35%\">\n<div align=\"right\">20,0 25,0 30,0 38,0 44,5 57,0 108,0 133,0 159,0<\/div>\n<\/td>\n<\/tr>\n<\/tbody>\n<\/table>\n<\/div>\n<\/td>\n<td valign=\"top\">\n<p align=\"right\">0,65 0,95 1,14 1,69 1,86 2,53 4,62 6,30 7,75<\/p>\n<\/td>\n<\/tr>\n<tr valign=\"top\" bgcolor=\"white\">\n<td valign=\"top\" bgcolor=\"white\" width=\"150\" height=\"5\">\u00a0<\/td>\n<td valign=\"top\" width=\"75\" height=\"5\">\u00a0<\/td>\n<td valign=\"top\" height=\"5\">\u00a0<\/td>\n<td valign=\"top\" nowrap=\"nowrap\" bgcolor=\"white\" height=\"5\">\u00a0<\/td>\n<td valign=\"top\" bgcolor=\"white\" height=\"5\">\u00a0<\/td>\n<\/tr>\n<tr valign=\"top\">\n<td valign=\"top\" bgcolor=\"white\" width=\"150\">\u00a0<\/td>\n<td valign=\"top\" width=\"75\">Auparavant 2633 ISO<\/td>\n<td valign=\"top\">\n<p><b>Bride \u00e0 collerette<\/b><\/p>\n<p>DIN 2633\/ EN\u00a01092-1<\/p>\n<p>Type 11<\/p>\n<p>PN 16<\/p>\n<p>C22.8\/P250GH<\/p>\n<\/td>\n<td valign=\"top\" nowrap=\"nowrap\">\n<div align=\"right\">\n<table border=\"0\" cellspacing=\"2\" cellpadding=\"0\">\n<tbody>\n<tr>\n<td valign=\"top\">\n<div align=\"right\">15 20 25 32 40 50 65 80 100 125 150 200 250 300<\/div>\n<\/td>\n<td valign=\"top\" width=\"35%\">\n<div align=\"right\">1\/2&#8243; 3\/4&#8243; 1&#8243; 1 1\/4&#8243; 1 1\/2&#8243; 2&#8243; 2 1\/2&#8243; 3&#8243; 4&#8243; 5&#8243; 6&#8243; 8&#8243; 10&#8243; 12&#8243;<\/div>\n<\/td>\n<td valign=\"top\" width=\"35%\">\n<div align=\"right\">21,3 26,9 33,7 42,4 48,3 60,3 76,1 88,9 114,3 139,7 168,3 219,1 273,0 323,9<\/div>\n<\/td>\n<\/tr>\n<\/tbody>\n<\/table>\n<\/div>\n<\/td>\n<td valign=\"top\">\n<p align=\"right\">1,00 1,00 1,00 2,00 2,00 2,80 3,50 4,00 4,50 6,50 7,50 11,0 16,5 22,00<\/p>\n<\/td>\n<\/tr>\n<tr valign=\"top\" bgcolor=\"gray\">\n<td valign=\"top\" bgcolor=\"silver\" width=\"150\" height=\"36\">\u00a0<\/td>\n<td colspan=\"4\" valign=\"top\" nowrap=\"nowrap\" height=\"36\"><span style=\"color: white;\"><strong>Bride taraud\u00e9e<\/strong><\/span><\/td>\n<\/tr>\n<tr valign=\"top\">\n<td valign=\"top\" bgcolor=\"white\" width=\"150\">\u00a0<\/td>\n<td valign=\"top\" width=\"75\">Auparavant 2566 ISO<\/td>\n<td valign=\"top\">\n<p><strong>Bride taraud\u00e9e<\/strong><\/p>\n<p>EN 1092-1<\/p>\n<p>S235 JR<\/p>\n<p>Type 13<\/p>\n<p>PN 10\/16<\/p>\n<p>noire<\/p>\n<\/td>\n<td valign=\"top\" nowrap=\"nowrap\">\n<div align=\"right\">\n<table border=\"0\" cellspacing=\"2\" cellpadding=\"0\">\n<tbody>\n<tr>\n<td valign=\"top\">\n<div align=\"right\">15 20 25 32 40 50 65 80 100<\/div>\n<\/td>\n<td valign=\"top\" width=\"35%\">\n<div align=\"right\">1\/2&#8243; 3\/4&#8243; 1&#8243; 1 1\/4&#8243; 1 1\/2&#8243; 2&#8243; 2 1\/2&#8243; 3&#8243; 4&#8243;<\/div>\n<\/td>\n<td valign=\"top\" width=\"35%\">\n<div align=\"right\">21,3 26,9 33,7 42,4 48,3 60,3 76,1 88,9 114,3<\/div>\n<\/td>\n<\/tr>\n<\/tbody>\n<\/table>\n<\/div>\n<\/td>\n<td valign=\"top\">\n<p align=\"right\">0,50 1,00 1,00 2,00 2,00 2,40 3,00 4,00 4,50<\/p>\n<\/td>\n<\/tr>\n<tr valign=\"top\" bgcolor=\"white\">\n<td valign=\"top\" bgcolor=\"white\" width=\"150\" height=\"5\">\u00a0<\/td>\n<td valign=\"top\" width=\"75\" height=\"5\">\u00a0<\/td>\n<td valign=\"top\" height=\"5\">\u00a0<\/td>\n<td valign=\"top\" nowrap=\"nowrap\" height=\"5\">\u00a0<\/td>\n<td valign=\"top\" height=\"5\">\u00a0<\/td>\n<\/tr>\n<tr valign=\"top\">\n<td valign=\"top\" bgcolor=\"white\" width=\"150\">\u00a0<\/td>\n<td valign=\"top\" width=\"75\">Auparavant 2566 ISO<\/td>\n<td valign=\"top\">\n<p><strong>Bride taraud\u00e9e<\/strong><\/p>\n<p>EN 1092-1<\/p>\n<p>S235 JR<\/p>\n<p>Type 13<\/p>\n<p>PN 10\/16<\/p>\n<p>galvanis\u00e9e<\/p>\n<\/td>\n<td valign=\"top\" nowrap=\"nowrap\">\n<div align=\"right\">\n<table border=\"0\" cellspacing=\"2\" cellpadding=\"0\">\n<tbody>\n<tr>\n<td valign=\"top\">\n<div align=\"right\">15 20 25 32 40 50 65 80 100<\/div>\n<\/td>\n<td valign=\"top\" width=\"35%\">\n<div align=\"right\">1\/2&#8243; 3\/4&#8243; 1&#8243; 1 1\/4&#8243; 1 1\/2&#8243; 2&#8243; 2 1\/2&#8243; 3&#8243; 4&#8243;<\/div>\n<\/td>\n<td valign=\"top\" width=\"35%\">\n<div align=\"right\">21,3 26,9 33,7 42,4 48,3 60,3 76,1 88,9 114,3<\/div>\n<\/td>\n<\/tr>\n<\/tbody>\n<\/table>\n<\/div>\n<\/td>\n<td valign=\"top\">\n<p align=\"right\">0,50 1,00 1,00 2,00 2,00 2,40 3,00 4,00 4,50<\/p>\n<\/td>\n<\/tr>\n<tr valign=\"top\" bgcolor=\"gray\">\n<td valign=\"top\" bgcolor=\"silver\" width=\"150\" height=\"36\">\u00a0<\/td>\n<td colspan=\"4\" valign=\"top\" nowrap=\"nowrap\" height=\"36\"><span style=\"color: white;\"><strong>Bride pleine<\/strong><\/span><\/td>\n<\/tr>\n<tr valign=\"top\">\n<td valign=\"top\" bgcolor=\"white\" width=\"150\">\u00a0<\/td>\n<td valign=\"top\" width=\"75\"><strong>2527<\/strong><\/td>\n<td valign=\"top\">\n<p><strong>Bride pleine<\/strong><\/p>\n<p>DIN 2527\/ EN 1092-1<\/p>\n<p>Type 05<\/p>\n<p>PN 16<\/p>\n<p>C22.8\/P250GH<\/p>\n<\/td>\n<td valign=\"top\" nowrap=\"nowrap\">\n<p align=\"right\">15 20 25 32 40 50 65 80 100 125 150 200<\/p>\n<\/td>\n<td valign=\"top\">\u00a0<\/td>\n<\/tr>\n<\/tbody>\n<\/table>\n<\/div><\/section>\n<div  class='hr av-98g0m-f06c9558e7dda56c210a167df7bdf32e hr-default  avia-builder-el-3  el_after_av_textblock  el_before_av_textblock '><span class='hr-inner '><span class=\"hr-inner-style\"><\/span><\/span><\/div>\n<section  class='av_textblock_section av-jxki9ow5-a4b89fdd28a4caf0ba0e3296948c9290 '   itemscope=\"itemscope\" itemtype=\"https:\/\/schema.org\/CreativeWork\" ><div class='avia_textblock'  itemprop=\"text\" ><h2>Brides pour un montage simple et flexible<\/h2>\n<p>Des brides de haute qualit\u00e9 et fiables sont n\u00e9cessaires pour toutes sortes d&#8217;installations. Ici, sur notre site, vous trouverez une large gamme de mod\u00e8les des principaux fabricants de marques. Pour sceller, fermer et raccorder des tuyaux, des bo\u00eetiers ou des pi\u00e8ces de machine, des bouteilles de la bonne conception et de la bonne taille sont disponibles. Vous trouverez \u00e9galement les vis et \u00e9crous correspondants. Toutes les brides impressionnent par leur haute qualit\u00e9 de mat\u00e9riau et de fabrication. Ils sont r\u00e9sistants \u00e0 l&#8217;usure, r\u00e9silients, r\u00e9sistants \u00e0 la corrosion, durables et n\u00e9cessitent peu d&#8217;entretien. Les pi\u00e8ces en compos\u00e9s de carbone sans corrosion peuvent facilement \u00eatre remplac\u00e9es en tant qu&#8217;\u00e9l\u00e9ments de connexion sans \u00eatre d\u00e9truites. Les mod\u00e8les de bride non seulement positionnent et fixent les composants et les lignes, mais transf\u00e8rent \u00e9galement les forces de fonctionnement. Presque tout le monde conna\u00eet les composants des conduites d&#8217;eau et des tuyaux de chauffage de leur propre m\u00e9nage. Dans ce qui suit, vous en apprendrez plus sur les propri\u00e9t\u00e9s et les domaines d&#8217;application des brides modernes.<\/p>\n<h3>Brides comme vari\u00e9t\u00e9 D&#8217;\u00c9l\u00e9ments de connexion<\/h3>\n<p>En plus du domaine d&#8217;application classique de la technique d&#8217;installation et de ligne, les brides jouent \u00e9galement un r\u00f4le important dans la construction m\u00e9canique. L\u00e0, ils relient les pi\u00e8ces d&#8217;engrenage et les roulements. Les brides sont souvent utilis\u00e9es comme chapeaux de palier pour fixer les paliers dans les logements associ\u00e9s ou sur les arbres. De plus, les brides sont un \u00e9l\u00e9ment de liaison indispensable pour les tuyaux. Avec eux, les sections de tuyaux et les conduits d&#8217;air peuvent \u00eatre \u00e9troitement connect\u00e9s, de sorte que le passage en toute s\u00e9curit\u00e9 des liquides ou des gaz est garanti. Les brides restent d\u00e9tachables \u00e0 tout moment. Les mod\u00e8les \u00e0 bride sont fix\u00e9s avec des vis et des \u00e9crous, qui peuvent \u00eatre ins\u00e9r\u00e9s dans des trous pr\u00e9-perc\u00e9s dans les lames de bride. La taille et le nombre de trous diff\u00e8rent selon le mod\u00e8le et l&#8217;application. Le raccordement viss\u00e9 g\u00e9n\u00e8re \u00e9galement la pression de contact n\u00e9cessaire, ce qui est important pour l&#8217;\u00e9tanch\u00e9it\u00e9 du raccordement. Les brides modernes pour installations et canalisations sont normalis\u00e9es selon les normes EN 1092-1, EN 1092-2, EN 1092-3 et EN 1092-4. Ils sont fabriqu\u00e9s \u00e0 partir des mat\u00e9riaux suivants:<\/p>\n<ul>\n<li>Acier<\/li>\n<li>Fonte<\/li>\n<li>Alliage de cuivre<\/li>\n<li>Aluminium<\/li>\n<\/ul>\n<h3>Brides pour les travaux D&#8217;installation<\/h3>\n<p>Notre soci\u00e9t\u00e9 propose une gamme compl\u00e8te de brides diff\u00e9rentes pour tous les domaines d&#8217;application. Les brides en acier inoxydable sont conformes aux normes internationales en termes de mat\u00e9riau, de forme et de taille. Vous pouvez utiliser des brides \u00e0 collerette, des brides taraud\u00e9es et des brides pleines. Tous les mod\u00e8les sont disponibles en diff\u00e9rentes dimensions et \u00e9paisseurs de mat\u00e9riaux. Fixez des brides modernes et de haute qualit\u00e9 pour les travaux d&#8217;installation \u00e0 des prix abordables.<\/p>\n<\/div><\/section>\n","protected":false},"excerpt":{"rendered":"","protected":false},"author":4,"featured_media":0,"parent":1817,"menu_order":0,"comment_status":"closed","ping_status":"closed","template":"","meta":{"footnotes":""},"class_list":["post-3795","page","type-page","status-publish","hentry"],"_links":{"self":[{"href":"https:\/\/hermannschmidt.de\/fr\/wp-json\/wp\/v2\/pages\/3795","targetHints":{"allow":["GET"]}}],"collection":[{"href":"https:\/\/hermannschmidt.de\/fr\/wp-json\/wp\/v2\/pages"}],"about":[{"href":"https:\/\/hermannschmidt.de\/fr\/wp-json\/wp\/v2\/types\/page"}],"author":[{"embeddable":true,"href":"https:\/\/hermannschmidt.de\/fr\/wp-json\/wp\/v2\/users\/4"}],"replies":[{"embeddable":true,"href":"https:\/\/hermannschmidt.de\/fr\/wp-json\/wp\/v2\/comments?post=3795"}],"version-history":[{"count":0,"href":"https:\/\/hermannschmidt.de\/fr\/wp-json\/wp\/v2\/pages\/3795\/revisions"}],"up":[{"embeddable":true,"href":"https:\/\/hermannschmidt.de\/fr\/wp-json\/wp\/v2\/pages\/1817"}],"wp:attachment":[{"href":"https:\/\/hermannschmidt.de\/fr\/wp-json\/wp\/v2\/media?parent=3795"}],"curies":[{"name":"wp","href":"https:\/\/api.w.org\/{rel}","templated":true}]}}