{"id":3731,"date":"2020-12-08T11:20:59","date_gmt":"2020-12-08T10:20:59","guid":{"rendered":"https:\/\/hermannschmidt.de\/robinetterie\/regard\/"},"modified":"2020-12-08T11:21:00","modified_gmt":"2020-12-08T10:21:00","slug":"regard","status":"publish","type":"page","link":"https:\/\/hermannschmidt.de\/fr\/robinetterie\/regard\/","title":{"rendered":"Regard"},"content":{"rendered":"\n<style type=\"text\/css\" data-created_by=\"avia_inline_auto\" id=\"style-css-av-jusw3-1123991c5d001dc2ac9241f8aeafb8b9\">\n#top .av-special-heading.av-jusw3-1123991c5d001dc2ac9241f8aeafb8b9{\npadding-bottom:10px;\n}\nbody .av-special-heading.av-jusw3-1123991c5d001dc2ac9241f8aeafb8b9 .av-special-heading-tag .heading-char{\nfont-size:25px;\n}\n.av-special-heading.av-jusw3-1123991c5d001dc2ac9241f8aeafb8b9 .av-subheading{\nfont-size:15px;\n}\n<\/style>\n<div  class='av-special-heading av-jusw3-1123991c5d001dc2ac9241f8aeafb8b9 av-special-heading-h1 blockquote modern-quote  avia-builder-el-0  el_before_av_hr  avia-builder-el-first '><h1 class='av-special-heading-tag '  itemprop=\"headline\"  >Regard<\/h1><div class=\"special-heading-border\"><div class=\"special-heading-inner-border\"><\/div><\/div><\/div>\n\n<style type=\"text\/css\" data-created_by=\"avia_inline_auto\" id=\"style-css-av-h6qk3-94c705d2bc9ef1ab76f5d5b37b87a62e\">\n#top .hr.hr-invisible.av-h6qk3-94c705d2bc9ef1ab76f5d5b37b87a62e{\nheight:30px;\n}\n<\/style>\n<div  class='hr av-h6qk3-94c705d2bc9ef1ab76f5d5b37b87a62e hr-invisible  avia-builder-el-1  el_after_av_heading  el_before_av_textblock '><span class='hr-inner '><span class=\"hr-inner-style\"><\/span><\/span><\/div>\n<section  class='av_textblock_section av-77eln-ce883d213b5726543de20c251296b1be '   itemscope=\"itemscope\" itemtype=\"https:\/\/schema.org\/CreativeWork\" ><div class='avia_textblock'  itemprop=\"text\" ><table border=\"0\" width=\"100%\" cellspacing=\"0\" cellpadding=\"0\">\n<tbody>\n<tr valign=\"top\" bgcolor=\"white\">\n<td valign=\"top\" bgcolor=\"white\" width=\"150\" height=\"36\">\u00a0<\/td>\n<td valign=\"top\" nowrap=\"nowrap\" height=\"36\"><strong>D\u00e9signation<\/strong><\/td>\n<\/tr>\n<tr valign=\"top\" bgcolor=\"gray\">\n<td valign=\"top\" bgcolor=\"silver\" width=\"150\" height=\"36\">\u00a0<\/td>\n<td valign=\"top\" height=\"36\"><span style=\"color: white;\"><strong>Regard en fonte<\/strong><\/span><\/td>\n<\/tr>\n<tr valign=\"top\">\n<td valign=\"top\" bgcolor=\"white\" width=\"150\"><img decoding=\"async\" src=\"https:\/\/hermannschmidt.de\/wp-content\/uploads\/2017\/08\/kappe_gas_02.jpg\" alt=\"\" width=\"150\" height=\"150\" border=\"0\" \/><\/td>\n<td valign=\"top\">\n<div align=\"left\">\n<table border=\"0\" width=\"100%\" cellspacing=\"0\" cellpadding=\"0\">\n<tbody>\n<tr>\n<td colspan=\"3\">\n<p align=\"left\"><strong>Regard en fonte GG20, <\/strong>Dimensions selon la norme 1938<\/p>\n<\/td>\n<\/tr>\n<tr valign=\"top\">\n<td width=\"150\">\n<p align=\"left\">Typ 4055 Typ 4056 W Typ 4056 A Typ 4057 W Typ 4057 A Typ 4058 Typ 4059<\/p>\n<\/td>\n<td width=\"150\">\n<div align=\"right\">ca. 28,00 kg ca. 13,00 kg ca. 13,00 kg ca. 6,00 kg ca. 6,00 kg ca. 16,00 kg ca. 7,00 kg<\/div>\n<\/td>\n<td>\n<div align=\"right\">24 St\u00fcck Pal. 45 St\u00fcck Pal. 45 St\u00fcck Pal. 120 St\u00fcck Pal. 120 St\u00fcck Pal. 45 St\u00fcck Pal. 120 St\u00fcck Pal.<\/div>\n<\/td>\n<\/tr>\n<\/tbody>\n<\/table>\n<\/div>\n<\/td>\n<\/tr>\n<tr valign=\"top\" bgcolor=\"white\">\n<td valign=\"top\" bgcolor=\"white\" width=\"150\" height=\"5\">\u00a0<\/td>\n<td valign=\"top\" height=\"5\">\u00a0<\/td>\n<\/tr>\n<tr valign=\"top\">\n<td valign=\"top\" bgcolor=\"white\" width=\"150\"><img decoding=\"async\" src=\"https:\/\/hermannschmidt.de\/wp-content\/uploads\/2017\/08\/spacer.gif\" alt=\"\" width=\"150\" height=\"150\" border=\"0\" \/><\/td>\n<td valign=\"top\">\n<div align=\"left\">\n<table border=\"0\" width=\"100%\" cellspacing=\"0\" cellpadding=\"0\">\n<tbody>\n<tr>\n<td colspan=\"3\">\n<p align=\"left\"><strong>Regard en fonte GG20, Dimensions selon la norme 1974<\/strong><\/p>\n<\/td>\n<\/tr>\n<tr valign=\"top\">\n<td width=\"150\">\n<p align=\"left\">Typ 4057 Typ 4056 Gr. 2<\/p>\n<\/td>\n<td width=\"150\">\n<p align=\"right\">ca. 9,00 kg ca. 26,00 kg<\/p>\n<\/td>\n<td>\n<p align=\"right\">84 St\u00fcck Pal. 24 ST\u00fcck Pal.<\/p>\n<\/td>\n<\/tr>\n<\/tbody>\n<\/table>\n<\/div>\n<\/td>\n<\/tr>\n<tr valign=\"top\" bgcolor=\"white\">\n<td valign=\"top\" bgcolor=\"white\" width=\"150\" height=\"5\">\u00a0<\/td>\n<td valign=\"top\" height=\"5\">\u00a0<\/td>\n<\/tr>\n<tr valign=\"top\">\n<td valign=\"top\" bgcolor=\"white\" width=\"150\"><img decoding=\"async\" src=\"https:\/\/hermannschmidt.de\/wp-content\/uploads\/2017\/08\/kappe_gas_01.jpg\" alt=\"\" width=\"150\" height=\"150\" border=\"0\" \/><\/td>\n<td valign=\"top\">\n<table border=\"0\" width=\"100%\" cellspacing=\"0\" cellpadding=\"0\">\n<tbody>\n<tr>\n<td colspan=\"3\">\n<p align=\"left\"><strong>Bouchons de gaz \u00e0 distance GG20,<\/strong><\/p>\n<p align=\"left\"><strong>avec certification DVGW, \u00c9dition<\/strong><strong>\u00a01990<\/strong><\/p>\n<p align=\"left\"><img decoding=\"async\" class=\"dsR1\" src=\"https:\/\/hermannschmidt.de\/wp-content\/uploads\/2017\/08\/logo_DVGW.jpg\" alt=\"\" align=\"middle\" border=\"0\" \/><\/p>\n<p align=\"left\"><strong> NW-4531CN0065 <\/strong><span style=\"font-weight: bold;\">NW-4531CN0066<\/span> <span style=\"font-weight: bold;\">NW-4531CN0067<\/span> <strong>NW-4531CN0068 <\/strong><\/p>\n<\/td>\n<\/tr>\n<tr valign=\"top\">\n<td width=\"150\">\n<div align=\"left\">DIN 3581 DIN 3582 DIN 3583 DIN 3585<\/div>\n<\/td>\n<td width=\"150\">\n<p align=\"right\">ca. 16,00 kg ca. 36,00 kg ca. 61,00 kg ca. 66,00 kg<\/p>\n<\/td>\n<td>\n<p align=\"right\">45 St\u00fcck Pal. 18 St\u00fcck Pal. 12 St\u00fcck Pal. 12 St\u00fcck Pal.<\/p>\n<\/td>\n<\/tr>\n<\/tbody>\n<\/table>\n<\/td>\n<\/tr>\n<tr valign=\"top\" bgcolor=\"white\">\n<td valign=\"top\" bgcolor=\"white\" width=\"150\" height=\"5\">\u00a0<\/td>\n<td valign=\"top\" height=\"5\">\u00a0<\/td>\n<\/tr>\n<tr valign=\"top\">\n<td valign=\"top\" bgcolor=\"white\" width=\"150\"><img decoding=\"async\" src=\"https:\/\/hermannschmidt.de\/wp-content\/uploads\/2017\/08\/kappe_wasser_02.jpg\" alt=\"\" width=\"150\" height=\"150\" border=\"0\" \/><\/td>\n<td valign=\"top\">\n<table border=\"0\" width=\"100%\" cellspacing=\"0\" cellpadding=\"0\">\n<tbody>\n<tr>\n<td colspan=\"3\">\n<p align=\"left\"><b>Regard G 20 avec certification DVGW, \u00c9dition 1992<\/b><\/p>\n<p align=\"left\"><img decoding=\"async\" class=\"dsR1\" src=\"https:\/\/hermannschmidt.de\/wp-content\/uploads\/2017\/08\/logo_DVGW.jpg\" alt=\"\" align=\"bottom\" border=\"0\" \/><\/p>\n<p align=\"left\"><strong>NW-4530AP1328 NW-4530AP1394 NW-4530AP1440 <\/strong><\/p>\n<\/td>\n<\/tr>\n<tr valign=\"top\">\n<td width=\"150\">\n<p align=\"left\">DIN 4055 DIN 4056 W DIN 4056 A DIN 4057 W DIN 4057 A<\/p>\n<\/td>\n<td width=\"150\">\n<p align=\"right\">ca. 30,00 kg ca. 16,00 kg ca. 16,00 kg ca. 10,00 kg ca. 10,00 kg<\/p>\n<\/td>\n<td>\n<p align=\"right\">24 St\u00fcck Pal. 45 St\u00fcck Pal. 45 St\u00fcck Pal. 84 St\u00fcck Pal. 84 St\u00fcck Pal.<\/p>\n<\/td>\n<\/tr>\n<\/tbody>\n<\/table>\n<\/td>\n<\/tr>\n<tr valign=\"top\" bgcolor=\"white\">\n<td valign=\"top\" bgcolor=\"white\" width=\"150\" height=\"5\">\u00a0<\/td>\n<td valign=\"top\" height=\"5\">\u00a0<\/td>\n<\/tr>\n<tr valign=\"top\">\n<td valign=\"top\" bgcolor=\"white\" width=\"150\"><img decoding=\"async\" src=\"https:\/\/hermannschmidt.de\/wp-content\/uploads\/2017\/08\/kappe_wasser_01.jpg\" alt=\"\" width=\"150\" height=\"150\" border=\"0\" \/><\/td>\n<td valign=\"top\">\n<table border=\"0\" width=\"100%\" cellspacing=\"0\" cellpadding=\"0\">\n<tbody>\n<tr>\n<td colspan=\"3\">\n<div align=\"left\"><strong>HS-Vario regard de rue r\u00e9glables en hauteur GG20, \u00c9dition 1992<\/strong><\/div>\n<\/td>\n<\/tr>\n<tr valign=\"top\">\n<td width=\"150\">\n<p align=\"left\">DIN 4055 DIN 4056 DIN 4057<\/p>\n<\/td>\n<td width=\"150\">\n<p align=\"right\">ca. 43,00 kg ca. 22,00 kg ca. 12,00 kg<\/p>\n<\/td>\n<td>\n<p align=\"right\">24 St\u00fcck Pal. 45 St\u00fcck Pal. 84 St\u00fcck Pal.<\/p>\n<\/td>\n<\/tr>\n<\/tbody>\n<\/table>\n<\/td>\n<\/tr>\n<tr valign=\"top\" bgcolor=\"white\">\n<td valign=\"top\" bgcolor=\"white\" width=\"150\" height=\"5\">\u00a0<\/td>\n<td valign=\"top\" height=\"5\">\u00a0<\/td>\n<\/tr>\n<tr valign=\"top\">\n<td valign=\"top\" bgcolor=\"white\" width=\"150\"><img decoding=\"async\" src=\"https:\/\/hermannschmidt.de\/wp-content\/uploads\/2017\/08\/spacer.gif\" alt=\"\" width=\"150\" height=\"150\" border=\"0\" \/><\/td>\n<td valign=\"top\">\n<table border=\"0\" width=\"100%\" cellspacing=\"0\" cellpadding=\"0\">\n<tbody>\n<tr>\n<td colspan=\"3\">\n<p align=\"left\"><strong>Housse pour regard en fonte<\/strong><\/p>\n<\/td>\n<\/tr>\n<tr valign=\"top\">\n<td width=\"150\">\n<p align=\"left\">Mod. 4055\/38 Mod. 4056\/38 Mod. 4057\/38 Mod. 4057\/74 Mod. 4058 (+) Mod. 4058 (\u2013) Mod. 4058 (Q) Mod. 4059\/38 DIN-DVGW 4055 DIN-DVGW 4056 DIN-DVGW 4057 DIN-DVGW 3581 DIN-DVGW 3582 DIN-DVGW 3583 DIN-DVGW 3585<\/p>\n<\/td>\n<td width=\"150\">\u00a0<\/td>\n<td>\u00a0<\/td>\n<\/tr>\n<\/tbody>\n<\/table>\n<\/td>\n<\/tr>\n<\/tbody>\n<\/table>\n<\/div><\/section>\n","protected":false},"excerpt":{"rendered":"","protected":false},"author":4,"featured_media":0,"parent":1873,"menu_order":0,"comment_status":"closed","ping_status":"closed","template":"","meta":{"footnotes":""},"class_list":["post-3731","page","type-page","status-publish","hentry"],"_links":{"self":[{"href":"https:\/\/hermannschmidt.de\/fr\/wp-json\/wp\/v2\/pages\/3731","targetHints":{"allow":["GET"]}}],"collection":[{"href":"https:\/\/hermannschmidt.de\/fr\/wp-json\/wp\/v2\/pages"}],"about":[{"href":"https:\/\/hermannschmidt.de\/fr\/wp-json\/wp\/v2\/types\/page"}],"author":[{"embeddable":true,"href":"https:\/\/hermannschmidt.de\/fr\/wp-json\/wp\/v2\/users\/4"}],"replies":[{"embeddable":true,"href":"https:\/\/hermannschmidt.de\/fr\/wp-json\/wp\/v2\/comments?post=3731"}],"version-history":[{"count":0,"href":"https:\/\/hermannschmidt.de\/fr\/wp-json\/wp\/v2\/pages\/3731\/revisions"}],"up":[{"embeddable":true,"href":"https:\/\/hermannschmidt.de\/fr\/wp-json\/wp\/v2\/pages\/1873"}],"wp:attachment":[{"href":"https:\/\/hermannschmidt.de\/fr\/wp-json\/wp\/v2\/media?parent=3731"}],"curies":[{"name":"wp","href":"https:\/\/api.w.org\/{rel}","templated":true}]}}