{"id":3711,"date":"2020-12-08T11:12:04","date_gmt":"2020-12-08T10:12:04","guid":{"rendered":"https:\/\/hermannschmidt.de\/vanne-inclinee-fkr\/"},"modified":"2020-12-08T11:12:05","modified_gmt":"2020-12-08T10:12:05","slug":"vanne-inclinee-fkr","status":"publish","type":"page","link":"https:\/\/hermannschmidt.de\/fr\/robinetterie\/vanne-a-siege-incline\/vanne-inclinee-fkr\/","title":{"rendered":"Vanne Inclinee FKR"},"content":{"rendered":"\n<style type=\"text\/css\" data-created_by=\"avia_inline_auto\" id=\"style-css-av-lww9i-794673e890a021da47a7055485433287\">\n#top .av-special-heading.av-lww9i-794673e890a021da47a7055485433287{\npadding-bottom:10px;\n}\nbody .av-special-heading.av-lww9i-794673e890a021da47a7055485433287 .av-special-heading-tag .heading-char{\nfont-size:25px;\n}\n.av-special-heading.av-lww9i-794673e890a021da47a7055485433287 .av-subheading{\nfont-size:15px;\n}\n<\/style>\n<div  class='av-special-heading av-lww9i-794673e890a021da47a7055485433287 av-special-heading-h1 blockquote modern-quote  avia-builder-el-0  el_before_av_hr  avia-builder-el-first '><h1 class='av-special-heading-tag '  itemprop=\"headline\"  >Vanne Inclinee FKR<\/h1><div class=\"special-heading-border\"><div class=\"special-heading-inner-border\"><\/div><\/div><\/div>\n\n<style type=\"text\/css\" data-created_by=\"avia_inline_auto\" id=\"style-css-av-ewcfy-8e485663f6f777a540af721d7713499c\">\n#top .hr.hr-invisible.av-ewcfy-8e485663f6f777a540af721d7713499c{\nheight:30px;\n}\n<\/style>\n<div  class='hr av-ewcfy-8e485663f6f777a540af721d7713499c hr-invisible  avia-builder-el-1  el_after_av_heading  el_before_av_textblock '><span class='hr-inner '><span class=\"hr-inner-style\"><\/span><\/span><\/div>\n<section  class='av_textblock_section av-adrti-f5e62e1759df6f898a4804e436679e26 '   itemscope=\"itemscope\" itemtype=\"https:\/\/schema.org\/CreativeWork\" ><div class='avia_textblock'  itemprop=\"text\" ><table class=\"dsR1\" border=\"0\" cellspacing=\"0\" cellpadding=\"0\">\n<tbody>\n<tr valign=\"top\" bgcolor=\"white\">\n<td valign=\"top\" bgcolor=\"white\" width=\"150\" height=\"36\">\u00a0<\/td>\n<td valign=\"top\" nowrap=\"nowrap\" width=\"75\" height=\"36\"><strong>Art.-Nr.<\/strong><\/td>\n<td valign=\"top\" nowrap=\"nowrap\" height=\"36\"><strong>D\u00e9signation<\/strong><\/td>\n<td class=\"dsR2\" valign=\"top\" nowrap=\"nowrap\" height=\"36\">\n<div align=\"right\"><strong>Diam\u00e8ter<\/strong><\/div>\n<\/td>\n<td class=\"dsR4\" valign=\"top\" nowrap=\"nowrap\" height=\"36\">\n<div align=\"right\"><strong>Bl.<\/strong><\/div>\n<\/td>\n<td class=\"dsR4\" valign=\"top\" nowrap=\"nowrap\" height=\"36\">\n<div align=\"right\"><strong>Poids<\/strong><\/div>\n<\/td>\n<\/tr>\n<tr valign=\"top\" bgcolor=\"gray\">\n<td valign=\"top\" bgcolor=\"silver\" width=\"150\" height=\"36\">\u00a0<\/td>\n<td colspan=\"2\" valign=\"top\" nowrap=\"nowrap\" bgcolor=\"gray\" height=\"36\">\n<div align=\"left\"><strong><span style=\"color: white;\">Vanne FKR<\/span><\/strong><\/div>\n<\/td>\n<td class=\"dsR2\" bgcolor=\"gray\" height=\"36\">\u00a0<\/td>\n<td class=\"dsR4\" bgcolor=\"gray\" height=\"36\">\u00a0<\/td>\n<td class=\"dsR4\" bgcolor=\"gray\" height=\"36\">\u00a0<\/td>\n<\/tr>\n<tr valign=\"top\">\n<td valign=\"top\" bgcolor=\"white\" width=\"150\"><img decoding=\"async\" src=\"https:\/\/hermannschmidt.de\/wp-content\/uploads\/2017\/08\/2056.jpg\" alt=\"\" width=\"150\" height=\"150\" border=\"0\" \/><\/td>\n<td valign=\"top\" width=\"75\">\n<div align=\"left\"><strong>2056<\/strong><\/div>\n<\/td>\n<td valign=\"top\">\n<div align=\"left\"><strong>Vanne inclin\u00e9e FKR<\/strong> DIN EN 13959 (DIN 3502)<\/div>\n<div align=\"left\">axe non montant F\/F avec clapet anti-retour<\/div>\n<div align=\"left\">PN 16 jusqu&#8217;\u00e0 90\u00b0C Certifi\u00e9 DVGW<\/div>\n<div align=\"left\">\u00a0<\/div>\n<div align=\"left\"><a href=\"https:\/\/hermannschmidt.de\/wp-content\/uploads\/2017\/08\/Datenblatt-2056_2066_2057_2067.pdf\" target=\"_blank\" rel=\"noopener noreferrer\"><span style=\"font-weight: bold; color: #047556;\">Fiche technique<\/span><\/a><\/div>\n<\/td>\n<td class=\"dsR2\" valign=\"top\" nowrap=\"nowrap\">\n<div align=\"right\">1\/2&#8221;<\/div>\n<div align=\"right\">3\/4&#8221;<\/div>\n<div align=\"right\">1&#8221;<\/div>\n<div align=\"right\">1 1\/4&#8221;<\/div>\n<div align=\"right\">1 1\/2&#8221;<\/div>\n<div align=\"right\">2&#8221;<\/div>\n<\/td>\n<td class=\"dsR4\" valign=\"top\" nowrap=\"nowrap\">\n<div align=\"right\">65<\/div>\n<div align=\"right\">76<\/div>\n<div align=\"right\">90<\/div>\n<div align=\"right\">110<\/div>\n<div align=\"right\">120<\/div>\n<div align=\"right\">150<\/div>\n<\/td>\n<td class=\"dsR4\" valign=\"top\" nowrap=\"nowrap\">\n<div align=\"right\">360<\/div>\n<div align=\"right\">460<\/div>\n<div align=\"right\">800<\/div>\n<div align=\"right\">1.310<\/div>\n<div align=\"right\">1.520<\/div>\n<div align=\"right\">2.390<\/div>\n<\/td>\n<\/tr>\n<tr valign=\"top\" bgcolor=\"white\">\n<td valign=\"top\" bgcolor=\"white\" width=\"150\" height=\"5\">\u00a0<\/td>\n<td valign=\"top\" width=\"75\" height=\"5\">\u00a0<\/td>\n<td valign=\"top\" height=\"5\">\u00a0<\/td>\n<td class=\"dsR2\" valign=\"top\" nowrap=\"nowrap\" height=\"5\">\u00a0<\/td>\n<td class=\"dsR4\" valign=\"top\" nowrap=\"nowrap\" height=\"5\">\u00a0<\/td>\n<td class=\"dsR4\" valign=\"top\" nowrap=\"nowrap\" height=\"5\">\u00a0<\/td>\n<\/tr>\n<tr valign=\"top\">\n<td valign=\"top\" bgcolor=\"white\" width=\"150\"><img decoding=\"async\" src=\"https:\/\/hermannschmidt.de\/wp-content\/uploads\/2017\/08\/2066.jpg\" alt=\"\" width=\"150\" height=\"150\" border=\"0\" \/><\/td>\n<td valign=\"top\" width=\"75\">\n<div align=\"left\"><strong>2066<\/strong><\/div>\n<\/td>\n<td valign=\"top\">\n<div align=\"left\"><strong>Vanne inclin\u00e9e FKR<\/strong><\/div>\n<div align=\"left\">\u00e0 purge DIN EN 13959<\/div>\n<div align=\"left\">axe non montant F\/F avec clapet anti-retour<\/div>\n<div align=\"left\">PN 16 jusqu&#8217;\u00e0 90\u00b0C<\/div>\n<div align=\"left\">\u00a0<\/div>\n<div align=\"left\"><a href=\"https:\/\/hermannschmidt.de\/wp-content\/uploads\/2017\/08\/Datenblatt-2056_2066_2057_2067.pdf\" target=\"_blank\" rel=\"noopener noreferrer\"><span style=\"font-weight: bold; color: #047556;\">Fiche technique<\/span><\/a><\/div>\n<\/td>\n<td class=\"dsR2\" valign=\"top\" nowrap=\"nowrap\">\n<div align=\"right\">1\/2&#8243;<\/div>\n<div align=\"right\">3\/4&#8243;<\/div>\n<div align=\"right\">1&#8243;<\/div>\n<div align=\"right\">1 1\/4&#8243;<\/div>\n<div align=\"right\">1 1\/2&#8243;<\/div>\n<div align=\"right\">2&#8243;<\/div>\n<\/td>\n<td class=\"dsR4\" valign=\"top\" nowrap=\"nowrap\">\n<div align=\"right\">65<\/div>\n<div align=\"right\">76<\/div>\n<div align=\"right\">90<\/div>\n<div align=\"right\">110<\/div>\n<div align=\"right\">120<\/div>\n<div align=\"right\">150<\/div>\n<\/td>\n<td class=\"dsR4\" valign=\"top\" nowrap=\"nowrap\">\n<div align=\"right\">380<\/div>\n<div align=\"right\">490<\/div>\n<div align=\"right\">830<\/div>\n<div align=\"right\">1.300<\/div>\n<div align=\"right\">1.540<\/div>\n<div align=\"right\">2.410<\/div>\n<\/td>\n<\/tr>\n<tr valign=\"top\" bgcolor=\"white\">\n<td valign=\"top\" bgcolor=\"white\" width=\"150\" height=\"5\">\u00a0<\/td>\n<td valign=\"top\" width=\"75\" height=\"5\">\u00a0<\/td>\n<td valign=\"top\" height=\"5\">\u00a0<\/td>\n<td class=\"dsR2\" valign=\"top\" nowrap=\"nowrap\" height=\"5\">\u00a0<\/td>\n<td class=\"dsR4\" valign=\"top\" nowrap=\"nowrap\" height=\"5\">\u00a0<\/td>\n<td class=\"dsR4\" valign=\"top\" nowrap=\"nowrap\" height=\"5\">\u00a0<\/td>\n<\/tr>\n<tr valign=\"top\">\n<td valign=\"top\" bgcolor=\"white\" width=\"150\"><img decoding=\"async\" src=\"https:\/\/hermannschmidt.de\/wp-content\/uploads\/2017\/08\/2057.jpg\" alt=\"\" width=\"150\" height=\"150\" border=\"0\" \/><\/td>\n<td valign=\"top\" width=\"75\">\n<div align=\"left\"><strong>2057<\/strong><\/div>\n<\/td>\n<td valign=\"top\">\n<div align=\"left\"><strong>Vanne inclin\u00e9e FKR<\/strong><\/div>\n<div align=\"left\">\u00e0 souder DIN EN 13959<\/div>\n<div align=\"left\">axe non montant F\/F avec clapet anti-retour<\/div>\n<div align=\"left\">PN 16 jusqu&#8217;\u00e0 90\u00b0C<\/div>\n<div align=\"left\">\u00a0<\/div>\n<div align=\"left\"><a href=\"https:\/\/hermannschmidt.de\/wp-content\/uploads\/2017\/08\/Datenblatt-2056_2066_2057_2067.pdf\" target=\"_blank\" rel=\"noopener noreferrer\"><span style=\"font-weight: bold; color: #047556;\">Fiche technique<\/span><\/a><\/div>\n<\/td>\n<td class=\"dsR2\" valign=\"top\" nowrap=\"nowrap\">\n<div align=\"right\">15 mm<\/div>\n<div align=\"right\">18 mm<\/div>\n<div align=\"right\">22 mm<\/div>\n<div align=\"right\">28 mm<\/div>\n<div align=\"right\">35 mm<\/div>\n<div align=\"right\">42 mm<\/div>\n<div align=\"right\">54 mm<\/div>\n<\/td>\n<td class=\"dsR4\" valign=\"top\" nowrap=\"nowrap\">\n<div align=\"right\">121<\/div>\n<div align=\"right\">125<\/div>\n<div align=\"right\">140<\/div>\n<div align=\"right\">158<\/div>\n<div align=\"right\">192<\/div>\n<div align=\"right\">203<\/div>\n<div align=\"right\">248<\/div>\n<\/td>\n<td class=\"dsR4\" valign=\"top\" nowrap=\"nowrap\">\n<div align=\"right\">420<\/div>\n<div align=\"right\">400<\/div>\n<div align=\"right\">550<\/div>\n<div align=\"right\">900<\/div>\n<div align=\"right\">1.320<\/div>\n<div align=\"right\">1.840<\/div>\n<div align=\"right\">3.070<\/div>\n<\/td>\n<\/tr>\n<tr valign=\"top\" bgcolor=\"white\">\n<td valign=\"top\" bgcolor=\"white\" width=\"150\" height=\"5\">\u00a0<\/td>\n<td valign=\"top\" width=\"75\" height=\"5\">\u00a0<\/td>\n<td valign=\"top\" height=\"5\">\u00a0<\/td>\n<td class=\"dsR2\" valign=\"top\" nowrap=\"nowrap\" height=\"5\">\u00a0<\/td>\n<td class=\"dsR4\" valign=\"top\" nowrap=\"nowrap\" height=\"5\">\u00a0<\/td>\n<td class=\"dsR4\" valign=\"top\" nowrap=\"nowrap\" height=\"5\">\u00a0<\/td>\n<\/tr>\n<tr valign=\"top\">\n<td valign=\"top\" bgcolor=\"white\" width=\"150\"><img decoding=\"async\" src=\"https:\/\/hermannschmidt.de\/wp-content\/uploads\/2017\/08\/2067.jpg\" alt=\"\" width=\"150\" height=\"150\" border=\"0\" \/><\/td>\n<td valign=\"top\" width=\"75\">\n<div align=\"left\"><strong>2067<\/strong><\/div>\n<\/td>\n<td valign=\"top\">\n<div align=\"left\"><strong>Vanne inclin\u00e9e FKR<\/strong><\/div>\n<div align=\"left\">\u00e0 purge \u00e0 souder DIN EN 13959<\/div>\n<div align=\"left\">axe non montant F\/F avec clapet anti-retour<\/div>\n<div align=\"left\">PN 16 jusqu&#8217;\u00e0 90\u00b0C<\/div>\n<div align=\"left\">\u00a0<\/div>\n<div align=\"left\"><a title=\"Fiche technique\" href=\"https:\/\/hermannschmidt.de\/wp-content\/uploads\/2017\/08\/Datenblatt-2056_2066_2057_2067.pdf\" target=\"_blank\" rel=\"noopener\"><span style=\"font-weight: bold; color: #047556;\">Fiche technique<\/span><\/a><\/div>\n<\/td>\n<td class=\"dsR2\" valign=\"top\" nowrap=\"nowrap\">\n<div align=\"right\">15 mm<\/div>\n<div align=\"right\">18 mm<\/div>\n<div align=\"right\">22 mm<\/div>\n<div align=\"right\">28 mm<\/div>\n<div align=\"right\">35 mm<\/div>\n<div align=\"right\">42 mm<\/div>\n<div align=\"right\">54 mm<\/div>\n<\/td>\n<td class=\"dsR4\" valign=\"top\" nowrap=\"nowrap\">\n<div align=\"right\">121<\/div>\n<div align=\"right\">125<\/div>\n<div align=\"right\">140<\/div>\n<div align=\"right\">158<\/div>\n<div align=\"right\">192<\/div>\n<div align=\"right\">203<\/div>\n<div align=\"right\">248<\/div>\n<\/td>\n<td class=\"dsR4\" valign=\"top\" nowrap=\"nowrap\">\n<div align=\"right\">450<\/div>\n<div align=\"right\">470<\/div>\n<div align=\"right\">630<\/div>\n<div align=\"right\">1.020<\/div>\n<div align=\"right\">1.490<\/div>\n<div align=\"right\">2.040<\/div>\n<div align=\"right\">3.350<\/div>\n<\/td>\n<\/tr>\n<tr valign=\"top\" bgcolor=\"white\">\n<td valign=\"top\" bgcolor=\"white\" width=\"150\" height=\"5\">\u00a0<\/td>\n<td valign=\"top\" width=\"75\" height=\"5\">\u00a0<\/td>\n<td valign=\"top\" height=\"5\">\u00a0<\/td>\n<td class=\"dsR2\" valign=\"top\" nowrap=\"nowrap\" bgcolor=\"white\" height=\"5\">\u00a0<\/td>\n<td class=\"dsR4\" valign=\"top\" nowrap=\"nowrap\" bgcolor=\"white\" height=\"5\">\u00a0<\/td>\n<td class=\"dsR4\" valign=\"top\" nowrap=\"nowrap\" bgcolor=\"white\" height=\"5\">\u00a0<\/td>\n<\/tr>\n<tr valign=\"top\">\n<td valign=\"top\" bgcolor=\"white\" width=\"150\"><img decoding=\"async\" src=\"https:\/\/hermannschmidt.de\/wp-content\/uploads\/2017\/08\/2097.jpg\" alt=\"\" width=\"150\" height=\"150\" border=\"0\" \/><\/td>\n<td valign=\"top\" width=\"75\">\n<div align=\"left\"><strong>2097<\/strong><\/div>\n<\/td>\n<td valign=\"top\">\n<div align=\"left\"><strong>T\u00eate vanne inclin\u00e9e FKR anti reflux (graiss\u00e9e)<\/strong><\/div>\n<div align=\"left\">axe non montant avec volant<\/div>\n<\/td>\n<td class=\"dsR2\" valign=\"top\" nowrap=\"nowrap\">\n<div align=\"right\">1\/2&#8243;<\/div>\n<div align=\"right\">3\/4&#8243;<\/div>\n<div align=\"right\">1&#8243;<\/div>\n<div align=\"right\">1 1\/4&#8243;<\/div>\n<div align=\"right\">1 1\/2&#8243;<\/div>\n<div align=\"right\">2&#8243;<\/div>\n<\/td>\n<td class=\"dsR4\" valign=\"top\" nowrap=\"nowrap\">\n<div align=\"right\">88<\/div>\n<div align=\"right\">92<\/div>\n<div align=\"right\">115<\/div>\n<div align=\"right\">125<\/div>\n<div align=\"right\">144<\/div>\n<div align=\"right\">154<\/div>\n<\/td>\n<td class=\"dsR4\" valign=\"top\" nowrap=\"nowrap\">\n<div align=\"right\">160<\/div>\n<div align=\"right\">200<\/div>\n<div align=\"right\">330<\/div>\n<div align=\"right\">430<\/div>\n<div align=\"right\">650<\/div>\n<div align=\"right\">880<\/div>\n<\/td>\n<\/tr>\n<\/tbody>\n<\/table>\n<\/div><\/section>\n","protected":false},"excerpt":{"rendered":"","protected":false},"author":4,"featured_media":0,"parent":3816,"menu_order":0,"comment_status":"closed","ping_status":"closed","template":"","meta":{"footnotes":""},"class_list":["post-3711","page","type-page","status-publish","hentry"],"_links":{"self":[{"href":"https:\/\/hermannschmidt.de\/fr\/wp-json\/wp\/v2\/pages\/3711","targetHints":{"allow":["GET"]}}],"collection":[{"href":"https:\/\/hermannschmidt.de\/fr\/wp-json\/wp\/v2\/pages"}],"about":[{"href":"https:\/\/hermannschmidt.de\/fr\/wp-json\/wp\/v2\/types\/page"}],"author":[{"embeddable":true,"href":"https:\/\/hermannschmidt.de\/fr\/wp-json\/wp\/v2\/users\/4"}],"replies":[{"embeddable":true,"href":"https:\/\/hermannschmidt.de\/fr\/wp-json\/wp\/v2\/comments?post=3711"}],"version-history":[{"count":0,"href":"https:\/\/hermannschmidt.de\/fr\/wp-json\/wp\/v2\/pages\/3711\/revisions"}],"up":[{"embeddable":true,"href":"https:\/\/hermannschmidt.de\/fr\/wp-json\/wp\/v2\/pages\/3816"}],"wp:attachment":[{"href":"https:\/\/hermannschmidt.de\/fr\/wp-json\/wp\/v2\/media?parent=3711"}],"curies":[{"name":"wp","href":"https:\/\/api.w.org\/{rel}","templated":true}]}}