{"id":3536,"date":"2020-12-08T09:55:00","date_gmt":"2020-12-08T08:55:00","guid":{"rendered":"https:\/\/hermannschmidt.de\/robinetterie\/robinetterie-lourde\/modeles-supprimes\/"},"modified":"2020-12-08T09:55:01","modified_gmt":"2020-12-08T08:55:01","slug":"modeles-supprimes","status":"publish","type":"page","link":"https:\/\/hermannschmidt.de\/fr\/robinetterie\/robinetterie-lourde\/modeles-supprimes\/","title":{"rendered":"Mod\u00e8les Supprimes"},"content":{"rendered":"\n<style type=\"text\/css\" data-created_by=\"avia_inline_auto\" id=\"style-css-av-jtn7z-ea32fdf5a513a41146406b4e0b65755f\">\n#top .av-special-heading.av-jtn7z-ea32fdf5a513a41146406b4e0b65755f{\npadding-bottom:10px;\n}\nbody .av-special-heading.av-jtn7z-ea32fdf5a513a41146406b4e0b65755f .av-special-heading-tag .heading-char{\nfont-size:25px;\n}\n.av-special-heading.av-jtn7z-ea32fdf5a513a41146406b4e0b65755f .av-subheading{\nfont-size:15px;\n}\n<\/style>\n<div  class='av-special-heading av-jtn7z-ea32fdf5a513a41146406b4e0b65755f av-special-heading-h1 blockquote modern-quote  avia-builder-el-0  el_before_av_hr  avia-builder-el-first '><h1 class='av-special-heading-tag '  itemprop=\"headline\"  >Mod\u00e8les Supprimes<\/h1><div class=\"special-heading-border\"><div class=\"special-heading-inner-border\"><\/div><\/div><\/div>\n\n<style type=\"text\/css\" data-created_by=\"avia_inline_auto\" id=\"style-css-av-1gw6n-567974dd4f6a9692321be1d8a541455a\">\n#top .hr.hr-invisible.av-1gw6n-567974dd4f6a9692321be1d8a541455a{\nheight:30px;\n}\n<\/style>\n<div  class='hr av-1gw6n-567974dd4f6a9692321be1d8a541455a hr-invisible  avia-builder-el-1  el_after_av_heading  el_before_av_textblock '><span class='hr-inner '><span class=\"hr-inner-style\"><\/span><\/span><\/div>\n<section  class='av_textblock_section av-12307-1d8359dd1153e2b1d9f7bb591e4eb8fd '   itemscope=\"itemscope\" itemtype=\"https:\/\/schema.org\/CreativeWork\" ><div class='avia_textblock'  itemprop=\"text\" ><table border=\"0\" width=\"100%\" cellspacing=\"0\" cellpadding=\"0\">\n<tbody>\n<tr valign=\"top\" bgcolor=\"white\">\n<td valign=\"top\" bgcolor=\"white\" width=\"150\" height=\"36\">\u00a0<\/td>\n<td valign=\"top\" nowrap=\"nowrap\" width=\"75\" height=\"36\"><strong>Art.-Nr.<\/strong><\/td>\n<td valign=\"top\" nowrap=\"nowrap\" height=\"36\"><strong>D\u00e9signation<\/strong><\/td>\n<td valign=\"top\" nowrap=\"nowrap\" height=\"36\">\n<div align=\"right\"><strong>Diam\u00e8tre<\/strong><\/div>\n<\/td>\n<\/tr>\n<tr valign=\"top\" bgcolor=\"gray\">\n<td valign=\"top\" bgcolor=\"silver\" width=\"150\" height=\"36\">\u00a0<\/td>\n<td colspan=\"2\" valign=\"top\" nowrap=\"nowrap\" bgcolor=\"gray\" height=\"36\"><strong><span style=\"color: white;\">Mod\u00e8les Supprimes<\/span><\/strong><\/td>\n<td nowrap=\"nowrap\" bgcolor=\"gray\" height=\"36\">\u00a0<\/td>\n<\/tr>\n<tr valign=\"top\">\n<td valign=\"top\" bgcolor=\"white\" width=\"150\"><img decoding=\"async\" src=\"https:\/\/hermannschmidt.de\/wp-content\/uploads\/2017\/08\/3060.jpg\" alt=\"\" width=\"150\" height=\"150\" border=\"0\" \/><\/td>\n<td valign=\"top\" width=\"75\">\n<div align=\"left\"><strong>3060<\/strong><\/div>\n<\/td>\n<td valign=\"top\">\n<div align=\"left\"><strong><span class=\"ds1\">Bouche d&#8217;incendie<\/span><\/strong><\/div>\n<div align=\"left\">Raccordement selon DIN 3222 A<\/div>\n<div align=\"left\">PN 16 sans point de rupture pr\u00e9d\u00e9termin\u00e9 Couverture de tuyau 1,25 \/ 1,50 m<\/div>\n<div align=\"left\">\u00a0<\/div>\n<\/td>\n<td valign=\"top\" nowrap=\"nowrap\">\n<div align=\"right\">DN 80<\/div>\n<div align=\"right\">DN 100<\/div>\n<div align=\"right\">DN 150<\/div>\n<\/td>\n<\/tr>\n<tr valign=\"top\" bgcolor=\"white\">\n<td valign=\"top\" bgcolor=\"white\" width=\"150\" height=\"5\">\u00a0<\/td>\n<td valign=\"top\" width=\"75\" height=\"5\">\u00a0<\/td>\n<td valign=\"top\" height=\"5\">\u00a0<\/td>\n<td valign=\"top\" nowrap=\"nowrap\" height=\"5\">\u00a0<\/td>\n<\/tr>\n<tr valign=\"top\">\n<td valign=\"top\" bgcolor=\"white\" width=\"150\"><img decoding=\"async\" src=\"https:\/\/hermannschmidt.de\/wp-content\/uploads\/2017\/08\/3065.jpg\" alt=\"\" width=\"150\" height=\"150\" border=\"0\" \/><\/td>\n<td valign=\"top\" width=\"75\">\n<div align=\"left\"><strong>3065<\/strong><\/div>\n<\/td>\n<td valign=\"top\">\n<div align=\"left\"><span class=\"ds1\"><strong>Bouche d&#8217;incendie<\/strong><\/span><\/div>\n<div align=\"left\">Raccordement selon DIN 3222 AU<\/div>\n<div align=\"left\">PN 16 avec point de rupture pr\u00e9d\u00e9termin\u00e9 Couverture de tuyau 1,25 \/ 1,50 m<\/div>\n<\/td>\n<td valign=\"top\" nowrap=\"nowrap\">\n<div align=\"right\">DN 80<\/div>\n<div align=\"right\">DN 100<\/div>\n<div align=\"right\">DN 150<\/div>\n<\/td>\n<\/tr>\n<tr valign=\"top\" bgcolor=\"white\">\n<td valign=\"top\" bgcolor=\"white\" width=\"150\" height=\"5\">\u00a0<\/td>\n<td valign=\"top\" width=\"75\" height=\"5\">\u00a0<\/td>\n<td valign=\"top\" height=\"5\">\u00a0<\/td>\n<td valign=\"top\" nowrap=\"nowrap\" height=\"5\">\u00a0<\/td>\n<\/tr>\n<tr valign=\"top\">\n<td valign=\"top\" bgcolor=\"white\" width=\"150\"><img decoding=\"async\" src=\"https:\/\/hermannschmidt.de\/wp-content\/uploads\/2017\/08\/3070.jpg\" alt=\"\" width=\"150\" height=\"150\" border=\"0\" \/><\/td>\n<td valign=\"top\" width=\"75\">\n<div align=\"left\"><strong>3070\/71<\/strong><\/div>\n<\/td>\n<td valign=\"top\">\n<div align=\"left\"><strong>Bouche d&#8217;incendie encastr\u00e9e<\/strong><\/div>\n<div align=\"left\">Raccordement selon DIN 3222 AF<\/div>\n<div align=\"left\">PN 16 sans point de rupture pr\u00e9d\u00e9termin\u00e9\u00a0<\/div>\n<div align=\"left\">3070 couvercle de tuyau 1,25 m<\/div>\n<div align=\"left\">3071 couvercle de tuyau 1,50 m<\/div>\n<\/td>\n<td valign=\"top\" nowrap=\"nowrap\">\n<div align=\"right\">DN 100<\/div>\n<div align=\"right\">DN 150<\/div>\n<\/td>\n<\/tr>\n<tr valign=\"top\" bgcolor=\"white\">\n<td valign=\"top\" bgcolor=\"white\" width=\"150\" height=\"5\">\u00a0<\/td>\n<td valign=\"top\" width=\"75\" height=\"5\">\u00a0<\/td>\n<td valign=\"top\" height=\"5\">\u00a0<\/td>\n<td valign=\"top\" nowrap=\"nowrap\" height=\"5\">\u00a0<\/td>\n<\/tr>\n<tr valign=\"top\">\n<td valign=\"top\" bgcolor=\"white\" width=\"150\"><img decoding=\"async\" src=\"https:\/\/hermannschmidt.de\/wp-content\/uploads\/2017\/08\/3075.jpg\" alt=\"\" width=\"150\" height=\"150\" border=\"0\" \/><\/td>\n<td valign=\"top\" width=\"75\">\n<div align=\"left\"><strong>3075\/76<\/strong><\/div>\n<\/td>\n<td valign=\"top\">\n<div align=\"left\"><strong>Bouche d&#8217;incendie encastr\u00e9e<\/strong><\/div>\n<div align=\"left\">Raccordement selon DIN 3222 AFU<\/div>\n<div align=\"left\">PN 16 avec point de rupture pr\u00e9d\u00e9termin\u00e9<\/div>\n<div align=\"left\">3075 couvercle de tuyau 1,25 m<\/div>\n<div align=\"left\">3076 couvercle de tuyau 1,50 m<\/div>\n<\/td>\n<td valign=\"top\" nowrap=\"nowrap\">\n<div align=\"right\">DN 100<\/div>\n<div align=\"right\">DN 150<\/div>\n<\/td>\n<\/tr>\n<tr valign=\"top\" bgcolor=\"white\">\n<td valign=\"top\" bgcolor=\"white\" width=\"150\" height=\"5\">\u00a0<\/td>\n<td valign=\"top\" width=\"75\" height=\"5\">\u00a0<\/td>\n<td valign=\"top\" height=\"5\">\u00a0<\/td>\n<td valign=\"top\" nowrap=\"nowrap\" bgcolor=\"white\" height=\"5\">\u00a0<\/td>\n<\/tr>\n<tr valign=\"top\">\n<td valign=\"top\" bgcolor=\"white\" width=\"150\"><img decoding=\"async\" src=\"https:\/\/hermannschmidt.de\/wp-content\/uploads\/2017\/08\/3080.jpg\" alt=\"\" width=\"150\" height=\"150\" border=\"0\" \/><\/td>\n<td valign=\"top\" width=\"75\">\n<div align=\"left\"><strong>3080<\/strong><\/div>\n<\/td>\n<td valign=\"top\">\n<div align=\"left\"><strong>Bouche d&#8217;incendie souterraine<\/strong><\/div>\n<div align=\"left\">DIN 3221-A 1,80<\/div>\n<div align=\"left\">PN 16<\/div>\n<div align=\"left\">avec approbation DVGW<\/div>\n<\/td>\n<td valign=\"top\" nowrap=\"nowrap\">\n<div align=\"right\">RD 1,00<\/div>\n<div align=\"right\">RD 1,25<\/div>\n<div align=\"right\">RD 1,50<\/div>\n<\/td>\n<\/tr>\n<tr valign=\"top\" bgcolor=\"white\">\n<td valign=\"top\" bgcolor=\"white\" width=\"150\" height=\"5\">\u00a0<\/td>\n<td valign=\"top\" width=\"75\" height=\"5\">\u00a0<\/td>\n<td valign=\"top\" height=\"5\">\u00a0<\/td>\n<td valign=\"top\" nowrap=\"nowrap\" height=\"5\">\u00a0<\/td>\n<\/tr>\n<tr valign=\"top\">\n<td valign=\"top\" bgcolor=\"white\" width=\"150\"><img decoding=\"async\" src=\"https:\/\/hermannschmidt.de\/wp-content\/uploads\/2017\/08\/3095.jpg\" alt=\"\" width=\"150\" height=\"150\" border=\"0\" \/><\/td>\n<td valign=\"top\" width=\"75\"><strong>3095<\/strong><\/td>\n<td valign=\"top\">\n<p><strong>Clapet anti-retour \u00e0 bride<\/strong><\/p>\n<p><span class=\"ds1\"> PN 16 en fonte grise GG 25<\/span><\/p>\n<p>Forme droite<\/p>\n<p>Brides selon DIN 2533<\/p>\n<p>PN 16<\/p>\n<\/td>\n<td valign=\"top\" nowrap=\"nowrap\">\n<div align=\"right\">DN 15<\/div>\n<div align=\"right\">DN 20<\/div>\n<div align=\"right\">DN 25<\/div>\n<div align=\"right\">DN 32<\/div>\n<div align=\"right\">DN 40<\/div>\n<div align=\"right\">DN 50<\/div>\n<div align=\"right\">DN 65<\/div>\n<div align=\"right\">DN 80<\/div>\n<div align=\"right\">DN 100<\/div>\n<div align=\"right\">DN 125<\/div>\n<div align=\"right\">DN 150<\/div>\n<div align=\"right\">DN 200<\/div>\n<\/td>\n<\/tr>\n<tr valign=\"top\" bgcolor=\"white\">\n<td valign=\"top\" bgcolor=\"white\" width=\"150\" height=\"5\">\u00a0<\/td>\n<td valign=\"top\" width=\"75\" height=\"5\">\u00a0<\/td>\n<td valign=\"top\" height=\"5\">\u00a0<\/td>\n<td valign=\"top\" nowrap=\"nowrap\" height=\"5\">\u00a0<\/td>\n<\/tr>\n<tr valign=\"top\">\n<td valign=\"top\" bgcolor=\"white\" width=\"150\"><img decoding=\"async\" src=\"https:\/\/hermannschmidt.de\/wp-content\/uploads\/2017\/08\/3205.jpg\" alt=\"\" width=\"150\" height=\"150\" border=\"0\" \/><\/td>\n<td valign=\"top\" width=\"75\"><strong>3205<\/strong><\/td>\n<td valign=\"top\">\n<p><strong>Vanne d&#8217;arr\u00eat \u00e0 bride B<\/strong><\/p>\n<p><span class=\"ds1\">PN 16 en fonte grise GG 25<\/span><\/p>\n<p>Forme droite<\/p>\n<p>Brides selon DIN 2533 PN<\/p>\n<p>PN 16<\/p>\n<\/td>\n<td valign=\"top\" nowrap=\"nowrap\">\n<div align=\"right\">DN 15<\/div>\n<div align=\"right\">DN 20<\/div>\n<div align=\"right\">DN 25<\/div>\n<div align=\"right\">DN 32<\/div>\n<div align=\"right\">DN 40<\/div>\n<div align=\"right\">DN 50<\/div>\n<div align=\"right\">DN 65<\/div>\n<div align=\"right\">DN 80<\/div>\n<div align=\"right\">DN 100<\/div>\n<div align=\"right\">DN 125<\/div>\n<div align=\"right\">DN 150<\/div>\n<div align=\"right\">DN 200<\/div>\n<div align=\"right\">DN 250<\/div>\n<\/td>\n<\/tr>\n<tr valign=\"top\" bgcolor=\"white\">\n<td valign=\"top\" bgcolor=\"white\" width=\"150\" height=\"5\">\u00a0<\/td>\n<td valign=\"top\" width=\"75\" height=\"5\">\u00a0<\/td>\n<td valign=\"top\" height=\"5\">\u00a0<\/td>\n<td valign=\"top\" nowrap=\"nowrap\" height=\"5\">\u00a0<\/td>\n<\/tr>\n<tr valign=\"top\">\n<td valign=\"top\" bgcolor=\"white\" width=\"150\"><img decoding=\"async\" src=\"https:\/\/hermannschmidt.de\/wp-content\/uploads\/2017\/08\/3300.jpg\" alt=\"\" width=\"150\" height=\"150\" border=\"0\" \/><\/td>\n<td valign=\"top\" width=\"75\"><strong>3300<\/strong><\/td>\n<td valign=\"top\">\n<p><strong><span class=\"ds1\">Vanne d&#8217;arr\u00eat \u00e0 bride DuOflex <\/span><\/strong><\/p>\n<p>en fonte grise GG 25<br \/>Forme droite<br \/>avec joint de broche sans entretien<br \/>convient \u00e0 l&#8217;eau jusqu&#8217;\u00e0 120 \u00b0 C<br \/>Brides selon DIN 2531<br \/>PN 6<\/p>\n<\/td>\n<td valign=\"top\" nowrap=\"nowrap\">\n<div align=\"right\">DN 15<\/div>\n<div align=\"right\">DN 20<\/div>\n<div align=\"right\">DN 25<\/div>\n<div align=\"right\">DN 32<\/div>\n<div align=\"right\">DN 40<\/div>\n<div align=\"right\">DN 50<\/div>\n<div align=\"right\">DN 65<\/div>\n<div align=\"right\">DN 80<\/div>\n<div align=\"right\">DN 100<\/div>\n<div align=\"right\">DN 125<\/div>\n<div align=\"right\">DN 150<\/div>\n<div align=\"right\">DN 200<\/div>\n<\/td>\n<\/tr>\n<tr valign=\"top\" bgcolor=\"white\">\n<td valign=\"top\" bgcolor=\"white\" width=\"150\" height=\"5\">\u00a0<\/td>\n<td valign=\"top\" width=\"75\" height=\"5\">\u00a0<\/td>\n<td valign=\"top\" height=\"5\">\u00a0<\/td>\n<td valign=\"top\" nowrap=\"nowrap\" height=\"5\">\u00a0<\/td>\n<\/tr>\n<tr valign=\"top\">\n<td valign=\"top\" bgcolor=\"white\" width=\"150\"><img decoding=\"async\" src=\"https:\/\/hermannschmidt.de\/wp-content\/uploads\/2017\/08\/3305.jpg\" alt=\"\" width=\"150\" height=\"150\" border=\"0\" \/><\/td>\n<td valign=\"top\" width=\"75\"><strong>3305<\/strong><\/td>\n<td valign=\"top\">\n<p><strong>Vanne d&#8217;arr\u00eat \u00e0 bride DuOflex<\/strong><\/p>\n<p>en fonte grise GG 25<br \/>Forme droite<br \/>avec joint de broche sans entretien<br \/>convient \u00e0 l&#8217;eau jusqu&#8217;\u00e0 120 \u00b0 C<br \/>Brides selon DIN 2533<br \/>PN 6<br \/>(DN 200 en PN 16 pour PN 12)<\/p>\n<\/td>\n<td valign=\"top\" nowrap=\"nowrap\">\n<div align=\"right\">DN 15<\/div>\n<div align=\"right\">DN 20<\/div>\n<div align=\"right\">DN 25<\/div>\n<div align=\"right\">DN 32<\/div>\n<div align=\"right\">DN 40<\/div>\n<div align=\"right\">DN 50<\/div>\n<div align=\"right\">DN 65<\/div>\n<div align=\"right\">DN 80<\/div>\n<div align=\"right\">DN 100<\/div>\n<div align=\"right\">DN 125<\/div>\n<div align=\"right\">DN 150<\/div>\n<div align=\"right\">DN 200<\/div>\n<\/td>\n<\/tr>\n<tr valign=\"top\" bgcolor=\"white\">\n<td valign=\"top\" bgcolor=\"white\" width=\"150\" height=\"5\">\u00a0<\/td>\n<td valign=\"top\" width=\"75\" height=\"5\">\u00a0<\/td>\n<td valign=\"top\" height=\"5\">\u00a0<\/td>\n<td valign=\"top\" nowrap=\"nowrap\" height=\"5\">\u00a0<\/td>\n<\/tr>\n<tr valign=\"top\">\n<td valign=\"top\" bgcolor=\"white\" width=\"150\"><img decoding=\"async\" src=\"https:\/\/hermannschmidt.de\/wp-content\/uploads\/2017\/08\/3350.jpg\" alt=\"\" width=\"150\" height=\"150\" border=\"0\" \/><\/td>\n<td valign=\"top\" width=\"75\"><strong>3350<\/strong><\/td>\n<td valign=\"top\">\n<p><strong>Vanne d&#8217;arr\u00eat \u00e0 bride TriOflex<\/strong><\/p>\n<p>en fonte grise GG 25<br \/>Forme droite<br \/>avec joint de broche sans entretien<br \/>convient \u00e0 l&#8217;eau jusqu&#8217;\u00e0 120 \u00b0 C<br \/>Brides selon DIN 2531<br \/>PN 6<\/p>\n<\/td>\n<td valign=\"top\" nowrap=\"nowrap\">\n<div align=\"right\">DN 15<\/div>\n<div align=\"right\">DN 20<\/div>\n<div align=\"right\">DN 25<\/div>\n<div align=\"right\">DN 32<\/div>\n<div align=\"right\">DN 40<\/div>\n<div align=\"right\">DN 50<\/div>\n<div align=\"right\">DN 65<\/div>\n<div align=\"right\">DN 80<\/div>\n<div align=\"right\">DN 100<\/div>\n<div align=\"right\">DN 125<\/div>\n<div align=\"right\">DN 150<\/div>\n<div align=\"right\">DN 200<\/div>\n<\/td>\n<\/tr>\n<tr valign=\"top\" bgcolor=\"white\">\n<td valign=\"top\" bgcolor=\"white\" width=\"150\" height=\"5\">\u00a0<\/td>\n<td valign=\"top\" width=\"75\" height=\"5\">\u00a0<\/td>\n<td valign=\"top\" height=\"5\">\u00a0<\/td>\n<td valign=\"top\" nowrap=\"nowrap\" height=\"5\">\u00a0<\/td>\n<\/tr>\n<tr valign=\"top\">\n<td valign=\"top\" bgcolor=\"white\" width=\"150\"><img decoding=\"async\" src=\"https:\/\/hermannschmidt.de\/wp-content\/uploads\/2017\/08\/3355.jpg\" alt=\"\" width=\"150\" height=\"150\" border=\"0\" \/><\/td>\n<td valign=\"top\" width=\"75\"><strong>3355<\/strong><\/td>\n<td valign=\"top\">\n<p><strong>Vanne d&#8217;arr\u00eat \u00e0 bride TriOflex<\/strong><\/p>\n<p>en fonte grise GG 25<br \/>Forme droite<br \/>avec joint de broche sans entretien<br \/>convient \u00e0 l&#8217;eau jusqu&#8217;\u00e0 120 \u00b0 C<br \/>Brides selon DIN 2533<br \/>PN 16<\/p>\n<\/td>\n<td valign=\"top\" nowrap=\"nowrap\">\n<div align=\"right\">DN 15<\/div>\n<div align=\"right\">DN 20<\/div>\n<div align=\"right\">DN 25<\/div>\n<div align=\"right\">DN 32<\/div>\n<div align=\"right\">DN 40<\/div>\n<div align=\"right\">DN 50<\/div>\n<div align=\"right\">DN 65<\/div>\n<div align=\"right\">DN 80<\/div>\n<div align=\"right\">DN 100<\/div>\n<div align=\"right\">DN 125<\/div>\n<div align=\"right\">DN 150<\/div>\n<div align=\"right\">DN 200<\/div>\n<\/td>\n<\/tr>\n<tr valign=\"top\" bgcolor=\"white\">\n<td valign=\"top\" bgcolor=\"white\" width=\"150\" height=\"5\">\u00a0<\/td>\n<td valign=\"top\" width=\"75\" height=\"5\">\u00a0<\/td>\n<td valign=\"top\" height=\"5\">\u00a0<\/td>\n<td valign=\"top\" nowrap=\"nowrap\" height=\"5\">\u00a0<\/td>\n<\/tr>\n<tr valign=\"top\">\n<td valign=\"top\" bgcolor=\"white\" width=\"150\"><img decoding=\"async\" src=\"https:\/\/hermannschmidt.de\/wp-content\/uploads\/2017\/08\/3400.jpg\" alt=\"\" width=\"150\" height=\"150\" border=\"0\" \/><\/td>\n<td valign=\"top\" width=\"75\"><strong>3400<\/strong><\/td>\n<td valign=\"top\">\n<p><strong>Vanne d&#8217;arr\u00eat \u00e0 bride P<\/strong><\/p>\n<p>PN 40 en acier forg\u00e9 C 22 ou<br \/>Acier moul\u00e9 GC-C 25<br \/>Forme droite<br \/>avec fixation de support<br \/>Brides selon DIN<br \/>PN40<\/p>\n<\/td>\n<td valign=\"top\" nowrap=\"nowrap\">\n<div align=\"right\">DN 15<\/div>\n<div align=\"right\">DN 20<\/div>\n<div align=\"right\">DN 25<\/div>\n<div align=\"right\">DN 32<\/div>\n<div align=\"right\">DN 40<\/div>\n<div align=\"right\">DN 50<\/div>\n<div align=\"right\">DN 65<\/div>\n<div align=\"right\">DN 80<\/div>\n<div align=\"right\">DN 100<\/div>\n<div align=\"right\">DN 125<\/div>\n<div align=\"right\">DN 150<\/div>\n<div align=\"right\">DN 200<\/div>\n<\/td>\n<\/tr>\n<\/tbody>\n<\/table>\n<\/div><\/section>\n","protected":false},"excerpt":{"rendered":"","protected":false},"author":4,"featured_media":0,"parent":2054,"menu_order":0,"comment_status":"closed","ping_status":"closed","template":"","meta":{"footnotes":""},"class_list":["post-3536","page","type-page","status-publish","hentry"],"_links":{"self":[{"href":"https:\/\/hermannschmidt.de\/fr\/wp-json\/wp\/v2\/pages\/3536","targetHints":{"allow":["GET"]}}],"collection":[{"href":"https:\/\/hermannschmidt.de\/fr\/wp-json\/wp\/v2\/pages"}],"about":[{"href":"https:\/\/hermannschmidt.de\/fr\/wp-json\/wp\/v2\/types\/page"}],"author":[{"embeddable":true,"href":"https:\/\/hermannschmidt.de\/fr\/wp-json\/wp\/v2\/users\/4"}],"replies":[{"embeddable":true,"href":"https:\/\/hermannschmidt.de\/fr\/wp-json\/wp\/v2\/comments?post=3536"}],"version-history":[{"count":0,"href":"https:\/\/hermannschmidt.de\/fr\/wp-json\/wp\/v2\/pages\/3536\/revisions"}],"up":[{"embeddable":true,"href":"https:\/\/hermannschmidt.de\/fr\/wp-json\/wp\/v2\/pages\/2054"}],"wp:attachment":[{"href":"https:\/\/hermannschmidt.de\/fr\/wp-json\/wp\/v2\/media?parent=3536"}],"curies":[{"name":"wp","href":"https:\/\/api.w.org\/{rel}","templated":true}]}}