{"id":3256,"date":"2020-12-07T14:56:50","date_gmt":"2020-12-07T13:56:50","guid":{"rendered":"https:\/\/hermannschmidt.de\/robinetterie\/accessoires-de-raccordement\/robinet-serie-silverstar\/"},"modified":"2020-12-07T14:56:51","modified_gmt":"2020-12-07T13:56:51","slug":"robinet-serie-silverstar","status":"publish","type":"page","link":"https:\/\/hermannschmidt.de\/fr\/robinetterie\/accessoires-de-raccordement\/robinet-serie-silverstar\/","title":{"rendered":"Robinet Serie-Silverstar"},"content":{"rendered":"\n<style type=\"text\/css\" data-created_by=\"avia_inline_auto\" id=\"style-css-av-j0r24-c39d7c7717f787b1e7e681d832913a22\">\n#top .av-special-heading.av-j0r24-c39d7c7717f787b1e7e681d832913a22{\npadding-bottom:10px;\n}\nbody .av-special-heading.av-j0r24-c39d7c7717f787b1e7e681d832913a22 .av-special-heading-tag .heading-char{\nfont-size:25px;\n}\n.av-special-heading.av-j0r24-c39d7c7717f787b1e7e681d832913a22 .av-subheading{\nfont-size:15px;\n}\n<\/style>\n<div  class='av-special-heading av-j0r24-c39d7c7717f787b1e7e681d832913a22 av-special-heading-h1 blockquote modern-quote  avia-builder-el-0  el_before_av_hr  avia-builder-el-first '><h1 class='av-special-heading-tag '  itemprop=\"headline\"  >Robinet Serie-Silverstar<\/h1><div class=\"special-heading-border\"><div class=\"special-heading-inner-border\"><\/div><\/div><\/div>\n\n<style type=\"text\/css\" data-created_by=\"avia_inline_auto\" id=\"style-css-av-g7v44-9eed77adcd4ea39fc9bf9b6c87f31455\">\n#top .hr.hr-invisible.av-g7v44-9eed77adcd4ea39fc9bf9b6c87f31455{\nheight:20px;\n}\n<\/style>\n<div  class='hr av-g7v44-9eed77adcd4ea39fc9bf9b6c87f31455 hr-invisible  avia-builder-el-1  el_after_av_heading  el_before_av_textblock '><span class='hr-inner '><span class=\"hr-inner-style\"><\/span><\/span><\/div>\n<section  class='av_textblock_section av-7fizw-ec9f23d654add2e617e361f8735c6f36 '   itemscope=\"itemscope\" itemtype=\"https:\/\/schema.org\/CreativeWork\" ><div class='avia_textblock'  itemprop=\"text\" ><table class=\"dsR1\" border=\"0\" cellspacing=\"0\" cellpadding=\"0\">\n<tbody>\n<tr valign=\"top\" bgcolor=\"white\">\n<td valign=\"top\" bgcolor=\"white\" width=\"150\" height=\"36\">\u00a0<\/td>\n<td valign=\"top\" nowrap=\"nowrap\" width=\"75\" height=\"36\">\n<div align=\"left\"><strong>Art.<\/strong><strong>-Nr.<\/strong><\/div>\n<\/td>\n<td valign=\"top\" nowrap=\"nowrap\" height=\"36\">\n<div align=\"left\"><strong>D\u00e9signation<\/strong><\/div>\n<\/td>\n<td class=\"dsR4\" valign=\"top\" nowrap=\"nowrap\" height=\"36\">\n<div align=\"right\"><strong>Diam\u00e8tre<\/strong><\/div>\n<\/td>\n<td class=\"dsR4\" valign=\"top\" nowrap=\"nowrap\" height=\"36\">\n<div align=\"right\"><strong>Bl.<\/strong><\/div>\n<\/td>\n<td class=\"dsR4\" valign=\"top\" nowrap=\"nowrap\" height=\"36\">\n<div align=\"right\"><strong>Poids<\/strong><\/div>\n<\/td>\n<\/tr>\n<tr valign=\"top\" bgcolor=\"gray\">\n<td valign=\"top\" bgcolor=\"silver\" width=\"150\" height=\"36\">\u00a0<\/td>\n<td colspan=\"2\" valign=\"top\" nowrap=\"nowrap\" height=\"36\"><span style=\"color: white;\"><strong>Robinet s\u00e9rie &#8220;Silverstar&#8221;<\/strong><\/span><\/td>\n<td class=\"dsR4\" nowrap=\"nowrap\" height=\"36\">\u00a0<\/td>\n<td class=\"dsR4\" nowrap=\"nowrap\" height=\"36\">\u00a0<\/td>\n<td class=\"dsR4\" nowrap=\"nowrap\" height=\"36\">\u00a0<\/td>\n<\/tr>\n<tr valign=\"top\">\n<td valign=\"top\" bgcolor=\"white\" width=\"150\"><img decoding=\"async\" src=\"https:\/\/hermannschmidt.de\/wp-content\/uploads\/2017\/08\/2216.jpg\" alt=\"\" width=\"150\" height=\"150\" border=\"0\" \/><\/td>\n<td valign=\"top\" width=\"75\">\n<div align=\"left\"><strong>2216<\/strong><\/div>\n<\/td>\n<td valign=\"top\" nowrap=\"nowrap\">\n<div align=\"left\">Robinet de puisage chrom\u00e9 poli.<\/div>\n<div align=\"left\">Etanch\u00e9it\u00e9 O-Ring Raccord au nez avec joint<\/div>\n<div align=\"left\">Equip\u00e9 a\u00e9rateur.<\/div>\n<div align=\"left\">Poign\u00e9e Silverstar.<\/div>\n<\/td>\n<td class=\"dsR4\" valign=\"top\" nowrap=\"nowrap\">\n<div align=\"right\">1\/2&#8221;<\/div>\n<\/td>\n<td class=\"dsR4\" valign=\"top\" nowrap=\"nowrap\">\n<div align=\"right\">111<\/div>\n<\/td>\n<td class=\"dsR4\" valign=\"top\" nowrap=\"nowrap\">\n<div align=\"right\">320<\/div>\n<\/td>\n<\/tr>\n<tr valign=\"top\" bgcolor=\"white\">\n<td valign=\"top\" bgcolor=\"white\" width=\"150\" height=\"5\">\u00a0<\/td>\n<td valign=\"top\" width=\"75\" height=\"5\">\u00a0<\/td>\n<td valign=\"top\" nowrap=\"nowrap\" height=\"5\">\u00a0<\/td>\n<td class=\"dsR4\" valign=\"top\" nowrap=\"nowrap\" height=\"5\">\u00a0<\/td>\n<td class=\"dsR4\" valign=\"top\" nowrap=\"nowrap\" height=\"5\">\u00a0<\/td>\n<td class=\"dsR4\" valign=\"top\" nowrap=\"nowrap\" height=\"5\">\u00a0<\/td>\n<\/tr>\n<tr valign=\"top\">\n<td valign=\"top\" bgcolor=\"white\" width=\"150\"><img decoding=\"async\" src=\"https:\/\/hermannschmidt.de\/wp-content\/uploads\/2017\/08\/2226.jpg\" alt=\"\" width=\"150\" height=\"150\" border=\"0\" \/><\/td>\n<td valign=\"top\" width=\"75\">\n<div align=\"left\"><strong>2226<\/strong><\/div>\n<\/td>\n<td valign=\"top\" nowrap=\"nowrap\">\n<div align=\"left\">Robinet machine \u00e0 laver chrom\u00e9 poli<\/div>\n<div align=\"left\">Poign\u00e9e Silverstar<\/div>\n<\/td>\n<td class=\"dsR4\" valign=\"top\" nowrap=\"nowrap\">\n<div align=\"right\">1\/2&#8221;<\/div>\n<\/td>\n<td class=\"dsR4\" valign=\"top\" nowrap=\"nowrap\">\n<div align=\"right\">87<\/div>\n<\/td>\n<td class=\"dsR4\" valign=\"top\" nowrap=\"nowrap\">\n<div align=\"right\">250<\/div>\n<\/td>\n<\/tr>\n<tr valign=\"top\" bgcolor=\"white\">\n<td valign=\"top\" bgcolor=\"white\" width=\"150\" height=\"5\">\u00a0<\/td>\n<td valign=\"top\" width=\"75\" height=\"5\">\u00a0<\/td>\n<td valign=\"top\" nowrap=\"nowrap\" height=\"5\">\u00a0<\/td>\n<td class=\"dsR4\" valign=\"top\" nowrap=\"nowrap\" height=\"5\">\u00a0<\/td>\n<td class=\"dsR4\" valign=\"top\" nowrap=\"nowrap\" height=\"5\">\u00a0<\/td>\n<td class=\"dsR4\" valign=\"top\" nowrap=\"nowrap\" height=\"5\">\u00a0<\/td>\n<\/tr>\n<tr valign=\"top\">\n<td valign=\"top\" bgcolor=\"white\" width=\"150\"><img decoding=\"async\" src=\"https:\/\/hermannschmidt.de\/wp-content\/uploads\/2017\/08\/2236.jpg\" alt=\"\" width=\"150\" height=\"150\" border=\"0\" \/><\/td>\n<td valign=\"top\" width=\"75\">\n<div align=\"left\"><strong>2236<\/strong><\/div>\n<\/td>\n<td valign=\"top\" nowrap=\"nowrap\">\n<div align=\"left\">Robinet machine \u00e0 laver chrom\u00e9 poli<\/div>\n<div align=\"left\">Poign\u00e9e Silverstar<\/div>\n<div align=\"left\">Equip\u00e9 a\u00e9rateur<\/div>\n<\/td>\n<td class=\"dsR4\" valign=\"top\" nowrap=\"nowrap\">\n<div align=\"right\">1\/2&#8221;<\/div>\n<\/td>\n<td class=\"dsR4\" valign=\"top\" nowrap=\"nowrap\">\n<div align=\"right\">87<\/div>\n<\/td>\n<td class=\"dsR4\" valign=\"top\" nowrap=\"nowrap\">\n<div align=\"right\">320<\/div>\n<\/td>\n<\/tr>\n<tr valign=\"top\" bgcolor=\"white\">\n<td valign=\"top\" bgcolor=\"white\" width=\"150\" height=\"5\">\u00a0<\/td>\n<td valign=\"top\" width=\"75\" height=\"5\">\u00a0<\/td>\n<td valign=\"top\" nowrap=\"nowrap\" height=\"5\">\u00a0<\/td>\n<td class=\"dsR4\" valign=\"top\" nowrap=\"nowrap\" bgcolor=\"white\" height=\"5\">\u00a0<\/td>\n<td class=\"dsR4\" valign=\"top\" nowrap=\"nowrap\" bgcolor=\"white\" height=\"5\">\u00a0<\/td>\n<td class=\"dsR4\" valign=\"top\" nowrap=\"nowrap\" bgcolor=\"white\" height=\"5\">\u00a0<\/td>\n<\/tr>\n<tr valign=\"top\">\n<td valign=\"top\" bgcolor=\"white\" width=\"150\"><img decoding=\"async\" src=\"https:\/\/hermannschmidt.de\/wp-content\/uploads\/2017\/08\/2506.jpg\" alt=\"\" width=\"150\" height=\"150\" border=\"0\" \/><\/td>\n<td valign=\"top\" width=\"75\">\n<div align=\"left\"><strong>2506<\/strong><\/div>\n<\/td>\n<td valign=\"top\" nowrap=\"nowrap\">\n<div align=\"left\">Robinet \u00e9querre chrom\u00e9 poli.<\/div>\n<div align=\"left\">Equip\u00e9 d&#8217;une rosace coulissante avec allonge et<\/div>\n<div align=\"left\">vissage r\u00e9glable.<\/div>\n<div align=\"left\">Bague coupante en laiton inclus.<\/div>\n<div align=\"left\">marquage de contr\u00f4le PA-IX 665\/I<\/div>\n<div align=\"left\">Poign\u00e9e Silverstar<\/div>\n<\/td>\n<td class=\"dsR4\" valign=\"top\" nowrap=\"nowrap\">\n<div align=\"right\">1\/2&#8221; x 10<\/div>\n<\/td>\n<td class=\"dsR4\" valign=\"top\" nowrap=\"nowrap\">\n<div align=\"right\">78<\/div>\n<\/td>\n<td class=\"dsR4\" valign=\"top\" nowrap=\"nowrap\">\n<div align=\"right\">110<\/div>\n<\/td>\n<\/tr>\n<tr valign=\"top\" bgcolor=\"white\">\n<td valign=\"top\" bgcolor=\"white\" width=\"150\" height=\"5\">\u00a0<\/td>\n<td valign=\"top\" width=\"75\" height=\"5\">\u00a0<\/td>\n<td valign=\"top\" nowrap=\"nowrap\" height=\"5\">\u00a0<\/td>\n<td class=\"dsR4\" valign=\"top\" nowrap=\"nowrap\" bgcolor=\"white\" height=\"5\">\u00a0<\/td>\n<td class=\"dsR4\" valign=\"top\" nowrap=\"nowrap\" bgcolor=\"white\" height=\"5\">\u00a0<\/td>\n<td class=\"dsR4\" valign=\"top\" nowrap=\"nowrap\" bgcolor=\"white\" height=\"5\">\u00a0<\/td>\n<\/tr>\n<tr valign=\"top\">\n<td valign=\"top\" bgcolor=\"white\" width=\"150\"><img decoding=\"async\" src=\"https:\/\/hermannschmidt.de\/wp-content\/uploads\/2017\/08\/2516.jpg\" alt=\"\" width=\"150\" height=\"150\" border=\"0\" \/><\/td>\n<td valign=\"top\" width=\"75\">\n<div align=\"left\"><strong>2516<\/strong><\/div>\n<\/td>\n<td valign=\"top\" nowrap=\"nowrap\">\n<div align=\"left\">Robinet \u00e9querre chrom\u00e9 poli.<\/div>\n<div align=\"left\">Equip\u00e9 d&#8217;une rosace coulissante avec allonge et<\/div>\n<div align=\"left\">vissage r\u00e9glable.<\/div>\n<div align=\"left\">Bague coupante en laiton inclus.<\/div>\n<div align=\"left\">marquage de contr\u00f4le PA-IX 665\/I<\/div>\n<div align=\"left\">Filet auto-\u00e9tanche<\/div>\n<div align=\"left\">Poign\u00e9e Silverstar<\/div>\n<\/td>\n<td class=\"dsR4\" valign=\"top\" nowrap=\"nowrap\">\n<div align=\"right\">1\/2&#8221; x 10<\/div>\n<\/td>\n<td class=\"dsR4\" valign=\"top\" nowrap=\"nowrap\">\n<div align=\"right\">78<\/div>\n<\/td>\n<td class=\"dsR4\" valign=\"top\" nowrap=\"nowrap\">\n<div align=\"right\">110<\/div>\n<\/td>\n<\/tr>\n<tr valign=\"top\" bgcolor=\"white\">\n<td valign=\"top\" bgcolor=\"white\" width=\"150\" height=\"5\">\u00a0<\/td>\n<td valign=\"top\" width=\"75\" height=\"5\">\u00a0<\/td>\n<td valign=\"top\" nowrap=\"nowrap\" height=\"5\">\u00a0<\/td>\n<td class=\"dsR4\" valign=\"top\" nowrap=\"nowrap\" height=\"5\">\u00a0<\/td>\n<td class=\"dsR4\" valign=\"top\" nowrap=\"nowrap\" height=\"5\">\u00a0<\/td>\n<td class=\"dsR4\" valign=\"top\" nowrap=\"nowrap\" height=\"5\">\u00a0<\/td>\n<\/tr>\n<tr valign=\"top\">\n<td valign=\"top\" bgcolor=\"white\" width=\"150\"><img decoding=\"async\" src=\"https:\/\/hermannschmidt.de\/wp-content\/uploads\/2017\/08\/2526.jpg\" alt=\"\" width=\"150\" height=\"150\" border=\"0\" \/><\/td>\n<td valign=\"top\" width=\"75\">\n<div align=\"left\"><strong>2526<\/strong><\/div>\n<\/td>\n<td valign=\"top\" nowrap=\"nowrap\">\n<div align=\"left\">Robinet \u00e9querre \u00e0 boisseau sph\u00e9rique chrom\u00e9 poli<\/div>\n<div align=\"left\">avec rosace coulissante.<\/div>\n<div align=\"left\">Vissage r\u00e9glable.<\/div>\n<div align=\"left\">Bague coupante en laiton inclus.<\/div>\n<div align=\"left\">Poign\u00e9e Silverstar<\/div>\n<\/td>\n<td class=\"dsR4\" valign=\"top\" nowrap=\"nowrap\">\n<div align=\"right\">1\/2&#8221; x 10<\/div>\n<\/td>\n<td class=\"dsR4\" valign=\"top\" nowrap=\"nowrap\">\n<div align=\"right\">75<\/div>\n<\/td>\n<td class=\"dsR4\" valign=\"top\" nowrap=\"nowrap\">\n<div align=\"right\">110<\/div>\n<\/td>\n<\/tr>\n<tr valign=\"top\" bgcolor=\"white\">\n<td valign=\"top\" bgcolor=\"white\" width=\"150\" height=\"5\">\u00a0<\/td>\n<td valign=\"top\" width=\"75\" height=\"5\">\u00a0<\/td>\n<td valign=\"top\" nowrap=\"nowrap\" height=\"5\">\u00a0<\/td>\n<td class=\"dsR4\" valign=\"top\" nowrap=\"nowrap\" height=\"5\">\u00a0<\/td>\n<td class=\"dsR4\" valign=\"top\" nowrap=\"nowrap\" height=\"5\">\u00a0<\/td>\n<td class=\"dsR4\" valign=\"top\" nowrap=\"nowrap\" height=\"5\">\u00a0<\/td>\n<\/tr>\n<tr valign=\"top\">\n<td valign=\"top\" bgcolor=\"white\" width=\"150\"><img decoding=\"async\" src=\"https:\/\/hermannschmidt.de\/wp-content\/uploads\/2017\/08\/2536.jpg\" alt=\"\" width=\"150\" height=\"150\" border=\"0\" \/><\/td>\n<td valign=\"top\" width=\"75\">\n<div align=\"left\"><strong>2536<\/strong><\/div>\n<\/td>\n<td valign=\"top\" nowrap=\"nowrap\">\n<div align=\"left\">Robinet \u00e9querre \u00e0 boisseau sph\u00e9rique chrom\u00e9 poli<\/div>\n<div align=\"left\">avec rosace coulissante. Vissage r\u00e9glable.<\/div>\n<div align=\"left\">Bague coupante en laiton inclus.<\/div>\n<div align=\"left\">Filet auto-\u00e9tanche<\/div>\n<div align=\"left\">Poign\u00e9e Silverstar\u00a0.<\/div>\n<\/td>\n<td class=\"dsR4\" valign=\"top\" nowrap=\"nowrap\">\n<div align=\"right\">1\/2&#8221; x 10<\/div>\n<\/td>\n<td class=\"dsR4\" valign=\"top\" nowrap=\"nowrap\">\n<div align=\"right\">75<\/div>\n<\/td>\n<td class=\"dsR4\" valign=\"top\" nowrap=\"nowrap\">\n<div align=\"right\">110<\/div>\n<\/td>\n<\/tr>\n<tr valign=\"top\" bgcolor=\"white\">\n<td valign=\"top\" bgcolor=\"white\" width=\"150\" height=\"5\">\u00a0<\/td>\n<td valign=\"top\" width=\"75\" height=\"5\">\u00a0<\/td>\n<td valign=\"top\" nowrap=\"nowrap\" height=\"5\">\u00a0<\/td>\n<td class=\"dsR4\" valign=\"top\" nowrap=\"nowrap\" height=\"5\">\u00a0<\/td>\n<td class=\"dsR4\" valign=\"top\" nowrap=\"nowrap\" height=\"5\">\u00a0<\/td>\n<td class=\"dsR4\" valign=\"top\" nowrap=\"nowrap\" height=\"5\">\u00a0<\/td>\n<\/tr>\n<tr valign=\"top\">\n<td valign=\"top\" bgcolor=\"white\" width=\"150\"><img decoding=\"async\" src=\"https:\/\/hermannschmidt.de\/wp-content\/uploads\/2017\/08\/2606.jpg\" alt=\"\" width=\"150\" height=\"150\" border=\"0\" \/><\/td>\n<td valign=\"top\" width=\"75\">\n<div align=\"left\"><strong>2606<\/strong><\/div>\n<\/td>\n<td valign=\"top\" nowrap=\"nowrap\">\n<div align=\"left\">Robinet \u00e9querre combin\u00e9 chrom\u00e9 poli selon<\/div>\n<div align=\"left\">DIN 3509, DIN 3227<\/div>\n<div align=\"left\">Raccord au nez avec joint.<\/div>\n<div align=\"left\">Equip\u00e9 clapet anti-retour<\/div>\n<div align=\"left\">Poign\u00e9e Silverstar<\/div>\n<\/td>\n<td class=\"dsR4\" valign=\"top\" nowrap=\"nowrap\">\n<div align=\"right\">1\/2&#8221; x 10<\/div>\n<\/td>\n<td class=\"dsR4\" valign=\"top\" nowrap=\"nowrap\">\n<div align=\"right\">105<\/div>\n<\/td>\n<td class=\"dsR4\" valign=\"top\" nowrap=\"nowrap\">\n<div align=\"right\">280<\/div>\n<\/td>\n<\/tr>\n<tr valign=\"top\" bgcolor=\"white\">\n<td valign=\"top\" bgcolor=\"white\" width=\"150\" height=\"5\">\u00a0<\/td>\n<td valign=\"top\" width=\"75\" height=\"5\">\u00a0<\/td>\n<td valign=\"top\" nowrap=\"nowrap\" height=\"5\">\u00a0<\/td>\n<td class=\"dsR4\" valign=\"top\" nowrap=\"nowrap\" height=\"5\">\u00a0<\/td>\n<td class=\"dsR4\" valign=\"top\" nowrap=\"nowrap\" height=\"5\">\u00a0<\/td>\n<td class=\"dsR4\" valign=\"top\" nowrap=\"nowrap\" height=\"5\">\u00a0<\/td>\n<\/tr>\n<tr valign=\"top\">\n<td valign=\"top\" bgcolor=\"white\" width=\"150\"><img decoding=\"async\" src=\"https:\/\/hermannschmidt.de\/wp-content\/uploads\/2017\/08\/2607.jpg\" alt=\"\" width=\"150\" height=\"150\" border=\"0\" \/><\/td>\n<td valign=\"top\" width=\"75\">\n<div align=\"left\"><strong>2607<\/strong><\/div>\n<\/td>\n<td valign=\"top\" nowrap=\"nowrap\">\n<div align=\"left\"><strong>Robinet \u00e9querre combin\u00e9 chrom\u00e9 poli selon<\/strong><\/div>\n<div align=\"left\">DIN 3509, DIN 3227<\/div>\n<div align=\"left\">Raccord au nez avec joint<\/div>\n<div align=\"left\">Equip\u00e9 clapet anti-retour et a\u00e9rateur<\/div>\n<div align=\"left\">Poign\u00e9e Silverstar<\/div>\n<\/td>\n<td class=\"dsR4\" valign=\"top\" nowrap=\"nowrap\">\n<div align=\"right\">1\/2&#8221; x 10<\/div>\n<\/td>\n<td class=\"dsR4\" valign=\"top\" nowrap=\"nowrap\">\n<div align=\"right\">107<\/div>\n<\/td>\n<td class=\"dsR4\" valign=\"top\" nowrap=\"nowrap\">\n<div align=\"right\">390<\/div>\n<\/td>\n<\/tr>\n<tr valign=\"top\" bgcolor=\"white\">\n<td valign=\"top\" bgcolor=\"white\" width=\"150\" height=\"5\">\u00a0<\/td>\n<td valign=\"top\" width=\"75\" height=\"5\">\u00a0<\/td>\n<td valign=\"top\" nowrap=\"nowrap\" height=\"5\">\u00a0<\/td>\n<td class=\"dsR4\" valign=\"top\" nowrap=\"nowrap\" height=\"5\">\u00a0<\/td>\n<td class=\"dsR4\" valign=\"top\" nowrap=\"nowrap\" height=\"5\">\u00a0<\/td>\n<td class=\"dsR4\" valign=\"top\" nowrap=\"nowrap\" height=\"5\">\u00a0<\/td>\n<\/tr>\n<tr valign=\"top\">\n<td valign=\"top\" bgcolor=\"white\" width=\"150\"><img decoding=\"async\" src=\"https:\/\/hermannschmidt.de\/wp-content\/uploads\/2017\/08\/2616.jpg\" alt=\"\" width=\"150\" height=\"150\" border=\"0\" \/><\/td>\n<td valign=\"top\" width=\"75\">\n<div align=\"left\"><strong>2616<\/strong><\/div>\n<\/td>\n<td valign=\"top\" nowrap=\"nowrap\">\n<div align=\"left\"><strong>Robinet \u00e9querre combin\u00e9 chrom\u00e9 poli selon<\/strong><\/div>\n<div align=\"left\">DIN 3509, DIN 3227<\/div>\n<div align=\"left\">Raccord au nez avec joint.<\/div>\n<div align=\"left\">Equip\u00e9 clapet anti-retour<\/div>\n<div align=\"left\">Filet auto-\u00e9tanche<\/div>\n<div align=\"left\">Poign\u00e9e Silverstar<\/div>\n<\/td>\n<td class=\"dsR4\" valign=\"top\" nowrap=\"nowrap\">\n<div align=\"right\">1\/2&#8221; x 10<\/div>\n<\/td>\n<td class=\"dsR4\" valign=\"top\" nowrap=\"nowrap\">\n<div align=\"right\">105<\/div>\n<\/td>\n<td class=\"dsR4\" valign=\"top\" nowrap=\"nowrap\">\n<div align=\"right\">280<\/div>\n<\/td>\n<\/tr>\n<tr valign=\"top\" bgcolor=\"white\">\n<td valign=\"top\" bgcolor=\"white\" width=\"150\" height=\"5\">\u00a0<\/td>\n<td valign=\"top\" width=\"75\" height=\"5\">\u00a0<\/td>\n<td valign=\"top\" nowrap=\"nowrap\" height=\"5\">\u00a0<\/td>\n<td class=\"dsR4\" valign=\"top\" nowrap=\"nowrap\" height=\"5\">\u00a0<\/td>\n<td class=\"dsR4\" valign=\"top\" nowrap=\"nowrap\" height=\"5\">\u00a0<\/td>\n<td class=\"dsR4\" valign=\"top\" nowrap=\"nowrap\" height=\"5\">\u00a0<\/td>\n<\/tr>\n<tr valign=\"top\">\n<td valign=\"top\" bgcolor=\"white\" width=\"150\"><img decoding=\"async\" src=\"https:\/\/hermannschmidt.de\/wp-content\/uploads\/2017\/08\/2617.jpg\" alt=\"\" width=\"150\" height=\"150\" border=\"0\" \/><\/td>\n<td valign=\"top\" width=\"75\">\n<div align=\"left\"><strong>2617<\/strong><\/div>\n<\/td>\n<td valign=\"top\" nowrap=\"nowrap\">\n<div align=\"left\"><strong>Robinet \u00e9querre combin\u00e9 chrom\u00e9 poli selon<\/strong><\/div>\n<div align=\"left\">DIN 3509, DIN 3227<\/div>\n<div align=\"left\">Raccord au nez avec joint.<\/div>\n<div align=\"left\">Equip\u00e9 clapet anti-retour et a\u00e9rateur<\/div>\n<div align=\"left\">Filet auto-\u00e9tanche<\/div>\n<div align=\"left\">Poign\u00e9e Silverstar\u00a0<\/div>\n<\/td>\n<td class=\"dsR4\" valign=\"top\" nowrap=\"nowrap\">\n<div align=\"right\">1\/2&#8221; x 10<\/div>\n<\/td>\n<td class=\"dsR4\" valign=\"top\" nowrap=\"nowrap\">\n<div align=\"right\">107<\/div>\n<\/td>\n<td class=\"dsR4\" valign=\"top\" nowrap=\"nowrap\">\n<div align=\"right\">390<\/div>\n<\/td>\n<\/tr>\n<tr valign=\"top\" bgcolor=\"white\">\n<td valign=\"top\" bgcolor=\"white\" width=\"150\" height=\"5\">\u00a0<\/td>\n<td valign=\"top\" width=\"75\" height=\"5\">\u00a0<\/td>\n<td valign=\"top\" nowrap=\"nowrap\" height=\"5\">\u00a0<\/td>\n<td class=\"dsR4\" valign=\"top\" nowrap=\"nowrap\" height=\"5\">\u00a0<\/td>\n<td class=\"dsR4\" valign=\"top\" nowrap=\"nowrap\" height=\"5\">\u00a0<\/td>\n<td class=\"dsR4\" valign=\"top\" nowrap=\"nowrap\" height=\"5\">\u00a0<\/td>\n<\/tr>\n<tr valign=\"top\">\n<td valign=\"top\" bgcolor=\"white\" width=\"150\"><img decoding=\"async\" src=\"https:\/\/hermannschmidt.de\/wp-content\/uploads\/2017\/08\/2626.jpg\" alt=\"\" width=\"150\" height=\"150\" border=\"0\" \/><\/td>\n<td valign=\"top\" width=\"75\">\n<div align=\"left\"><strong>2626<\/strong><\/div>\n<\/td>\n<td valign=\"top\" nowrap=\"nowrap\">\n<div align=\"left\"><strong>Robinet entraxe de 50mm raccordements 3\/8\u201c<\/strong><\/div>\n<div align=\"left\">chrom\u00e9 poli. Poign\u00e9e design<\/div>\n<div align=\"left\">Equip\u00e9 clapet anti-retour,entraxe 50mm<\/div>\n<\/td>\n<td class=\"dsR4\" valign=\"top\" nowrap=\"nowrap\">\n<div align=\"right\">3\/8&#8221; x 10<\/div>\n<\/td>\n<td class=\"dsR4\" valign=\"top\" nowrap=\"nowrap\">\u00a0<\/td>\n<td class=\"dsR4\" valign=\"top\" nowrap=\"nowrap\">\n<div align=\"right\">300<\/div>\n<\/td>\n<\/tr>\n<\/tbody>\n<\/table>\n<\/div><\/section>\n","protected":false},"excerpt":{"rendered":"","protected":false},"author":4,"featured_media":0,"parent":2036,"menu_order":0,"comment_status":"closed","ping_status":"closed","template":"","meta":{"footnotes":""},"class_list":["post-3256","page","type-page","status-publish","hentry"],"_links":{"self":[{"href":"https:\/\/hermannschmidt.de\/fr\/wp-json\/wp\/v2\/pages\/3256","targetHints":{"allow":["GET"]}}],"collection":[{"href":"https:\/\/hermannschmidt.de\/fr\/wp-json\/wp\/v2\/pages"}],"about":[{"href":"https:\/\/hermannschmidt.de\/fr\/wp-json\/wp\/v2\/types\/page"}],"author":[{"embeddable":true,"href":"https:\/\/hermannschmidt.de\/fr\/wp-json\/wp\/v2\/users\/4"}],"replies":[{"embeddable":true,"href":"https:\/\/hermannschmidt.de\/fr\/wp-json\/wp\/v2\/comments?post=3256"}],"version-history":[{"count":0,"href":"https:\/\/hermannschmidt.de\/fr\/wp-json\/wp\/v2\/pages\/3256\/revisions"}],"up":[{"embeddable":true,"href":"https:\/\/hermannschmidt.de\/fr\/wp-json\/wp\/v2\/pages\/2036"}],"wp:attachment":[{"href":"https:\/\/hermannschmidt.de\/fr\/wp-json\/wp\/v2\/media?parent=3256"}],"curies":[{"name":"wp","href":"https:\/\/api.w.org\/{rel}","templated":true}]}}