{"id":3230,"date":"2020-12-07T14:27:24","date_gmt":"2020-12-07T13:27:24","guid":{"rendered":"https:\/\/hermannschmidt.de\/robinetterie\/accessoires-de-raccordement\/robinet-equerre-robinet-equerre-combine\/"},"modified":"2020-12-07T14:27:25","modified_gmt":"2020-12-07T13:27:25","slug":"robinet-equerre-robinet-equerre-combine","status":"publish","type":"page","link":"https:\/\/hermannschmidt.de\/fr\/robinetterie\/accessoires-de-raccordement\/robinet-equerre-robinet-equerre-combine\/","title":{"rendered":"Robinet \u00e9querre\u00a0\/ robinet \u00e9querre combin\u00e9"},"content":{"rendered":"\n<style type=\"text\/css\" data-created_by=\"avia_inline_auto\" id=\"style-css-av-b2t2n-42257df156b659fa036430ee2e5f14fa\">\n#top .av-special-heading.av-b2t2n-42257df156b659fa036430ee2e5f14fa{\npadding-bottom:10px;\n}\nbody .av-special-heading.av-b2t2n-42257df156b659fa036430ee2e5f14fa .av-special-heading-tag .heading-char{\nfont-size:25px;\n}\n.av-special-heading.av-b2t2n-42257df156b659fa036430ee2e5f14fa .av-subheading{\nfont-size:15px;\n}\n<\/style>\n<div  class='av-special-heading av-b2t2n-42257df156b659fa036430ee2e5f14fa av-special-heading-h1 blockquote modern-quote  avia-builder-el-0  el_before_av_hr  avia-builder-el-first '><h1 class='av-special-heading-tag '  itemprop=\"headline\"  >Robinet \u00e9querre \/ robinet \u00e9querre combin\u00e9<\/h1><div class=\"special-heading-border\"><div class=\"special-heading-inner-border\"><\/div><\/div><\/div>\n\n<style type=\"text\/css\" data-created_by=\"avia_inline_auto\" id=\"style-css-av-eol53-f9b0be85d2fc2c5953443ba39c4db6ef\">\n#top .hr.hr-invisible.av-eol53-f9b0be85d2fc2c5953443ba39c4db6ef{\nheight:20px;\n}\n<\/style>\n<div  class='hr av-eol53-f9b0be85d2fc2c5953443ba39c4db6ef hr-invisible  avia-builder-el-1  el_after_av_heading  el_before_av_textblock '><span class='hr-inner '><span class=\"hr-inner-style\"><\/span><\/span><\/div>\n<section  class='av_textblock_section av-bgoav-43e34a27187e4e6360f40499428fbf3a '   itemscope=\"itemscope\" itemtype=\"https:\/\/schema.org\/CreativeWork\" ><div class='avia_textblock'  itemprop=\"text\" ><table class=\"dsR1\" border=\"0\" cellspacing=\"0\" cellpadding=\"0\">\n<tbody>\n<tr valign=\"top\" bgcolor=\"white\">\n<td valign=\"top\" width=\"150\" height=\"36\">\u00a0<\/td>\n<td valign=\"top\" nowrap=\"nowrap\" width=\"75\" height=\"36\"><strong>Art.-Nr.<\/strong><\/td>\n<td valign=\"top\" nowrap=\"nowrap\" height=\"36\">\n<div align=\"left\"><strong>D\u00e9signation<\/strong><\/div>\n<\/td>\n<td class=\"dsR4\" valign=\"top\" nowrap=\"nowrap\" height=\"36\">\n<div align=\"right\"><strong>Diam\u00e8tre<\/strong><\/div>\n<\/td>\n<td valign=\"top\" nowrap=\"nowrap\" height=\"36\">\n<div align=\"right\"><strong>Bl.<\/strong><\/div>\n<\/td>\n<td class=\"dsR4\" valign=\"top\" nowrap=\"nowrap\" height=\"36\">\n<div align=\"right\"><strong>Poids<\/strong><\/div>\n<\/td>\n<\/tr>\n<tr valign=\"top\" bgcolor=\"gray\">\n<td valign=\"top\" bgcolor=\"silver\" width=\"150\" height=\"36\">\u00a0<\/td>\n<td colspan=\"2\" valign=\"top\" nowrap=\"nowrap\" bgcolor=\"gray\" height=\"36\"><strong><span style=\"color: white;\">Eckventile\/Kombi-Eckventile<\/span><\/strong><\/td>\n<td class=\"dsR4\" nowrap=\"nowrap\" bgcolor=\"gray\" height=\"36\">\u00a0<\/td>\n<td nowrap=\"nowrap\" bgcolor=\"gray\" height=\"36\">\u00a0<\/td>\n<td class=\"dsR4\" nowrap=\"nowrap\" bgcolor=\"gray\" height=\"36\">\u00a0<\/td>\n<\/tr>\n<tr valign=\"top\">\n<td valign=\"top\" width=\"150\"><img decoding=\"async\" src=\"https:\/\/hermannschmidt.de\/wp-content\/uploads\/2017\/08\/2500.jpg\" alt=\"\" width=\"150\" height=\"150\" border=\"0\" \/><\/td>\n<td valign=\"top\" width=\"75\"><strong>2500<\/strong><\/td>\n<td valign=\"top\">\n<div align=\"left\">Robinet \u00e9querre chrom\u00e9 poli.<\/div>\n<div align=\"left\">Equip\u00e9 d&#8217;une rosace coulissante avec allonge et vissage r\u00e9glable. Bague coupante en laiton inclus. marquage de contr\u00f4le PA-IX 665\/I<\/div>\n<\/td>\n<td class=\"dsR4\" valign=\"top\" nowrap=\"nowrap\">\n<div align=\"right\">1\/2&#8221; x 10<\/div>\n<\/td>\n<td valign=\"top\" nowrap=\"nowrap\">\n<div align=\"right\">78<\/div>\n<\/td>\n<td class=\"dsR4\" valign=\"top\" nowrap=\"nowrap\">\n<div align=\"right\">110<\/div>\n<\/td>\n<\/tr>\n<tr valign=\"top\" bgcolor=\"white\">\n<td valign=\"top\" width=\"150\" height=\"5\">\u00a0<\/td>\n<td valign=\"top\" width=\"75\" height=\"5\">\u00a0<\/td>\n<td valign=\"top\" height=\"5\">\u00a0<\/td>\n<td class=\"dsR4\" valign=\"top\" nowrap=\"nowrap\" height=\"5\">\u00a0<\/td>\n<td valign=\"top\" nowrap=\"nowrap\" height=\"5\">\u00a0<\/td>\n<td class=\"dsR4\" valign=\"top\" nowrap=\"nowrap\" height=\"5\">\u00a0<\/td>\n<\/tr>\n<tr valign=\"top\">\n<td valign=\"top\" width=\"150\"><img decoding=\"async\" src=\"https:\/\/hermannschmidt.de\/wp-content\/uploads\/2017\/08\/2510.jpg\" alt=\"\" width=\"150\" height=\"150\" border=\"0\" \/><\/td>\n<td valign=\"top\" width=\"75\"><strong>2510<\/strong><\/td>\n<td valign=\"top\">\n<div align=\"left\"><span class=\"ds2\">Robinet \u00e9querre chrom\u00e9 poli. Equip\u00e9 d&#8217;une rosace coulissante avec allonge et vissage r\u00e9glable. Bague coupante en laiton inclus.\u00a0<\/span><\/div>\n<div align=\"left\">Filet auto \u00e9tanche marquage de contr\u00f4le PA-IX 665\/I<\/div>\n<\/td>\n<td class=\"dsR4\" valign=\"top\" nowrap=\"nowrap\">\n<div align=\"right\">1\/2&#8221; x 10<\/div>\n<\/td>\n<td valign=\"top\" nowrap=\"nowrap\">\n<div align=\"right\">78<\/div>\n<\/td>\n<td class=\"dsR4\" valign=\"top\" nowrap=\"nowrap\">\n<div align=\"right\">110<\/div>\n<\/td>\n<\/tr>\n<tr valign=\"top\" bgcolor=\"white\">\n<td valign=\"top\" width=\"150\" height=\"5\">\u00a0<\/td>\n<td valign=\"top\" width=\"75\" height=\"5\">\u00a0<\/td>\n<td valign=\"top\" height=\"5\">\u00a0<\/td>\n<td class=\"dsR4\" valign=\"top\" nowrap=\"nowrap\" height=\"5\">\u00a0<\/td>\n<td valign=\"top\" nowrap=\"nowrap\" height=\"5\">\u00a0<\/td>\n<td class=\"dsR4\" valign=\"top\" nowrap=\"nowrap\" height=\"5\">\u00a0<\/td>\n<\/tr>\n<tr valign=\"top\">\n<td valign=\"top\" width=\"150\"><img decoding=\"async\" src=\"https:\/\/hermannschmidt.de\/wp-content\/uploads\/2017\/08\/2520.jpg\" alt=\"\" width=\"150\" height=\"150\" border=\"0\" \/><\/td>\n<td valign=\"top\" width=\"75\"><strong>2520<\/strong><\/td>\n<td valign=\"top\">\n<div align=\"left\">Robinet \u00e9querre \u00e0 boisseau sph\u00e9rique \u00bc de tour chrom\u00e9 poli<\/div>\n<div align=\"left\">avec rosace coulissante.Poign\u00e9e design, vissage r\u00e9glable.<\/div>\n<div align=\"left\">Bague coupante en laiton inclus.<\/div>\n<\/td>\n<td class=\"dsR4\" valign=\"top\" nowrap=\"nowrap\">\n<div align=\"right\">1\/2&#8221; x 10<\/div>\n<\/td>\n<td valign=\"top\" nowrap=\"nowrap\">\n<div align=\"right\">75<\/div>\n<\/td>\n<td class=\"dsR4\" valign=\"top\" nowrap=\"nowrap\">\n<div align=\"right\">100<\/div>\n<\/td>\n<\/tr>\n<tr valign=\"top\" bgcolor=\"white\">\n<td valign=\"top\" width=\"150\" height=\"5\">\u00a0<\/td>\n<td valign=\"top\" width=\"75\" height=\"5\">\u00a0<\/td>\n<td valign=\"top\" height=\"5\">\u00a0<\/td>\n<td class=\"dsR4\" valign=\"top\" nowrap=\"nowrap\" height=\"5\">\u00a0<\/td>\n<td valign=\"top\" nowrap=\"nowrap\" height=\"5\">\u00a0<\/td>\n<td class=\"dsR4\" valign=\"top\" nowrap=\"nowrap\" height=\"5\">\u00a0<\/td>\n<\/tr>\n<tr valign=\"top\">\n<td valign=\"top\" width=\"150\"><img decoding=\"async\" src=\"https:\/\/hermannschmidt.de\/wp-content\/uploads\/2017\/08\/2600.jpg\" alt=\"\" width=\"150\" height=\"150\" border=\"0\" \/><\/td>\n<td valign=\"top\" width=\"75\"><strong>2600<\/strong><\/td>\n<td valign=\"top\">\n<div align=\"left\">Robinet \u00e9querre combin\u00e9 chrom\u00e9 poli selon DIN 3509, DIN 3227<\/div>\n<div align=\"left\">Raccord au nez avec joint. Equip\u00e9 clapet anti-retour<\/div>\n<div align=\"left\">Marquage de contr\u00f4le P-IX 022\/IIA<\/div>\n<div align=\"left\">\u00a0<\/div>\n<\/td>\n<td class=\"dsR4\" valign=\"top\" nowrap=\"nowrap\">\n<div align=\"right\">1\/2&#8243; x 10<\/div>\n<\/td>\n<td valign=\"top\" nowrap=\"nowrap\">\n<div align=\"right\">105<\/div>\n<\/td>\n<td class=\"dsR4\" valign=\"top\" nowrap=\"nowrap\">\n<div align=\"right\">280<\/div>\n<\/td>\n<\/tr>\n<tr valign=\"top\" bgcolor=\"white\">\n<td valign=\"top\" width=\"150\" height=\"5\">\u00a0<\/td>\n<td valign=\"top\" width=\"75\" height=\"5\">\u00a0<\/td>\n<td valign=\"top\" height=\"5\">\u00a0<\/td>\n<td class=\"dsR4\" valign=\"top\" nowrap=\"nowrap\" height=\"5\">\u00a0<\/td>\n<td valign=\"top\" nowrap=\"nowrap\" height=\"5\">\u00a0<\/td>\n<td class=\"dsR4\" valign=\"top\" nowrap=\"nowrap\" height=\"5\">\u00a0<\/td>\n<\/tr>\n<tr valign=\"top\">\n<td valign=\"top\" width=\"150\"><img decoding=\"async\" src=\"https:\/\/hermannschmidt.de\/wp-content\/uploads\/2017\/08\/2601.jpg\" alt=\"\" width=\"150\" height=\"150\" border=\"0\" \/><\/td>\n<td valign=\"top\" width=\"75\"><strong>2601<\/strong><\/td>\n<td valign=\"top\">\n<div align=\"left\">Robinet \u00e9querre combin\u00e9 chrom\u00e9 poli selon<\/div>\n<div align=\"left\">DIN 3509, DIN 3227<\/div>\n<div align=\"left\">Raccord au nez avec joint<\/div>\n<div align=\"left\">Equip\u00e9 clapet anti-retour et a\u00e9rateur<\/div>\n<\/td>\n<td class=\"dsR4\" valign=\"top\" nowrap=\"nowrap\">\n<div align=\"right\">1\/2&#8243; x 10<\/div>\n<\/td>\n<td valign=\"top\" nowrap=\"nowrap\">\n<div align=\"right\">107<\/div>\n<\/td>\n<td class=\"dsR4\" valign=\"top\" nowrap=\"nowrap\">\n<div align=\"right\">380<\/div>\n<\/td>\n<\/tr>\n<tr valign=\"top\" bgcolor=\"white\">\n<td valign=\"top\" width=\"150\" height=\"5\">\u00a0<\/td>\n<td valign=\"top\" width=\"75\" height=\"5\">\u00a0<\/td>\n<td valign=\"top\" height=\"5\">\u00a0<\/td>\n<td class=\"dsR4\" valign=\"top\" nowrap=\"nowrap\" height=\"5\">\u00a0<\/td>\n<td valign=\"top\" nowrap=\"nowrap\" height=\"5\">\u00a0<\/td>\n<td class=\"dsR4\" valign=\"top\" nowrap=\"nowrap\" height=\"5\">\u00a0<\/td>\n<\/tr>\n<tr valign=\"top\">\n<td valign=\"top\" width=\"150\"><img decoding=\"async\" src=\"https:\/\/hermannschmidt.de\/wp-content\/uploads\/2017\/08\/2610.jpg\" alt=\"\" width=\"150\" height=\"150\" border=\"0\" \/><\/td>\n<td valign=\"top\" width=\"75\"><strong>2610<\/strong><\/td>\n<td valign=\"top\">\n<div align=\"left\">Robinet \u00e9querre combin\u00e9 chrom\u00e9 poli selon<\/div>\n<div align=\"left\">DIN 3509, DIN 3227<\/div>\n<div align=\"left\">Raccord au nez avec joint. Equip\u00e9 clapet anti-retour<\/div>\n<div align=\"left\">Filet auto-\u00e9tanche Marquage de contr\u00f4le P-IX 022\/IIA<\/div>\n<\/td>\n<td class=\"dsR4\" valign=\"top\" nowrap=\"nowrap\">\n<div align=\"right\">1\/2&#8243; x 10<\/div>\n<\/td>\n<td valign=\"top\" nowrap=\"nowrap\">\n<div align=\"right\">105<\/div>\n<\/td>\n<td class=\"dsR4\" valign=\"top\" nowrap=\"nowrap\">\n<div align=\"right\">280<\/div>\n<\/td>\n<\/tr>\n<tr valign=\"top\" bgcolor=\"white\">\n<td valign=\"top\" width=\"150\" height=\"5\">\u00a0<\/td>\n<td valign=\"top\" width=\"75\" height=\"5\">\u00a0<\/td>\n<td valign=\"top\" height=\"5\">\u00a0<\/td>\n<td class=\"dsR4\" valign=\"top\" nowrap=\"nowrap\" height=\"5\">\u00a0<\/td>\n<td valign=\"top\" nowrap=\"nowrap\" height=\"5\">\u00a0<\/td>\n<td class=\"dsR4\" valign=\"top\" nowrap=\"nowrap\" height=\"5\">\u00a0<\/td>\n<\/tr>\n<tr valign=\"top\">\n<td valign=\"top\" bgcolor=\"white\" width=\"150\"><img decoding=\"async\" src=\"https:\/\/hermannschmidt.de\/wp-content\/uploads\/2017\/08\/2611.jpg\" alt=\"\" width=\"150\" height=\"150\" border=\"0\" \/><\/td>\n<td valign=\"top\" width=\"75\"><strong>2611<\/strong><\/td>\n<td valign=\"top\">\n<div align=\"left\">Robinet \u00e9querre combin\u00e9 chrom\u00e9 poli selon<\/div>\n<div align=\"left\">DIN 3509, DIN 3227<\/div>\n<div align=\"left\">Raccord au nez avec joint. Equip\u00e9 clapet anti-retour et a\u00e9rateur\u00a0<\/div>\n<div align=\"left\">Marquage de contr\u00f4le P-IX 022\/IIA<\/div>\n<\/td>\n<td class=\"dsR4\" valign=\"top\" nowrap=\"nowrap\">\n<div align=\"right\">1\/2&#8243; x 10<\/div>\n<\/td>\n<td valign=\"top\" nowrap=\"nowrap\">\n<div align=\"right\">107<\/div>\n<\/td>\n<td class=\"dsR4\" valign=\"top\" nowrap=\"nowrap\">\n<div align=\"right\">380<\/div>\n<\/td>\n<\/tr>\n<\/tbody>\n<\/table>\n<\/div><\/section>\n<div  class='hr av-jxkglz91-ae132a3ef2952dd15b515617786cf64e hr-default  avia-builder-el-3  el_after_av_textblock  el_before_av_textblock '><span class='hr-inner '><span class=\"hr-inner-style\"><\/span><\/span><\/div>\n<section  class='av_textblock_section av-jxkglfet-605c8171e41e99fb5fde05fd8de8ab07 '   itemscope=\"itemscope\" itemtype=\"https:\/\/schema.org\/CreativeWork\" ><div class='avia_textblock'  itemprop=\"text\" ><h2>Pas d&#8217;eau sans robinet \u00e9querre<\/h2>\n<p>Les robinets \u00e9querres sont utilis\u00e9es partout o\u00f9 un raccord de tuyau est connect\u00e9 \u00e0 une conduite d&#8217;eau dans le mur. Sa t\u00e2che est de r\u00e9guler l&#8217;alimentation en eau des raccords et des appareils ou de les fermer compl\u00e8tement. Ils se trouvent g\u00e9n\u00e9ralement dans la cuisine sous l&#8217;\u00e9vier ou dans la salle de bain sous le lavabo, o\u00f9 les raccords respectifs sont reli\u00e9s par des tuyaux dits flexibles. Seules les installations plus anciennes ont encore des raccords de tuyaux rigides. Les robinets \u00e9querres apparaissent g\u00e9n\u00e9ralement par paires une sur l&#8217;eau chaude et une sur le raccordement d&#8217;eau froide &#8211; et sont \u00e9galement utilis\u00e9es pour connecter des appareils tels que des filtres \u00e0 eau, des machines \u00e0 laver ou des lave-vaisselle. La variante pr\u00e9dominante est l&#8217;installation de robinets d&#8217;\u00e9querre sur du pl\u00e2tre. En tant que fabricant sp\u00e9cialis\u00e9, nous avons \u00e9galement des vannes d&#8217;\u00e9querre adapt\u00e9es pr\u00eates \u00e0 \u00eatre raccord\u00e9es \u00e0 des r\u00e9servoirs de chasse d&#8217;eau ou similaires encastr\u00e9s. Les tailles de connexion standard sont de \u00bd pouce pour la connexion murale et de 3\/8 pouce \u00e0 la sortie. Si vous avez besoin d&#8217;une dimension diff\u00e9rente, vous pouvez vous contenter de pi\u00e8ces de transition appropri\u00e9es. Elles sont principalement en laiton avec un rev\u00eatement chrom\u00e9 sur la surface, notre gamme ne comprenant que des mat\u00e9riaux de haute qualit\u00e9.<\/p>\n<h3>L&#8217;importance d&#8217;une qualit\u00e9 \u00e9lev\u00e9e<\/h3>\n<p>\u00c9conomiser sur les robinets d&#8217;\u00e9querre est rarement une bonne id\u00e9e. Parce qu&#8217;une vanne \u00e0 angle cass\u00e9 se montre g\u00e9n\u00e9ralement au moment le plus inopportun: \u00e0 savoir quand elle est cens\u00e9e \u00eatre ferm\u00e9e et qu&#8217;elle ne fonctionne pas. Les robinets \u00e9querres dans la salle de bain ou la cuisine sont g\u00e9n\u00e9ralement ouverts, car l&#8217;eau doit toujours \u00eatre disponible \u00e0 l&#8217;\u00e9vier ou au lavabo. Ils sont ferm\u00e9s si, par exemple, la cuisine \u00e9quip\u00e9e doit \u00eatre d\u00e9mont\u00e9e ou si la robinetterie doit \u00eatre remplac\u00e9e. Une robinet d&#8217;\u00e9querre d\u00e9fectueux g\u00e2che tout le plan et dans le pire des cas, l&#8217;eau doit \u00eatre compl\u00e8tement ferm\u00e9e jusqu&#8217;\u00e0 ce qu&#8217;un installateur en ait install\u00e9 une nouvelle. S&#8217;il s&#8217;agit d&#8217;une paire (eau froide et eau chaude), vous devez toujours changer les deux. Ils sont g\u00e9n\u00e9ralement du m\u00eame \u00e2ge et de qualit\u00e9 identique, de sorte que le deuxi\u00e8me robinet ne tardera pas \u00e0 arriver d\u00e8s que la premi\u00e8re est tomb\u00e9e en panne.<\/p>\n<h2>Solutions pour T\u00e2ches sp\u00e9ciales\u00a0<\/h2>\n<p>Les robinets d&#8217;\u00e9querre ont de nombreuses t\u00e2ches diff\u00e9rentes et sont donc \u00e9galement disponibles dans diff\u00e9rentes conceptions. Le plus connu est le robinet combin\u00e9e. Il dispose d&#8217;une prise suppl\u00e9mentaire pour connecter des appareils, qui peut \u00eatre r\u00e9gl\u00e9e s\u00e9par\u00e9ment. Un autre flexible de tuyau peut \u00eatre connect\u00e9 ici si deux connexions sont n\u00e9cessaires, par exemple pour le lave-vaisselle et un r\u00e9frig\u00e9rateur avec machine \u00e0 gla\u00e7ons. Les robinets d&#8217;\u00e9querre, qui ne disparaissent pas dans une armoire de base mais restent dans la zone visible, sont d\u00e9sormais disponibles sous forme de variantes de conception \u00e9labor\u00e9es dans divers styles avec des surfaces attrayantes. Parfois, il n&#8217;y a pas assez d&#8217;espace pour installer une vanne standard. Il existe des solutions sp\u00e9ciales avec une forme plate pour cela. M\u00eame des mod\u00e8les verrouillables pour une utilisation dans les buanderies communes sont disponibles. Les oreilles sensibles sont \u00e9pargn\u00e9es par robinets \u00e0 faible bruit. L&#8217;eau fortement calcaire est le pire ennemi du robinet \u00e9querre. C&#8217;est pourquoi les conceptions de haute qualit\u00e9 sont con\u00e7ues de mani\u00e8re \u00e0 ce que les pi\u00e8ces concern\u00e9es ne reposent pas dans l&#8217;eau lorsqu&#8217;elles sont ferm\u00e9es et restent sans calcaire pendant longtemps.<\/p>\n<\/div><\/section>\n","protected":false},"excerpt":{"rendered":"","protected":false},"author":4,"featured_media":0,"parent":2036,"menu_order":0,"comment_status":"closed","ping_status":"closed","template":"","meta":{"footnotes":""},"class_list":["post-3230","page","type-page","status-publish","hentry"],"_links":{"self":[{"href":"https:\/\/hermannschmidt.de\/fr\/wp-json\/wp\/v2\/pages\/3230","targetHints":{"allow":["GET"]}}],"collection":[{"href":"https:\/\/hermannschmidt.de\/fr\/wp-json\/wp\/v2\/pages"}],"about":[{"href":"https:\/\/hermannschmidt.de\/fr\/wp-json\/wp\/v2\/types\/page"}],"author":[{"embeddable":true,"href":"https:\/\/hermannschmidt.de\/fr\/wp-json\/wp\/v2\/users\/4"}],"replies":[{"embeddable":true,"href":"https:\/\/hermannschmidt.de\/fr\/wp-json\/wp\/v2\/comments?post=3230"}],"version-history":[{"count":0,"href":"https:\/\/hermannschmidt.de\/fr\/wp-json\/wp\/v2\/pages\/3230\/revisions"}],"up":[{"embeddable":true,"href":"https:\/\/hermannschmidt.de\/fr\/wp-json\/wp\/v2\/pages\/2036"}],"wp:attachment":[{"href":"https:\/\/hermannschmidt.de\/fr\/wp-json\/wp\/v2\/media?parent=3230"}],"curies":[{"name":"wp","href":"https:\/\/api.w.org\/{rel}","templated":true}]}}