{"id":2102,"date":"2020-10-26T14:18:29","date_gmt":"2020-10-26T13:18:29","guid":{"rendered":"https:\/\/hermannschmidt.de\/wahlbach\/"},"modified":"2025-01-23T15:00:42","modified_gmt":"2025-01-23T14:00:42","slug":"wahlbach","status":"publish","type":"page","link":"https:\/\/hermannschmidt.de\/fr\/wahlbach\/","title":{"rendered":"Wahlbach"},"content":{"rendered":"\n<style type=\"text\/css\" data-created_by=\"avia_inline_auto\" id=\"style-css-av-6jpz51-873f07b35c4b0c0932f3c895c122acc4\">\n.flex_column.av-6jpz51-873f07b35c4b0c0932f3c895c122acc4{\nborder-radius:0px 0px 0px 0px;\npadding:0px 0px 0px 0px;\n}\n<\/style>\n<div  class='flex_column av-6jpz51-873f07b35c4b0c0932f3c895c122acc4 av_one_full  avia-builder-el-0  el_before_av_one_full  avia-builder-el-first  first flex_column_div av-zero-column-padding  '     ><p>\n<style type=\"text\/css\" data-created_by=\"avia_inline_auto\" id=\"style-css-av-kc3b1xg8-160d723fee0a610a94ca673c7c8294f6\">\n.avia-image-container.av-kc3b1xg8-160d723fee0a610a94ca673c7c8294f6 img.avia_image{\nbox-shadow:none;\n}\n.avia-image-container.av-kc3b1xg8-160d723fee0a610a94ca673c7c8294f6 .av-image-caption-overlay-center{\ncolor:#ffffff;\n}\n<\/style>\n<div  class='avia-image-container av-kc3b1xg8-160d723fee0a610a94ca673c7c8294f6 av-styling- avia-align-center  avia-builder-el-1  el_before_av_heading  avia-builder-el-first '   itemprop=\"image\" itemscope=\"itemscope\" itemtype=\"https:\/\/schema.org\/ImageObject\" ><div class=\"avia-image-container-inner\"><div class=\"avia-image-overlay-wrap\"><img decoding=\"async\" fetchpriority=\"high\" class='wp-image-2105 avia-img-lazy-loading-not-2105 avia_image ' src=\"https:\/\/hermannschmidt.de\/wp-content\/uploads\/2020\/07\/wahlbach-durchlauferhitzer.jpeg\" alt='Chauffe-eau instantan\u00e9 de Wahlbach' title='Chauffe-eau instantan\u00e9 de Wahlbach'  height=\"900\" width=\"1600\"  itemprop=\"thumbnailUrl\" srcset=\"https:\/\/hermannschmidt.de\/wp-content\/uploads\/2020\/07\/wahlbach-durchlauferhitzer.jpeg 1600w, https:\/\/hermannschmidt.de\/wp-content\/uploads\/2020\/07\/wahlbach-durchlauferhitzer-1030x579.jpeg 1030w, https:\/\/hermannschmidt.de\/wp-content\/uploads\/2020\/07\/wahlbach-durchlauferhitzer-768x432.jpeg 768w, https:\/\/hermannschmidt.de\/wp-content\/uploads\/2020\/07\/wahlbach-durchlauferhitzer-1536x864.jpeg 1536w, https:\/\/hermannschmidt.de\/wp-content\/uploads\/2020\/07\/wahlbach-durchlauferhitzer-1500x844.jpeg 1500w, https:\/\/hermannschmidt.de\/wp-content\/uploads\/2020\/07\/wahlbach-durchlauferhitzer-705x397.jpeg 705w\" sizes=\"(max-width: 1600px) 100vw, 1600px\" \/><\/div><\/div><\/div><br \/>\n\n<style type=\"text\/css\" data-created_by=\"avia_inline_auto\" id=\"style-css-av-6amwg5-7f741026c09eb0b79db706d1fae28a7b\">\n#top .av-special-heading.av-6amwg5-7f741026c09eb0b79db706d1fae28a7b{\npadding-bottom:10px;\n}\nbody .av-special-heading.av-6amwg5-7f741026c09eb0b79db706d1fae28a7b .av-special-heading-tag .heading-char{\nfont-size:25px;\n}\n.av-special-heading.av-6amwg5-7f741026c09eb0b79db706d1fae28a7b .av-subheading{\nfont-size:15px;\n}\n<\/style>\n<div  class='av-special-heading av-6amwg5-7f741026c09eb0b79db706d1fae28a7b av-special-heading-h1 blockquote modern-quote  avia-builder-el-2  el_after_av_image  el_before_av_textblock '><h1 class='av-special-heading-tag '  itemprop=\"headline\"  >Wahlbach Appareils \u00e9lectriques de production d\u2019eau chaude<\/h1><div class=\"special-heading-border\"><div class=\"special-heading-inner-border\"><\/div><\/div><\/div><br \/>\n<section  class='av_textblock_section av-kc3avm7f-2612bf38427e9e1b86b85f1138c57f86 '   itemscope=\"itemscope\" itemtype=\"https:\/\/schema.org\/CreativeWork\" ><div class='avia_textblock'  itemprop=\"text\" ><p>L&#8217;eau chaude du robinet est une \u00e9vidence. Bien entendu, il est n\u00e9cessaire de disposer de la technologie appropri\u00e9e pour garantir la production d&#8217;eau chaude. L&#8217;approvisionnement en eau chaude est assur\u00e9 \u00e0 l&#8217;aide d&#8217;un chauffe-eau \u00e9lectrique instantan\u00e9. Il s&#8217;agit d&#8217;une solution simple et bon march\u00e9 pour obtenir rapidement de l&#8217;eau chaude. Par rapport au chauffe-eau, le chauffe-eau instantan\u00e9 fournit de l&#8217;eau chaude lorsque cela est n\u00e9cessaire. Cela permet d&#8217;\u00e9conomiser de l&#8217;\u00e9lectricit\u00e9 et de l&#8217;\u00e9nergie. Les chauffe-eau instantan\u00e9s de la marque <a href=\"https:\/\/wahlbach.com\/\" target=\"_blank\" rel=\"noopener\">Wahlbach<\/a> se distinguent par leurs performances \u00e9lev\u00e9es et leur qualit\u00e9. Ils sont particuli\u00e8rement adapt\u00e9s aux baignoires, douches ou lavabos.<\/p>\n<\/div><\/section><\/p><\/div>\n\n<style type=\"text\/css\" data-created_by=\"avia_inline_auto\" id=\"style-css-av-fclad-b02934ab42f151807f40bdeec5adaa17\">\n.flex_column.av-fclad-b02934ab42f151807f40bdeec5adaa17{\nborder-radius:0px 0px 0px 0px;\npadding:0px 0px 0px 0px;\n}\n<\/style>\n<div  class='flex_column av-fclad-b02934ab42f151807f40bdeec5adaa17 av_one_full  avia-builder-el-4  el_after_av_one_full  el_before_av_one_full  first flex_column_div av-zero-column-padding  column-top-margin'     ><p>\n<style type=\"text\/css\" data-created_by=\"avia_inline_auto\" id=\"style-css-av-4w9eyd-e3c86179f8caf82120607783dffe269c\">\n#top .av-special-heading.av-4w9eyd-e3c86179f8caf82120607783dffe269c{\npadding-bottom:10px;\n}\nbody .av-special-heading.av-4w9eyd-e3c86179f8caf82120607783dffe269c .av-special-heading-tag .heading-char{\nfont-size:25px;\n}\n.av-special-heading.av-4w9eyd-e3c86179f8caf82120607783dffe269c .av-subheading{\nfont-size:15px;\n}\n<\/style>\n<div  class='av-special-heading av-4w9eyd-e3c86179f8caf82120607783dffe269c av-special-heading-h2 blockquote modern-quote  avia-builder-el-5  el_before_av_textblock  avia-builder-el-first '><h2 class='av-special-heading-tag '  itemprop=\"headline\"  >Les avantages des chauffe-eau instantan\u00e9s Wahlbach<\/h2><div class=\"special-heading-border\"><div class=\"special-heading-inner-border\"><\/div><\/div><\/div><br \/>\n<section  class='av_textblock_section av-kc3awtt0-5d1a1ad22d0f6f1840994c67ac41cf1b '   itemscope=\"itemscope\" itemtype=\"https:\/\/schema.org\/CreativeWork\" ><div class='avia_textblock'  itemprop=\"text\" ><p>Le chauffe-eau instantan\u00e9 ainsi que les autres produits Wahlbach se distinguent par divers avantages. La puissance des chauffe-eau instantan\u00e9s peut \u00eatre choisie entre 18 kW, 21 kW et 24 kW. De plus, les chauffe-eau instantan\u00e9s de la marque Wahlbach disposent d&#8217;un \u00e9cran LCD r\u00e9tro-\u00e9clair\u00e9 avec affichage num\u00e9rique pour une s\u00e9lection de temp\u00e9rature r\u00e9glable au degr\u00e9 pr\u00e8s. Le bloc de chauffage de haute qualit\u00e9 assure une longue dur\u00e9e de vie. L&#8217;installation de l&#8217;appareil est \u00e9galement tr\u00e8s simple gr\u00e2ce \u00e0 la plaque de montage fournie. Le raccordement \u00e9lectrique se trouve en option en bas ou en haut, afin d&#8217;adapter au mieux l&#8217;appareil aux conditions sur place. La consommation d&#8217;\u00e9nergie est faible, car les chauffe-eau instantan\u00e9s appartiennent \u00e0 la classe d&#8217;efficacit\u00e9 \u00e9nerg\u00e9tique A et l&#8217;eau n&#8217;est chauff\u00e9e que lorsqu&#8217;elle est vraiment n\u00e9cessaire.<\/p>\n<\/div><\/section><\/p><\/div>\n\n<style type=\"text\/css\" data-created_by=\"avia_inline_auto\" id=\"style-css-av-23wl85-692b2a7d5d7b6031bdb4bbc759a869d1\">\n.flex_column.av-23wl85-692b2a7d5d7b6031bdb4bbc759a869d1{\nborder-radius:0px 0px 0px 0px;\npadding:0px 0px 0px 0px;\n}\n<\/style>\n<div  class='flex_column av-23wl85-692b2a7d5d7b6031bdb4bbc759a869d1 av_one_full  avia-builder-el-7  el_after_av_one_full  el_before_av_one_half  first flex_column_div av-zero-column-padding  column-top-margin'     ><p>\n<style type=\"text\/css\" data-created_by=\"avia_inline_auto\" id=\"style-css-av-2hdexh-adec9e11bbbdff75077dbfa97096d619\">\n#top .av-special-heading.av-2hdexh-adec9e11bbbdff75077dbfa97096d619{\npadding-bottom:10px;\n}\nbody .av-special-heading.av-2hdexh-adec9e11bbbdff75077dbfa97096d619 .av-special-heading-tag .heading-char{\nfont-size:25px;\n}\n.av-special-heading.av-2hdexh-adec9e11bbbdff75077dbfa97096d619 .av-subheading{\nfont-size:15px;\n}\n<\/style>\n<div  class='av-special-heading av-2hdexh-adec9e11bbbdff75077dbfa97096d619 av-special-heading-h2 blockquote modern-quote  avia-builder-el-8  el_before_av_textblock  avia-builder-el-first '><h2 class='av-special-heading-tag '  itemprop=\"headline\"  >Le fonctionnement d\u2019un chauffe-eau instantan\u00e9 \u00e9lectronique<\/h2><div class=\"special-heading-border\"><div class=\"special-heading-inner-border\"><\/div><\/div><\/div><br \/>\n<section  class='av_textblock_section av-kc3awtt0-4-3800397fe3d792085c6872f77cf2ff42 '   itemscope=\"itemscope\" itemtype=\"https:\/\/schema.org\/CreativeWork\" ><div class='avia_textblock'  itemprop=\"text\" ><p>Nous connaissons les caract\u00e9ristiques techniques et les exigences des chauffe-eau instantan\u00e9s Wahlbach. Pour que l&#8217;eau soit chauff\u00e9e, elle passe d&#8217;abord par le tamis d&#8217;eau jusqu&#8217;au r\u00e9gulateur de d\u00e9bit d&#8217;eau, o\u00f9 les variations de pression sont compens\u00e9es. Ensuite, une pression diff\u00e9rentielle est cr\u00e9\u00e9e dans le commutateur d&#8217;eau, ce qui d\u00e9termine la quantit\u00e9 d&#8217;eau qui passe. L&#8217;eau qui s&#8217;\u00e9coule est finalement chauff\u00e9e dans le bloc de chauffage et transmise \u00e0 la robinetterie, ce qui permet d&#8217;obtenir une temp\u00e9rature de sortie pratiquement constante. La temp\u00e9rature peut \u00eatre d\u00e9termin\u00e9e \u00e0 l&#8217;aide de l&#8217;\u00e9cran LCD. L&#8217;avantage des chauffe-eau \u00e9lectroniques est qu&#8217;ils ne consomment de l&#8217;\u00e9nergie que lorsqu&#8217;une certaine temp\u00e9rature est souhait\u00e9e. C&#8217;est pourquoi les chauffe-eau \u00e9lectroniques sont confortables et \u00e9conomes en \u00e9nergie. Nous distribuons les appareils Wahlbach aux grossistes sp\u00e9cialis\u00e9s. <a href=\"https:\/\/hermannschmidt.de\/fr\/contact\/\">N&#8217;h\u00e9sitez pas \u00e0 nous contacter<\/a> pour plus d&#8217;informations sur les chauffe-eau instantan\u00e9s et les ballons d&#8217;eau chaude.<\/p>\n<\/div><\/section><\/p><\/div>\n\n<style type=\"text\/css\" data-created_by=\"avia_inline_auto\" id=\"style-css-av-23wl85-3-852d3b0b705bf0b82bff8d18f036519d\">\n.flex_column.av-23wl85-3-852d3b0b705bf0b82bff8d18f036519d{\nborder-radius:0px 0px 0px 0px;\npadding:0px 0px 0px 0px;\n}\n<\/style>\n<div  class='flex_column av-23wl85-3-852d3b0b705bf0b82bff8d18f036519d av_one_half  avia-builder-el-10  el_after_av_one_full  el_before_av_one_half  first flex_column_div av-zero-column-padding  column-top-margin'     ><div  class='avia-button-wrap av-kd5wigjo-6498b9f010f06eb164f9b93a7d512bef-wrap avia-button-left  avia-builder-el-11  avia-builder-el-no-sibling '><a href=\"https:\/\/wahlbach.com\" class=\"avia-button av-kd5wigjo-6498b9f010f06eb164f9b93a7d512bef av-link-btn avia-icon_select-no avia-size-large avia-position-left avia-color-theme-color\" target=\"_blank\" rel=\"noopener noreferrer\" aria-label=\"Site web de Wahlbach\"><span class='avia_iconbox_title' >Site web de Wahlbach<\/span><\/a><\/div><\/div>\n\n<style type=\"text\/css\" data-created_by=\"avia_inline_auto\" id=\"style-css-av-23wl85-2-a2ee7bb7cd3b74032037e1174df273ba\">\n.flex_column.av-23wl85-2-a2ee7bb7cd3b74032037e1174df273ba{\nborder-radius:0px 0px 0px 0px;\npadding:0px 0px 0px 0px;\n}\n<\/style>\n<div  class='flex_column av-23wl85-2-a2ee7bb7cd3b74032037e1174df273ba av_one_half  avia-builder-el-12  el_after_av_one_half  avia-builder-el-last  flex_column_div av-zero-column-padding  column-top-margin'     ><div  class='avia-button-wrap av-kd5wigjo-1-122f230bd57e33fa18e05c75935090c6-wrap avia-button-left  avia-builder-el-13  avia-builder-el-no-sibling '><a href=\"https:\/\/sit-sanitaertechnik.de\/pdf\/preislisten\/Wahlbach-Preisliste-2023.pdf\" class=\"avia-button av-kd5wigjo-1-122f230bd57e33fa18e05c75935090c6 av-link-btn avia-icon_select-no avia-size-large avia-position-left avia-color-theme-color\" target=\"_blank\" rel=\"noopener noreferrer\" aria-label=\"  Wahlbach - Catalogue g\u00e9n\u00e9ral\"><span class='avia_iconbox_title' >  Wahlbach - Catalogue g\u00e9n\u00e9ral<\/span><\/a><\/div><\/div>\n","protected":false},"excerpt":{"rendered":"","protected":false},"author":4,"featured_media":0,"parent":0,"menu_order":0,"comment_status":"closed","ping_status":"closed","template":"","meta":{"footnotes":""},"class_list":["post-2102","page","type-page","status-publish","hentry"],"_links":{"self":[{"href":"https:\/\/hermannschmidt.de\/fr\/wp-json\/wp\/v2\/pages\/2102","targetHints":{"allow":["GET"]}}],"collection":[{"href":"https:\/\/hermannschmidt.de\/fr\/wp-json\/wp\/v2\/pages"}],"about":[{"href":"https:\/\/hermannschmidt.de\/fr\/wp-json\/wp\/v2\/types\/page"}],"author":[{"embeddable":true,"href":"https:\/\/hermannschmidt.de\/fr\/wp-json\/wp\/v2\/users\/4"}],"replies":[{"embeddable":true,"href":"https:\/\/hermannschmidt.de\/fr\/wp-json\/wp\/v2\/comments?post=2102"}],"version-history":[{"count":0,"href":"https:\/\/hermannschmidt.de\/fr\/wp-json\/wp\/v2\/pages\/2102\/revisions"}],"wp:attachment":[{"href":"https:\/\/hermannschmidt.de\/fr\/wp-json\/wp\/v2\/media?parent=2102"}],"curies":[{"name":"wp","href":"https:\/\/api.w.org\/{rel}","templated":true}]}}