{"id":2085,"date":"2020-10-26T13:56:27","date_gmt":"2020-10-26T12:56:27","guid":{"rendered":"https:\/\/hermannschmidt.de\/radiateur-plat-copa\/"},"modified":"2026-01-23T10:53:03","modified_gmt":"2026-01-23T09:53:03","slug":"radiateur-plat-copa","status":"publish","type":"page","link":"https:\/\/hermannschmidt.de\/fr\/radiateur-plat-copa\/","title":{"rendered":"Radiateurs plats Copa"},"content":{"rendered":"\n<style type=\"text\/css\" data-created_by=\"avia_inline_auto\" id=\"style-css-av-87bw7y-4dfb74a21d1856f29ebcedc1ece82480\">\n.flex_column.av-87bw7y-4dfb74a21d1856f29ebcedc1ece82480{\nborder-radius:0px 0px 0px 0px;\npadding:0px 0px 0px 0px;\n}\n<\/style>\n<div  class='flex_column av-87bw7y-4dfb74a21d1856f29ebcedc1ece82480 av_one_full  avia-builder-el-0  el_before_av_one_full  avia-builder-el-first  first flex_column_div av-zero-column-padding  '     ><p>\n<style type=\"text\/css\" data-created_by=\"avia_inline_auto\" id=\"style-css-av-kc0gsgys-12b4718fe3e9f8f7531e1e71b05d28f0\">\n.avia-image-container.av-kc0gsgys-12b4718fe3e9f8f7531e1e71b05d28f0 img.avia_image{\nbox-shadow:none;\n}\n.avia-image-container.av-kc0gsgys-12b4718fe3e9f8f7531e1e71b05d28f0 .av-image-caption-overlay-center{\ncolor:#ffffff;\n}\n<\/style>\n<div  class='avia-image-container av-kc0gsgys-12b4718fe3e9f8f7531e1e71b05d28f0 av-styling- avia-align-center  avia-builder-el-1  el_before_av_heading  avia-builder-el-first '   itemprop=\"image\" itemscope=\"itemscope\" itemtype=\"https:\/\/schema.org\/ImageObject\" ><div class=\"avia-image-container-inner\"><div class=\"avia-image-overlay-wrap\"><img decoding=\"async\" fetchpriority=\"high\" class='wp-image-7241 avia-img-lazy-loading-not-7241 avia_image ' src=\"https:\/\/hermannschmidt.de\/wp-content\/uploads\/2024\/10\/pics_productPics_50_113.jpg\" alt='Die Firma Hermann Schmidt vermarktet exklusiv Copa-Flachheizk\u00f6rper auf dem Deutschen Markt.' title='pics_productPics_50_113'  height=\"449\" width=\"675\"  itemprop=\"thumbnailUrl\" srcset=\"https:\/\/hermannschmidt.de\/wp-content\/uploads\/2024\/10\/pics_productPics_50_113.jpg 675w, https:\/\/hermannschmidt.de\/wp-content\/uploads\/2024\/10\/pics_productPics_50_113-300x200.jpg 300w\" sizes=\"(max-width: 675px) 100vw, 675px\" \/><\/div><\/div><\/div><br \/>\n\n<style type=\"text\/css\" data-created_by=\"avia_inline_auto\" id=\"style-css-av-kc0gqoyn-8a63152b40ddfd0946f64251a88302fe\">\n#top .av-special-heading.av-kc0gqoyn-8a63152b40ddfd0946f64251a88302fe{\npadding-bottom:10px;\n}\nbody .av-special-heading.av-kc0gqoyn-8a63152b40ddfd0946f64251a88302fe .av-special-heading-tag .heading-char{\nfont-size:25px;\n}\n.av-special-heading.av-kc0gqoyn-8a63152b40ddfd0946f64251a88302fe .av-subheading{\nfont-size:15px;\n}\n<\/style>\n<div  class='av-special-heading av-kc0gqoyn-8a63152b40ddfd0946f64251a88302fe av-special-heading-h1 blockquote modern-quote  avia-builder-el-2  el_after_av_image  el_before_av_textblock '><h1 class='av-special-heading-tag '  itemprop=\"headline\"  >Radiateurs plats Copa<\/h1><div class=\"special-heading-border\"><div class=\"special-heading-inner-border\"><\/div><\/div><\/div><br \/>\n<section  class='av_textblock_section av-kc0gpk5b-60edfd2253f4663d2a580ed320a96407 '   itemscope=\"itemscope\" itemtype=\"https:\/\/schema.org\/CreativeWork\" ><div class='avia_textblock'  itemprop=\"text\" ><p>Le secteur du chauffage a connu de profonds changements ces derni\u00e8res ann\u00e9es, car le design joue un r\u00f4le essentiel. En tant que distributeur de Copa, nous avons de nombreux radiateurs plats sur place. <a href=\"https:\/\/www.copa.com.tr\/de\/hauptseite.html\" target=\"_blank\" rel=\"noopener\">Copa Heizung GmbH<\/a> est une filiale du fabricant turc Coskun\u00f6z Radyater A. S. et a \u00e9t\u00e9 fond\u00e9e en 2005. Il s&#8217;agit aujourd&#8217;hui de l&#8217;une des plus grandes holdings de Turquie, puisque ses produits sont export\u00e9s dans plus de 30 pays. Copa est sp\u00e9cialis\u00e9e dans la production de radiateurs plats, de radiateurs de salle de bain et de radiateurs plats d\u00e9coratifs. Pour ce faire, ils accordent une grande importance aux produits \u00e9cologiques et innovants afin de toujours cr\u00e9er une valeur ajout\u00e9e.<\/p>\n<\/div><\/section><\/p><\/div>\n\n<style type=\"text\/css\" data-created_by=\"avia_inline_auto\" id=\"style-css-av-6948um-134ac29dcbeb4d69753435a015bf7bbb\">\n.flex_column.av-6948um-134ac29dcbeb4d69753435a015bf7bbb{\nborder-radius:0px 0px 0px 0px;\npadding:0px 0px 0px 0px;\n}\n<\/style>\n<div  class='flex_column av-6948um-134ac29dcbeb4d69753435a015bf7bbb av_one_full  avia-builder-el-4  el_after_av_one_full  el_before_av_one_full  first flex_column_div av-zero-column-padding  column-top-margin'     ><p>\n<style type=\"text\/css\" data-created_by=\"avia_inline_auto\" id=\"style-css-av-kc0gqfik-116cf01f735bb44a1fa341ce34109b25\">\n#top .av-special-heading.av-kc0gqfik-116cf01f735bb44a1fa341ce34109b25{\npadding-bottom:10px;\n}\nbody .av-special-heading.av-kc0gqfik-116cf01f735bb44a1fa341ce34109b25 .av-special-heading-tag .heading-char{\nfont-size:25px;\n}\n.av-special-heading.av-kc0gqfik-116cf01f735bb44a1fa341ce34109b25 .av-subheading{\nfont-size:15px;\n}\n<\/style>\n<div  class='av-special-heading av-kc0gqfik-116cf01f735bb44a1fa341ce34109b25 av-special-heading-h2 blockquote modern-quote  avia-builder-el-5  el_before_av_textblock  avia-builder-el-first '><h2 class='av-special-heading-tag '  itemprop=\"headline\"  >Les radiateurs standard<\/h2><div class=\"special-heading-border\"><div class=\"special-heading-inner-border\"><\/div><\/div><\/div><br \/>\n<section  class='av_textblock_section av-kc0gpk5b-5-ad743cd5fae2aa3e0e741df98e7934e1 '   itemscope=\"itemscope\" itemtype=\"https:\/\/schema.org\/CreativeWork\" ><div class='avia_textblock'  itemprop=\"text\" ><p>Ce radiateur est propos\u00e9 avec un raccord compact, qui dispose de 4 entr\u00e9es et sorties, et avec un raccord universel, qui dispose de 6 entr\u00e9es et sorties. Cela garantit un volume d&#8217;eau optimal ainsi qu&#8217;une puissance thermique \u00e9lev\u00e9e. Les radiateurs sont disponibles en diff\u00e9rentes hauteurs, largeurs et types, ce qui nous permet de trouver le mod\u00e8le adapt\u00e9 \u00e0 votre maison. Le contr\u00f4le de la chaleur est ici assur\u00e9 par une vanne thermostatique qui maintient une temp\u00e9rature constante. La couleur standard des radiateurs est le RAL 9016, qui est une peinture pour radiateurs \u00e0 base d&#8217;eau respectueuse de l&#8217;environnement.<\/p>\n<\/div><\/section><\/p><\/div>\n\n<style type=\"text\/css\" data-created_by=\"avia_inline_auto\" id=\"style-css-av-49nstq-19645ec828b1be19c5b0ed018aa96451\">\n.flex_column.av-49nstq-19645ec828b1be19c5b0ed018aa96451{\nborder-radius:0px 0px 0px 0px;\npadding:0px 0px 0px 0px;\n}\n<\/style>\n<div  class='flex_column av-49nstq-19645ec828b1be19c5b0ed018aa96451 av_one_full  avia-builder-el-7  el_after_av_one_full  el_before_av_one_full  first flex_column_div av-zero-column-padding  column-top-margin'     ><p>\n<style type=\"text\/css\" data-created_by=\"avia_inline_auto\" id=\"style-css-av-kc0gqfik-4-f26bbfef63f6a324dcdfdfafefbd6793\">\n#top .av-special-heading.av-kc0gqfik-4-f26bbfef63f6a324dcdfdfafefbd6793{\npadding-bottom:10px;\n}\nbody .av-special-heading.av-kc0gqfik-4-f26bbfef63f6a324dcdfdfafefbd6793 .av-special-heading-tag .heading-char{\nfont-size:25px;\n}\n.av-special-heading.av-kc0gqfik-4-f26bbfef63f6a324dcdfdfafefbd6793 .av-subheading{\nfont-size:15px;\n}\n<\/style>\n<div  class='av-special-heading av-kc0gqfik-4-f26bbfef63f6a324dcdfdfafefbd6793 av-special-heading-h2 blockquote modern-quote  avia-builder-el-8  el_before_av_textblock  avia-builder-el-first '><h2 class='av-special-heading-tag '  itemprop=\"headline\"  >Les radiateurs d\u00e9coratifs<\/h2><div class=\"special-heading-border\"><div class=\"special-heading-inner-border\"><\/div><\/div><\/div><br \/>\n<section  class='av_textblock_section av-kc0gpk5b-3-097d145cd4d22ca039238cd6a525cb02 '   itemscope=\"itemscope\" itemtype=\"https:\/\/schema.org\/CreativeWork\" ><div class='avia_textblock'  itemprop=\"text\" ><p>Gr\u00e2ce \u00e0 leur design \u00e9l\u00e9gant et styl\u00e9, les radiateurs plats am\u00e9liorent l&#8217;esth\u00e9tique de la pi\u00e8ce et le confort de chauffage. Ils ont une puissance thermique \u00e9lev\u00e9e, ce qui permet de chauffer rapidement la pi\u00e8ce et de r\u00e9aliser des \u00e9conomies de chauffage. De plus, ces radiateurs diffusent la chaleur vers le haut, ce qui les rend parfaits pour une utilisation dans les cr\u00e8ches, les \u00e9coles ou les h\u00f4pitaux, sans risque de br\u00fblure. Les radiateurs plats sont disponibles en version verticale et horizontale, ce qui permet de cr\u00e9er un look personnalis\u00e9. Ils sont disponibles en diff\u00e9rentes tailles afin de chauffer efficacement les pi\u00e8ces hautes tout en \u00e9conomisant de l&#8217;\u00e9nergie.<\/p>\n<\/div><\/section><\/p><\/div>\n\n<style type=\"text\/css\" data-created_by=\"avia_inline_auto\" id=\"style-css-av-25jj4u-ac060672ebfa70156a9e64894fe94112\">\n.flex_column.av-25jj4u-ac060672ebfa70156a9e64894fe94112{\nborder-radius:0px 0px 0px 0px;\npadding:0px 0px 0px 0px;\n}\n<\/style>\n<div  class='flex_column av-25jj4u-ac060672ebfa70156a9e64894fe94112 av_one_full  avia-builder-el-10  el_after_av_one_full  el_before_av_one_full  first flex_column_div av-zero-column-padding  column-top-margin'     ><p>\n<style type=\"text\/css\" data-created_by=\"avia_inline_auto\" id=\"style-css-av-kc0gqfik-2-377748f4f87073d6f1d849234278b4a5\">\n#top .av-special-heading.av-kc0gqfik-2-377748f4f87073d6f1d849234278b4a5{\npadding-bottom:10px;\n}\nbody .av-special-heading.av-kc0gqfik-2-377748f4f87073d6f1d849234278b4a5 .av-special-heading-tag .heading-char{\nfont-size:25px;\n}\n.av-special-heading.av-kc0gqfik-2-377748f4f87073d6f1d849234278b4a5 .av-subheading{\nfont-size:15px;\n}\n<\/style>\n<div  class='av-special-heading av-kc0gqfik-2-377748f4f87073d6f1d849234278b4a5 av-special-heading-h2 blockquote modern-quote  avia-builder-el-11  el_before_av_textblock  avia-builder-el-first '><h2 class='av-special-heading-tag '  itemprop=\"headline\"  >Chauffages dans la salle de bain<\/h2><div class=\"special-heading-border\"><div class=\"special-heading-inner-border\"><\/div><\/div><\/div><br \/>\n<section  class='av_textblock_section av-kc0gpk5b-1-6d1cb346d90365217a6c295738801e11 '   itemscope=\"itemscope\" itemtype=\"https:\/\/schema.org\/CreativeWork\" ><div class='avia_textblock'  itemprop=\"text\" ><p>Il existe de nombreux types de radiateurs adapt\u00e9s \u00e0 une utilisation dans la salle de bains. Les radiateurs \u00e0 tubes ronds, en particulier, sont souvent utilis\u00e9s dans les salles de bains, car ils font \u00e9galement office de s\u00e8che-serviettes. Ils se distinguent \u00e9galement par de nombreuses caract\u00e9ristiques, comme le chauffage \u00e0 faible consommation d&#8217;\u00e9nergie. Selon vos besoins, vous avez le choix entre diff\u00e9rents types, hauteurs, largeurs, verticales et horizontales. Nous vous proposons \u00e9galement les accessoires adapt\u00e9s \u00e0 votre chauffage, comme une vanne. Pour plus d&#8217;informations<a href=\"https:\/\/hermannschmidt.de\/fr\/contact\/\">, contactez-nous<\/a>.<\/p>\n<\/div><\/section><\/p><\/div>\n<div  class='flex_column av-3nweny-851a9538733c8930775a3c4ed135addb av_one_full  avia-builder-el-13  el_after_av_one_full  avia-builder-el-last  first flex_column_div  column-top-margin'     ><section  class='av_textblock_section av-2oez0e-f2c0f3bc6c0a74a72f1985b000976075 '   itemscope=\"itemscope\" itemtype=\"https:\/\/schema.org\/CreativeWork\" ><div class='avia_textblock'  itemprop=\"text\" ><h2>Catalogue<\/h2>\n<ul>\n<li><a title=\"Catalogue technique Caldo + Copa pour les dissipateurs thermiques : t\u00e9l\u00e9chargez maintenant\" href=\"https:\/\/hermannschmidt.de\/pdf\/kataloge\/Caldo-technischer-Katalog.pdf\" target=\"_blank\" rel=\"noopener\">Catalogue Sp\u00e9cification technique Corps de chauffe<\/a><\/li>\n<\/ul>\n<\/div><\/section><br \/>\n<section  class='av_textblock_section av-mkpk322x-a75f64f04081dfef29ca3c05858f23a2 '   itemscope=\"itemscope\" itemtype=\"https:\/\/schema.org\/CreativeWork\" ><div class='avia_textblock'  itemprop=\"text\" ><h2>Listes de prix<\/h2>\n<ul>\n<li><a title=\"Cliquez ici pour consulter nos tarifs\" href=\"https:\/\/hermannschmidt.de\/fr\/listes-de-prix\/#copa\" target=\"_blank\" rel=\"noopener\">Radiateurs Copa<\/a><\/li>\n<\/ul>\n<\/div><\/section><br \/>\n<section  class='av_textblock_section av-2sl08u-875c9884259f3ac5d6fdbc0f54f1814c '   itemscope=\"itemscope\" itemtype=\"https:\/\/schema.org\/CreativeWork\" ><div class='avia_textblock'  itemprop=\"text\" ><h2>Fiches techniques<\/h2>\n<ul>\n<li><a href=\"https:\/\/hermannschmidt.de\/pdf\/datenblatt\/copa\/Frontpaneele-Premium.pdf\" target=\"_blank\" rel=\"noopener noreferrer\">Panneaux avant Premium<\/a><\/li>\n<li><a href=\"https:\/\/hermannschmidt.de\/pdf\/datenblatt\/copa\/Frontpaneele-Standard.pdf\" target=\"_blank\" rel=\"noopener noreferrer\">Panneaux frontaux standard<\/a><\/li>\n<li><a href=\"https:\/\/hermannschmidt.de\/pdf\/datenblatt\/copa\/Typ-10-Vertikal-Plan-Heizkoerper-Premium.pdf\" target=\"_blank\" rel=\"noopener noreferrer\">Type 10 Plan vertical Radiateur Premium<\/a><\/li>\n<li><a href=\"https:\/\/hermannschmidt.de\/pdf\/datenblatt\/copa\/Typ-10-Vertikal-Plan-Heizkoerper-Standard.pdf\" target=\"_blank\" rel=\"noopener noreferrer\">Type 10 Plan vertical Radiateur standard<\/a><\/li>\n<li><a href=\"https:\/\/hermannschmidt.de\/pdf\/datenblatt\/copa\/Typ-11-Universal-Flachheizkoerper.pdf\" target=\"_blank\" rel=\"noopener noreferrer\">Type 11 Radiateur plat universel<\/a><\/li>\n<li><a href=\"https:\/\/hermannschmidt.de\/pdf\/datenblatt\/copa\/Typ-20-Vertikal-Plan-Heizkoerper-Premium.pdf\" target=\"_blank\" rel=\"noopener noreferrer\">Type 20 Plan vertical Radiateur Premium<\/a><\/li>\n<li><a href=\"https:\/\/hermannschmidt.de\/pdf\/datenblatt\/copa\/Typ-20-Vertikal-Plan-Heizkoerper-Standard.pdf\" target=\"_blank\" rel=\"noopener noreferrer\">Type 20 Plan vertical Radiateur standard<\/a><\/li>\n<li><a href=\"https:\/\/hermannschmidt.de\/pdf\/datenblatt\/copa\/Typ-21-Universal-Flachheizkoerper.pdf\" target=\"_blank\" rel=\"noopener noreferrer\">Type 21 Radiateur plat universel<\/a><\/li>\n<li><a href=\"https:\/\/hermannschmidt.de\/pdf\/datenblatt\/copa\/Typ-22-33-Renovierungs-Heizkoerper.pdf\" target=\"_blank\" rel=\"noopener noreferrer\">Type 22+33 Radiateurs de r\u00e9novation<\/a><\/li>\n<li><a href=\"https:\/\/hermannschmidt.de\/pdf\/datenblatt\/copa\/Typ-22-Universal-Flachheizkoerper.pdf\" target=\"_blank\" rel=\"noopener noreferrer\">Type 22 Radiateur plat universel<\/a><\/li>\n<li><a href=\"https:\/\/hermannschmidt.de\/pdf\/datenblatt\/copa\/Typ-33-Universal-Flachheizkoerper.pdf\" target=\"_blank\" rel=\"noopener noreferrer\">Type 33 Radiateur plat universel<\/a><\/li>\n<li><a href=\"https:\/\/hermannschmidt.de\/pdf\/datenblatt\/copa\/Zubehoer.pdf\" target=\"_blank\" rel=\"noopener noreferrer\">Accessoires<\/a><\/li>\n<\/ul>\n<\/div><\/section><\/p><\/div>\n","protected":false},"excerpt":{"rendered":"","protected":false},"author":4,"featured_media":0,"parent":0,"menu_order":0,"comment_status":"closed","ping_status":"closed","template":"","meta":{"footnotes":""},"class_list":["post-2085","page","type-page","status-publish","hentry"],"_links":{"self":[{"href":"https:\/\/hermannschmidt.de\/fr\/wp-json\/wp\/v2\/pages\/2085","targetHints":{"allow":["GET"]}}],"collection":[{"href":"https:\/\/hermannschmidt.de\/fr\/wp-json\/wp\/v2\/pages"}],"about":[{"href":"https:\/\/hermannschmidt.de\/fr\/wp-json\/wp\/v2\/types\/page"}],"author":[{"embeddable":true,"href":"https:\/\/hermannschmidt.de\/fr\/wp-json\/wp\/v2\/users\/4"}],"replies":[{"embeddable":true,"href":"https:\/\/hermannschmidt.de\/fr\/wp-json\/wp\/v2\/comments?post=2085"}],"version-history":[{"count":12,"href":"https:\/\/hermannschmidt.de\/fr\/wp-json\/wp\/v2\/pages\/2085\/revisions"}],"predecessor-version":[{"id":8835,"href":"https:\/\/hermannschmidt.de\/fr\/wp-json\/wp\/v2\/pages\/2085\/revisions\/8835"}],"wp:attachment":[{"href":"https:\/\/hermannschmidt.de\/fr\/wp-json\/wp\/v2\/media?parent=2085"}],"curies":[{"name":"wp","href":"https:\/\/api.w.org\/{rel}","templated":true}]}}