{"id":2024,"date":"2020-10-26T13:22:03","date_gmt":"2020-10-26T12:22:03","guid":{"rendered":"https:\/\/hermannschmidt.de\/a-propos-de-nous\/"},"modified":"2025-08-08T09:42:15","modified_gmt":"2025-08-08T07:42:15","slug":"a-propos-de-nous","status":"publish","type":"page","link":"https:\/\/hermannschmidt.de\/fr\/a-propos-de-nous\/","title":{"rendered":"\u00c0 propos de nous"},"content":{"rendered":"\n<style type=\"text\/css\" data-created_by=\"avia_inline_auto\" id=\"style-css-av-1iayi-614ef7930be0fad9498b1610edab9971\">\n.flex_column.av-1iayi-614ef7930be0fad9498b1610edab9971{\nborder-radius:0px 0px 0px 0px;\npadding:0px 0px 0px 0px;\n}\n<\/style>\n<div  class='flex_column av-1iayi-614ef7930be0fad9498b1610edab9971 av_one_half  avia-builder-el-0  el_before_av_one_half  avia-builder-el-first  first flex_column_div av-zero-column-padding  '     ><p>\n<style type=\"text\/css\" data-created_by=\"avia_inline_auto\" id=\"style-css-av-16bee-93aaf3b653c0831859324c28f2367749\">\n#top .av-special-heading.av-16bee-93aaf3b653c0831859324c28f2367749{\npadding-bottom:10px;\n}\nbody .av-special-heading.av-16bee-93aaf3b653c0831859324c28f2367749 .av-special-heading-tag .heading-char{\nfont-size:25px;\n}\n.av-special-heading.av-16bee-93aaf3b653c0831859324c28f2367749 .av-subheading{\nfont-size:15px;\n}\n<\/style>\n<div  class='av-special-heading av-16bee-93aaf3b653c0831859324c28f2367749 av-special-heading-h1 blockquote modern-quote  avia-builder-el-1  el_before_av_textblock  avia-builder-el-first '><h1 class='av-special-heading-tag '  itemprop=\"headline\"  >La soci\u00e9t\u00e9<\/h1><div class=\"special-heading-border\"><div class=\"special-heading-inner-border\"><\/div><\/div><\/div><br \/>\n<section  class='av_textblock_section av-71rwe-65407c9b6efb9d9a326825eab40ce2d6 '   itemscope=\"itemscope\" itemtype=\"https:\/\/schema.org\/CreativeWork\" ><div class='avia_textblock'  itemprop=\"text\" ><p>Hermann Schmidt GmbH &amp; Co. KG est l&#8217;un des principaux fournisseurs du commerce de gros sp\u00e9cialis\u00e9 dans la domotique, la plomberie et le chauffage. Il emploie environ 70 personnes et son si\u00e8ge se trouve au c\u0153ur de la Ruhr, \u00e0 Essen.<\/p>\n<p>Le succ\u00e8s de cette entreprise familiale de troisi\u00e8me g\u00e9n\u00e9ration n&#8217;est pas d\u00fb au hasard. Apr\u00e8s la Seconde Guerre mondiale, le fondateur de l&#8217;entreprise, Hermann Schmidt, s&#8217;est install\u00e9 \u00e0 Essen et a d&#8217;abord mis en place une repr\u00e9sentation d&#8217;usine pour les produits de la branche sanitaire et du chauffage. En 1961, l&#8217;entreprise d\u00e9veloppe en outre son propre commerce de raccords de tuyaux, puis de robinetterie sous la marque HS.<\/p>\n<p>Depuis le d\u00e9but de l&#8217;ann\u00e9e 2010, l&#8217;entreprise \u00e9volue vers la fabrication de ses produits phares. Au Technikum de Berlin, nos ing\u00e9nieurs d\u00e9veloppent de nouveaux produits, cr\u00e9ent des dessins techniques, s&#8217;occupent de la construction de prototypes et de l&#8217;obtention des certifications n\u00e9cessaires et, pour finir, contr\u00f4lent la production en s\u00e9rie. Ces produits sont commercialis\u00e9s sous les noms de marque suivants :<\/p>\n<\/div><\/section><\/p><\/div>\n\n<style type=\"text\/css\" data-created_by=\"avia_inline_auto\" id=\"style-css-av-rz72-1141159f613eff02989dc5edc4a77c4b\">\n.flex_column.av-rz72-1141159f613eff02989dc5edc4a77c4b{\nborder-radius:0px 0px 0px 0px;\npadding:0px 0px 0px 0px;\n}\n<\/style>\n<div  class='flex_column av-rz72-1141159f613eff02989dc5edc4a77c4b av_one_half  avia-builder-el-3  el_after_av_one_half  el_before_av_one_fourth  flex_column_div av-zero-column-padding  '     ><div  class='avia-video av-me2gj5c2-c4517fefab8407422463a1d032784d96 avia-video-16-9 av-no-preview-image avia-video-load-always avia-video-html5'  itemprop=\"video\" itemtype=\"https:\/\/schema.org\/VideoObject\"  data-original_url='https:\/\/hermannschmidt.de\/wp-content\/uploads\/2025\/08\/HS-Imagevideo-Website.mp4'><video class='avia_video'    preload=\"auto\"  controls id='player_2024_718980886_332977573'><source src='https:\/\/hermannschmidt.de\/wp-content\/uploads\/2025\/08\/HS-Imagevideo-Website.mp4' type='video\/mp4' \/><\/video><\/div><\/div>\n<style type=\"text\/css\" data-created_by=\"avia_inline_auto\" id=\"style-css-av-mac2-c9bb4d0651afa0e84d7a56dae7414948\">\n.flex_column.av-mac2-c9bb4d0651afa0e84d7a56dae7414948{\nborder-radius:0px 0px 0px 0px;\npadding:0px 0px 0px 0px;\n}\n<\/style>\n<div  class='flex_column av-mac2-c9bb4d0651afa0e84d7a56dae7414948 av_one_fourth  avia-builder-el-5  el_after_av_one_half  el_before_av_one_fourth  first flex_column_div av-zero-column-padding  column-top-margin'     ><style type=\"text\/css\" data-created_by=\"avia_inline_auto\" id=\"style-css-av-5mcfm-6670eb5505c440b563adb1e1d46f4bbe\">\n.avia-image-container.av-5mcfm-6670eb5505c440b563adb1e1d46f4bbe img.avia_image{\nbox-shadow:none;\n}\n.avia-image-container.av-5mcfm-6670eb5505c440b563adb1e1d46f4bbe .av-image-caption-overlay-center{\ncolor:#ffffff;\n}\n<\/style>\n<div  class='avia-image-container av-5mcfm-6670eb5505c440b563adb1e1d46f4bbe av-styling- av-img-linked avia-align-center  avia-builder-el-6  avia-builder-el-no-sibling '   itemprop=\"image\" itemscope=\"itemscope\" itemtype=\"https:\/\/schema.org\/ImageObject\" ><div class=\"avia-image-container-inner\"><div class=\"avia-image-overlay-wrap\"><a href=\"https:\/\/hs-fittings.de\" class=\"avia_image \" target=\"_blank\" rel=\"noopener noreferrer\" aria-label=\"hsf-logo-small\"><img decoding=\"async\" fetchpriority=\"high\" class='wp-image-3173 avia-img-lazy-loading-not-3173 avia_image ' src=\"https:\/\/hermannschmidt.de\/wp-content\/uploads\/2015\/10\/hsf-logo-small.gif\" alt='' title='hsf-logo-small'  height=\"140\" width=\"210\"  itemprop=\"thumbnailUrl\"  \/><\/a><\/div><\/div><\/div><\/div><\/p>\n\n<style type=\"text\/css\" data-created_by=\"avia_inline_auto\" id=\"style-css-av-56xf2-9059bba4a32f8ccdb31d15ffcb60686c\">\n.flex_column.av-56xf2-9059bba4a32f8ccdb31d15ffcb60686c{\nborder-radius:0px 0px 0px 0px;\npadding:0px 0px 0px 0px;\n}\n<\/style>\n<div  class='flex_column av-56xf2-9059bba4a32f8ccdb31d15ffcb60686c av_one_fourth  avia-builder-el-7  el_after_av_one_fourth  el_before_av_one_fourth  flex_column_div av-zero-column-padding  column-top-margin'     ><style type=\"text\/css\" data-created_by=\"avia_inline_auto\" id=\"style-css-av-4ide2-b77adcdda41a1ae4f550b8b1946a3132\">\n.avia-image-container.av-4ide2-b77adcdda41a1ae4f550b8b1946a3132 img.avia_image{\nbox-shadow:none;\n}\n.avia-image-container.av-4ide2-b77adcdda41a1ae4f550b8b1946a3132 .av-image-caption-overlay-center{\ncolor:#ffffff;\n}\n<\/style>\n<div  class='avia-image-container av-4ide2-b77adcdda41a1ae4f550b8b1946a3132 av-styling- av-img-linked avia-align-center  avia-builder-el-8  avia-builder-el-no-sibling '   itemprop=\"image\" itemscope=\"itemscope\" itemtype=\"https:\/\/schema.org\/ImageObject\" ><div class=\"avia-image-container-inner\"><div class=\"avia-image-overlay-wrap\"><a href=\"https:\/\/hse-armaturen.de\/\" class=\"avia_image \" target=\"_blank\" rel=\"noopener noreferrer\" aria-label=\"hse-logo-small\"><img decoding=\"async\" fetchpriority=\"high\" class='wp-image-3170 avia-img-lazy-loading-not-3170 avia_image ' src=\"https:\/\/hermannschmidt.de\/wp-content\/uploads\/2015\/10\/hse-logo-small.gif\" alt='HSE Armaturen' title='hse-logo-small'  height=\"140\" width=\"210\"  itemprop=\"thumbnailUrl\"  \/><\/a><\/div><\/div><\/div><\/div>\n\n<style type=\"text\/css\" data-created_by=\"avia_inline_auto\" id=\"style-css-av-3ssse-5c12a9a189d965802fa8826509a78e5a\">\n.flex_column.av-3ssse-5c12a9a189d965802fa8826509a78e5a{\nborder-radius:0px 0px 0px 0px;\npadding:0px 0px 0px 0px;\n}\n<\/style>\n<div  class='flex_column av-3ssse-5c12a9a189d965802fa8826509a78e5a av_one_fourth  avia-builder-el-9  el_after_av_one_fourth  el_before_av_one_fourth  flex_column_div av-zero-column-padding  column-top-margin'     ><style type=\"text\/css\" data-created_by=\"avia_inline_auto\" id=\"style-css-av-c0nq-3371a8c6bc4bbb84f132f0292215da4a\">\n.avia-image-container.av-c0nq-3371a8c6bc4bbb84f132f0292215da4a img.avia_image{\nbox-shadow:none;\n}\n.avia-image-container.av-c0nq-3371a8c6bc4bbb84f132f0292215da4a .av-image-caption-overlay-center{\ncolor:#ffffff;\n}\n<\/style>\n<div  class='avia-image-container av-c0nq-3371a8c6bc4bbb84f132f0292215da4a av-styling- av-img-linked avia-align-center  avia-builder-el-10  avia-builder-el-no-sibling '   itemprop=\"image\" itemscope=\"itemscope\" itemtype=\"https:\/\/schema.org\/ImageObject\" ><div class=\"avia-image-container-inner\"><div class=\"avia-image-overlay-wrap\"><a href=\"https:\/\/caldo-heizkoerper.de\/\" class=\"avia_image \" target=\"_blank\" rel=\"noopener noreferrer\" aria-label=\"caldo-logo-small\"><img decoding=\"async\" fetchpriority=\"high\" class='wp-image-3167 avia-img-lazy-loading-not-3167 avia_image ' src=\"https:\/\/hermannschmidt.de\/wp-content\/uploads\/2015\/10\/caldo-logo-small.gif\" alt='Caldo Heizk\u00f6rper' title='caldo-logo-small'  height=\"140\" width=\"210\"  itemprop=\"thumbnailUrl\"  \/><\/a><\/div><\/div><\/div><\/div>\n\n<style type=\"text\/css\" data-created_by=\"avia_inline_auto\" id=\"style-css-av-2p32y-dcd2733767cdc6ab23728bf9bc61c442\">\n.flex_column.av-2p32y-dcd2733767cdc6ab23728bf9bc61c442{\nborder-radius:0px 0px 0px 0px;\npadding:0px 0px 0px 0px;\n}\n<\/style>\n<div  class='flex_column av-2p32y-dcd2733767cdc6ab23728bf9bc61c442 av_one_fourth  avia-builder-el-11  el_after_av_one_fourth  el_before_av_hr  flex_column_div av-zero-column-padding  column-top-margin'     ><style type=\"text\/css\" data-created_by=\"avia_inline_auto\" id=\"style-css-av-28yu2-443c802d36908f773c7910b5917c22d4\">\n.avia-image-container.av-28yu2-443c802d36908f773c7910b5917c22d4 img.avia_image{\nbox-shadow:none;\n}\n.avia-image-container.av-28yu2-443c802d36908f773c7910b5917c22d4 .av-image-caption-overlay-center{\ncolor:#ffffff;\n}\n<\/style>\n<div  class='avia-image-container av-28yu2-443c802d36908f773c7910b5917c22d4 av-styling- av-img-linked avia-align-center  avia-builder-el-12  avia-builder-el-no-sibling '   itemprop=\"image\" itemscope=\"itemscope\" itemtype=\"https:\/\/schema.org\/ImageObject\" ><div class=\"avia-image-container-inner\"><div class=\"avia-image-overlay-wrap\"><a href=\"https:\/\/sit-sanitaertechnik.de\/\" class=\"avia_image \" target=\"_blank\" rel=\"noopener noreferrer\" aria-label=\"sit-logo-small\"><img decoding=\"async\" fetchpriority=\"high\" class='wp-image-3164 avia-img-lazy-loading-not-3164 avia_image ' src=\"https:\/\/hermannschmidt.de\/wp-content\/uploads\/2015\/10\/sit-logo-small.gif\" alt='' title='sit-logo-small'  height=\"140\" width=\"210\"  itemprop=\"thumbnailUrl\"  \/><\/a><\/div><\/div><\/div><\/div>\n\n<style type=\"text\/css\" data-created_by=\"avia_inline_auto\" id=\"style-css-av-1mjky-cef792b7adfa50b4aff744694c70baec\">\n#top .hr.hr-invisible.av-1mjky-cef792b7adfa50b4aff744694c70baec{\nheight:50px;\n}\n<\/style>\n<div  class='hr av-1mjky-cef792b7adfa50b4aff744694c70baec hr-invisible  avia-builder-el-13  el_after_av_one_fourth  el_before_av_one_full '><span class='hr-inner '><span class=\"hr-inner-style\"><\/span><\/span><\/div>\n<div  class='flex_column av-27iiq-2125bf9561ad8334ffe661da084bda2b av_one_full  avia-builder-el-14  el_after_av_hr  el_before_av_one_half  first flex_column_div  '     ><section  class='av_textblock_section av-xcbu-9a99a708fad4a994b60eca7c79e13525 '   itemscope=\"itemscope\" itemtype=\"https:\/\/schema.org\/CreativeWork\" ><div class='avia_textblock'  itemprop=\"text\" ><p>La plaque tournante de tous les produits est notre entrep\u00f4t \u00e0 Essen-Kupferdreh. Environ 5.000 articles sont stock\u00e9s sur une surface d&#8217;environ 18.000 m\u00b2. Gr\u00e2ce \u00e0 un stockage bien pens\u00e9, Hermann Schmidt assure une livraison flexible et rapide de composants pour le secteur sanitaire et le chauffage, en fonction des besoins.<\/p>\n<p>Trois piliers forment aujourd&#8217;hui encore la base de son succ\u00e8s : la fabrication de produits sanitaires et de chauffage, l&#8217;exportation vers les march\u00e9s les plus importants du monde et l&#8217;activit\u00e9 de repr\u00e9sentation d&#8217;usine, c&#8217;est-\u00e0-dire la distribution de produits de haute qualit\u00e9 pour les fabricants allemands et \u00e9trangers pour les installations domestiques.<br \/>\nAfin de garantir un suivi optimal des clients dans l&#8217;artisanat, Hermann Schmidt fait exclusivement confiance au canal de distribution du commerce de gros sp\u00e9cialis\u00e9 : un partenaire fiable pour des relations commerciales fructueuses \u00e0 long terme.<\/p>\n<\/div><\/section><\/div>\n<div  class='flex_column av-1fk1e-486b89535a83a34dafdd076ba05bf8ea av_one_half  avia-builder-el-16  el_after_av_one_full  el_before_av_one_half  first flex_column_div  column-top-margin'     ><section  class='av_textblock_section av-ksyjnkvc-fba2f61b064dd34f44e4e1dfb0fddfd1 '   itemscope=\"itemscope\" itemtype=\"https:\/\/schema.org\/CreativeWork\" ><div class='avia_textblock'  itemprop=\"text\" ><h2>Don \u00e0<br \/>\nFranz Sales Haus<\/h2>\n<p>Apr\u00e8s les inondations qui ont touch\u00e9 une grande partie du nord de la Rh\u00e9nanie-Westphalie et le sud d&#8217;Essen, nous avons eu un petit mot d&#8217;encouragement pour quelques personnes touch\u00e9es :<\/p>\n<p><strong>La maison Franz Sales \u00e9crit sur Facebook :<br \/>\n<\/strong>Superbe action ! La soci\u00e9t\u00e9 Hermann Schmidt de Kupferdreh a fait don de maillots de l&#8217;\u00e9quipe nationale de football de 2014 \u00e0 notre atelier de Hinsbecker L\u00f6h. Les deux entreprises sont touch\u00e9es par les inondations caus\u00e9es par le Deilbach. Merci beaucoup pour cette belle surprise et cet encouragement ! \ud83d\udc4d \u26bd \ud83d\udc4d<\/p>\n<p><a title=\"Post Facebook de la Maison Franz Sales\" href=\"https:\/\/www.facebook.com\/franzsaleshaus\/photos\/a.394079494278299\/1465939660425605\/\" target=\"_blank\" rel=\"noopener\"><strong>Cliquez ici pour acc\u00e9der au post Facebook.<\/strong><\/a><\/p>\n<\/div><\/section><\/div>\n<div  class='flex_column av-x936-dc3982bf23b9d325d35ca1dfe4603a5b av_one_half  avia-builder-el-18  el_after_av_one_half  avia-builder-el-last  flex_column_div  column-top-margin'     ><style type=\"text\/css\" data-created_by=\"avia_inline_auto\" id=\"style-css-av-ksyk0y20-3cc52a76ccb26a97a6e1bf68653ad967\">\n.avia-image-container.av-ksyk0y20-3cc52a76ccb26a97a6e1bf68653ad967 img.avia_image{\nbox-shadow:none;\n}\n.avia-image-container.av-ksyk0y20-3cc52a76ccb26a97a6e1bf68653ad967 .av-image-caption-overlay-center{\ncolor:#ffffff;\n}\n<\/style>\n<div  class='avia-image-container av-ksyk0y20-3cc52a76ccb26a97a6e1bf68653ad967 av-styling- avia-align-center  avia-builder-el-19  avia-builder-el-no-sibling '   itemprop=\"image\" itemscope=\"itemscope\" itemtype=\"https:\/\/schema.org\/ImageObject\" ><div class=\"avia-image-container-inner\"><div class=\"avia-image-overlay-wrap\"><img decoding=\"async\" fetchpriority=\"high\" class='wp-image-4543 avia-img-lazy-loading-not-4543 avia_image ' src=\"https:\/\/hermannschmidt.de\/wp-content\/uploads\/2021\/08\/Franz-Sales-Haus.jpg\" alt='' title='Franz Sales Haus'  height=\"450\" width=\"600\"  itemprop=\"thumbnailUrl\"  \/><\/div><\/div><\/div><\/div>\n","protected":false},"excerpt":{"rendered":"","protected":false},"author":4,"featured_media":0,"parent":0,"menu_order":0,"comment_status":"closed","ping_status":"closed","template":"","meta":{"footnotes":""},"class_list":["post-2024","page","type-page","status-publish","hentry"],"_links":{"self":[{"href":"https:\/\/hermannschmidt.de\/fr\/wp-json\/wp\/v2\/pages\/2024","targetHints":{"allow":["GET"]}}],"collection":[{"href":"https:\/\/hermannschmidt.de\/fr\/wp-json\/wp\/v2\/pages"}],"about":[{"href":"https:\/\/hermannschmidt.de\/fr\/wp-json\/wp\/v2\/types\/page"}],"author":[{"embeddable":true,"href":"https:\/\/hermannschmidt.de\/fr\/wp-json\/wp\/v2\/users\/4"}],"replies":[{"embeddable":true,"href":"https:\/\/hermannschmidt.de\/fr\/wp-json\/wp\/v2\/comments?post=2024"}],"version-history":[{"count":20,"href":"https:\/\/hermannschmidt.de\/fr\/wp-json\/wp\/v2\/pages\/2024\/revisions"}],"predecessor-version":[{"id":8366,"href":"https:\/\/hermannschmidt.de\/fr\/wp-json\/wp\/v2\/pages\/2024\/revisions\/8366"}],"wp:attachment":[{"href":"https:\/\/hermannschmidt.de\/fr\/wp-json\/wp\/v2\/media?parent=2024"}],"curies":[{"name":"wp","href":"https:\/\/api.w.org\/{rel}","templated":true}]}}