{"id":1778,"date":"2020-10-26T11:21:01","date_gmt":"2020-10-26T10:21:01","guid":{"rendered":"https:\/\/hermannschmidt.de\/zone-commerciale\/"},"modified":"2025-01-23T15:00:37","modified_gmt":"2025-01-23T14:00:37","slug":"zone-commerciale","status":"publish","type":"page","link":"https:\/\/hermannschmidt.de\/fr\/zone-commerciale\/","title":{"rendered":"Marques"},"content":{"rendered":"\n<style type=\"text\/css\" data-created_by=\"avia_inline_auto\" id=\"style-css-av-61dac0-7eab4b79404c6ff03816d5cd40177599\">\n#top .av-special-heading.av-61dac0-7eab4b79404c6ff03816d5cd40177599{\npadding-bottom:10px;\n}\nbody .av-special-heading.av-61dac0-7eab4b79404c6ff03816d5cd40177599 .av-special-heading-tag .heading-char{\nfont-size:25px;\n}\n.av-special-heading.av-61dac0-7eab4b79404c6ff03816d5cd40177599 .av-subheading{\nfont-size:15px;\n}\n<\/style>\n<div  class='av-special-heading av-61dac0-7eab4b79404c6ff03816d5cd40177599 av-special-heading-h1 blockquote modern-quote  avia-builder-el-0  el_before_av_textblock  avia-builder-el-first '><h1 class='av-special-heading-tag '  itemprop=\"headline\"  >Nos marques<\/h1><div class=\"special-heading-border\"><div class=\"special-heading-inner-border\"><\/div><\/div><\/div>\n<section  class='av_textblock_section av-5xq5nk-0a7d2604d30645a4dbfe44714aceddbd '   itemscope=\"itemscope\" itemtype=\"https:\/\/schema.org\/CreativeWork\" ><div class='avia_textblock'  itemprop=\"text\" ><p>Hermann Schmidt est actif dans diff\u00e9rents domaines d&#8217;activit\u00e9. Sous l&#8217;\u00e9gide commune et en s&#8217;appuyant sur le potentiel strat\u00e9gique et les comp\u00e9tences cl\u00e9s, les secteurs d&#8217;activit\u00e9 sont d\u00e9velopp\u00e9s et \u00e9tendus de mani\u00e8re autonome. Plus de 7 marques nous appartiennent &#8211; de la c\u00e9l\u00e8bre marque de robinetterie HSE \u00e0 la marque innovante Vortex pour les pompes \u00e0 eau sanitaire. Hermann Schmidt emploie environ 70 personnes et son si\u00e8ge social se trouve \u00e0 Essen, au c\u0153ur de la Ruhr.<\/p>\n<\/div><\/section>\n<\/div><\/div><\/div><!-- close content main div --><\/div><\/div>\n<style type=\"text\/css\" data-created_by=\"avia_inline_auto\" id=\"style-css-av-lslyby9a-db3d0a63baeacb57bcc14c36364757c3\">\n.avia-section.av-lslyby9a-db3d0a63baeacb57bcc14c36364757c3{\nbackground-color:#f9f9f9;\nbackground-image:unset;\n}\n<\/style>\n<div id='av_section_1'  class='avia-section av-lslyby9a-db3d0a63baeacb57bcc14c36364757c3 main_color avia-section-default avia-no-border-styling  avia-builder-el-2  el_after_av_textblock  el_before_av_section  avia-bg-style-scroll container_wrap sidebar_right'  ><div class='container av-section-cont-open' ><div class='template-page content  av-content-small alpha units'><div class='post-entry post-entry-type-page post-entry-1778'><div class='entry-content-wrapper clearfix'>\n<div class='flex_column_table av-lq0s13qv-7838b5b0f262028c88155ad91e846696 sc-av_one_third av-equal-height-column-flextable'><div  class='flex_column av-lq0s13qv-7838b5b0f262028c88155ad91e846696 av_one_third  avia-builder-el-3  el_before_av_two_third  avia-builder-el-first  first flex_column_table_cell av-equal-height-column av-align-middle  '     ><style type=\"text\/css\" data-created_by=\"avia_inline_auto\" id=\"style-css-av-iju4g-ecd2bd100e4a6edac83dcdf8388bf739\">\n.avia-image-container.av-iju4g-ecd2bd100e4a6edac83dcdf8388bf739 img.avia_image{\nbox-shadow:none;\n}\n.avia-image-container.av-iju4g-ecd2bd100e4a6edac83dcdf8388bf739 .av-image-caption-overlay-center{\ncolor:#ffffff;\n}\n<\/style>\n<div  class='avia-image-container av-iju4g-ecd2bd100e4a6edac83dcdf8388bf739 av-styling- avia-align-center  avia-builder-el-4  avia-builder-el-no-sibling '   itemprop=\"image\" itemscope=\"itemscope\" itemtype=\"https:\/\/schema.org\/ImageObject\" ><div class=\"avia-image-container-inner\"><div class=\"avia-image-overlay-wrap\"><img decoding=\"async\" loading=\"lazy\" class='wp-image-4516 avia-img-lazy-loading-4516 avia_image ' src=\"https:\/\/hermannschmidt.de\/wp-content\/uploads\/2021\/08\/hs-fittings-logo.jpg\" alt='HS Fittings' title='hs-fittings-logo'  height=\"400\" width=\"600\"  itemprop=\"thumbnailUrl\"  \/><\/div><\/div><\/div><\/div><div class='av-flex-placeholder'><\/div><div  class='flex_column av-15560-5a5015ef00b50bd723a8e27cff16e960 av_two_third  avia-builder-el-5  el_after_av_one_third  avia-builder-el-last  flex_column_table_cell av-equal-height-column av-align-middle  '     ><p>\n<style type=\"text\/css\" data-created_by=\"avia_inline_auto\" id=\"style-css-av-4tlxdc-8f92e79d6ea50b9b9f4fe0e7cb5e81b2\">\n#top .av-special-heading.av-4tlxdc-8f92e79d6ea50b9b9f4fe0e7cb5e81b2{\npadding-bottom:10px;\n}\nbody .av-special-heading.av-4tlxdc-8f92e79d6ea50b9b9f4fe0e7cb5e81b2 .av-special-heading-tag .heading-char{\nfont-size:25px;\n}\n.av-special-heading.av-4tlxdc-8f92e79d6ea50b9b9f4fe0e7cb5e81b2 .av-subheading{\nfont-size:15px;\n}\n<\/style>\n<div  class='av-special-heading av-4tlxdc-8f92e79d6ea50b9b9f4fe0e7cb5e81b2 av-special-heading-h2 blockquote modern-quote  avia-builder-el-6  el_before_av_textblock  avia-builder-el-first  av-linked-heading'><h2 class='av-special-heading-tag '  itemprop=\"headline\"  ><a class=\"av-heading-link\" href=\"https:\/\/hermannschmidt.de\/fittings\/\" >Raccords<\/a><\/h2><div class=\"special-heading-border\"><div class=\"special-heading-inner-border\"><\/div><\/div><\/div><br \/>\n<section  class='av_textblock_section av-4ntc40-31c92764a6f168c42ca2a1cf03859eee '   itemscope=\"itemscope\" itemtype=\"https:\/\/schema.org\/CreativeWork\" ><div class='avia_textblock'  itemprop=\"text\" ><p>Depuis des d\u00e9cennies, nous sommes connus en tant que sp\u00e9cialistes des raccords et fournissons nos produits de qualit\u00e9 aux secteurs les plus divers qui utilisent principalement des tubes filet\u00e9s en acier.<\/p>\n<\/div><\/section><br \/>\n<div  class='avia-button-wrap av-4mjtzs-5bb2136f9e861f3e7649f9ee6af45c93-wrap avia-button-left  avia-builder-el-8  el_after_av_textblock  avia-builder-el-last '><a href=\"https:\/\/hs-fittings.de\/\" class=\"avia-button av-4mjtzs-5bb2136f9e861f3e7649f9ee6af45c93 av-link-btn avia-icon_select-no avia-size-small avia-position-left avia-color-theme-color\" target=\"_blank\" rel=\"noopener noreferrer\" aria-label=\"En savoir plus\"><span class='avia_iconbox_title' >En savoir plus<\/span><\/a><\/div><\/p><\/div><\/div><!--close column table wrapper. Autoclose: 1 -->\n\n<\/div><\/div><\/div><!-- close content main div --><\/div><\/div><div id='av_section_2'  class='avia-section av-f2x7k-804fef583580dfc3227ac15b3fa57678 main_color avia-section-default avia-no-border-styling  avia-builder-el-9  el_after_av_section  el_before_av_section  avia-bg-style-scroll container_wrap sidebar_right'  ><div class='container av-section-cont-open' ><div class='template-page content  av-content-small alpha units'><div class='post-entry post-entry-type-page post-entry-1778'><div class='entry-content-wrapper clearfix'>\n<div class='flex_column_table av-2mgxbs-0f5c83eff70577309b83a30469b3c866 sc-av_one_third av-equal-height-column-flextable'>\n<style type=\"text\/css\" data-created_by=\"avia_inline_auto\" id=\"style-css-av-2mgxbs-0f5c83eff70577309b83a30469b3c866\">\n.flex_column.av-2mgxbs-0f5c83eff70577309b83a30469b3c866{\nborder-radius:0px 0px 0px 0px;\npadding:0px 0px 0px 0px;\n}\n<\/style>\n<div  class='flex_column av-2mgxbs-0f5c83eff70577309b83a30469b3c866 av_one_third  avia-builder-el-10  el_before_av_two_third  avia-builder-el-first  first flex_column_table_cell av-equal-height-column av-align-middle av-zero-column-padding  '     ><style type=\"text\/css\" data-created_by=\"avia_inline_auto\" id=\"style-css-av-2ggzeo-c4919bf299b932d70bff2e7a620a16fe\">\n.avia-image-container.av-2ggzeo-c4919bf299b932d70bff2e7a620a16fe img.avia_image{\nbox-shadow:none;\n}\n.avia-image-container.av-2ggzeo-c4919bf299b932d70bff2e7a620a16fe .av-image-caption-overlay-center{\ncolor:#ffffff;\n}\n<\/style>\n<div  class='avia-image-container av-2ggzeo-c4919bf299b932d70bff2e7a620a16fe av-styling- avia-align-center  avia-builder-el-11  avia-builder-el-no-sibling '   itemprop=\"image\" itemscope=\"itemscope\" itemtype=\"https:\/\/schema.org\/ImageObject\" ><div class=\"avia-image-container-inner\"><div class=\"avia-image-overlay-wrap\"><img decoding=\"async\" loading=\"lazy\" class='wp-image-4522 avia-img-lazy-loading-4522 avia_image ' src=\"https:\/\/hermannschmidt.de\/wp-content\/uploads\/2021\/08\/caldo-logo.jpg\" alt='Caldo Heizk\u00f6rper' title='caldo-logo'  height=\"400\" width=\"600\"  itemprop=\"thumbnailUrl\"  \/><\/div><\/div><\/div><\/div><div class='av-flex-placeholder'><\/div>\n<style type=\"text\/css\" data-created_by=\"avia_inline_auto\" id=\"style-css-av-26vyvs-87682de6710e46a482065030e9dc5164\">\n.flex_column.av-26vyvs-87682de6710e46a482065030e9dc5164{\nborder-radius:0px 0px 0px 0px;\npadding:0px 0px 0px 0px;\n}\n<\/style>\n<div  class='flex_column av-26vyvs-87682de6710e46a482065030e9dc5164 av_two_third  avia-builder-el-12  el_after_av_one_third  avia-builder-el-last  flex_column_table_cell av-equal-height-column av-align-middle av-zero-column-padding  '     ><p>\n<style type=\"text\/css\" data-created_by=\"avia_inline_auto\" id=\"style-css-av-24fhp4-f970898222893375ad4fcd3738a5e703\">\n#top .av-special-heading.av-24fhp4-f970898222893375ad4fcd3738a5e703{\npadding-bottom:10px;\n}\nbody .av-special-heading.av-24fhp4-f970898222893375ad4fcd3738a5e703 .av-special-heading-tag .heading-char{\nfont-size:25px;\n}\n.av-special-heading.av-24fhp4-f970898222893375ad4fcd3738a5e703 .av-subheading{\nfont-size:15px;\n}\n<\/style>\n<div  class='av-special-heading av-24fhp4-f970898222893375ad4fcd3738a5e703 av-special-heading-h2 blockquote modern-quote  avia-builder-el-13  el_before_av_textblock  avia-builder-el-first  av-linked-heading'><h2 class='av-special-heading-tag '  itemprop=\"headline\"  ><a class=\"av-heading-link\" href=\"https:\/\/hermannschmidt.de\/heizung\/\">Chauffage<\/a><\/h2><div class=\"special-heading-border\"><div class=\"special-heading-inner-border\"><\/div><\/div><\/div><br \/>\n<section  class='av_textblock_section av-1wthi0-aa8b00ac3d4e111e162448ca26054da0 '   itemscope=\"itemscope\" itemtype=\"https:\/\/schema.org\/CreativeWork\" ><div class='avia_textblock'  itemprop=\"text\" ><p>Notre activit\u00e9 de chauffage est principalement une activit\u00e9 de repr\u00e9sentation d&#8217;usine pour des fabricants renomm\u00e9s. Aujourd&#8217;hui, le secteur d&#8217;activit\u00e9 comprend \u00e9galement la propre activit\u00e9 de radiateurs de salle de bains et de radiateurs design sous la marque Caldo Radiators.<\/p>\n<\/div><\/section><br \/>\n<div  class='avia-button-wrap av-1ou5d4-f644e5cebe601ecd261feb1cbd1ccca3-wrap avia-button-left  avia-builder-el-15  el_after_av_textblock  avia-builder-el-last '><a href=\"https:\/\/caldo-heizkoerper.de\/\" class=\"avia-button av-1ou5d4-f644e5cebe601ecd261feb1cbd1ccca3 av-link-btn avia-icon_select-no avia-size-small avia-position-left avia-color-theme-color\" target=\"_blank\" rel=\"noopener noreferrer\" aria-label=\"En savoir plus\"><span class='avia_iconbox_title' >En savoir plus<\/span><\/a><\/div><\/p><\/div><\/div><!--close column table wrapper. Autoclose: 1 -->\n\n<\/div><\/div><\/div><!-- close content main div --><\/div><\/div>\n<style type=\"text\/css\" data-created_by=\"avia_inline_auto\" id=\"style-css-av-lslyc631-b0c91240ff89a379df94111b192f73d2\">\n.avia-section.av-lslyc631-b0c91240ff89a379df94111b192f73d2{\nbackground-color:#f9f9f9;\nbackground-image:unset;\n}\n<\/style>\n<div id='av_section_3'  class='avia-section av-lslyc631-b0c91240ff89a379df94111b192f73d2 main_color avia-section-default avia-no-border-styling  avia-builder-el-16  el_after_av_section  el_before_av_section  avia-bg-style-scroll container_wrap sidebar_right'  ><div class='container av-section-cont-open' ><div class='template-page content  av-content-small alpha units'><div class='post-entry post-entry-type-page post-entry-1778'><div class='entry-content-wrapper clearfix'>\n<div class='flex_column_table av-16kods-4605b180a3b727c35968025e19c63335 sc-av_one_third av-equal-height-column-flextable'>\n<style type=\"text\/css\" data-created_by=\"avia_inline_auto\" id=\"style-css-av-16kods-4605b180a3b727c35968025e19c63335\">\n.flex_column.av-16kods-4605b180a3b727c35968025e19c63335{\nborder-radius:0px 0px 0px 0px;\npadding:0px 0px 0px 0px;\n}\n<\/style>\n<div  class='flex_column av-16kods-4605b180a3b727c35968025e19c63335 av_one_third  avia-builder-el-17  el_before_av_two_third  avia-builder-el-first  first flex_column_table_cell av-equal-height-column av-align-middle av-zero-column-padding  '     ><style type=\"text\/css\" data-created_by=\"avia_inline_auto\" id=\"style-css-av-14ok80-fa01a8bdb574adff9b749b295f307d9f\">\n.avia-image-container.av-14ok80-fa01a8bdb574adff9b749b295f307d9f img.avia_image{\nbox-shadow:none;\n}\n.avia-image-container.av-14ok80-fa01a8bdb574adff9b749b295f307d9f .av-image-caption-overlay-center{\ncolor:#ffffff;\n}\n<\/style>\n<div  class='avia-image-container av-14ok80-fa01a8bdb574adff9b749b295f307d9f av-styling- avia-align-center  avia-builder-el-18  avia-builder-el-no-sibling '   itemprop=\"image\" itemscope=\"itemscope\" itemtype=\"https:\/\/schema.org\/ImageObject\" ><div class=\"avia-image-container-inner\"><div class=\"avia-image-overlay-wrap\"><img decoding=\"async\" loading=\"lazy\" class='wp-image-4525 avia-img-lazy-loading-4525 avia_image ' src=\"https:\/\/hermannschmidt.de\/wp-content\/uploads\/2021\/08\/sit-sanitaer-logo.jpg\" alt='S.I.T. Sanit\u00e4rtechnik' title='sit-sanitaer-logo'  height=\"400\" width=\"600\"  itemprop=\"thumbnailUrl\"  \/><\/div><\/div><\/div><\/div><div class='av-flex-placeholder'><\/div>\n<style type=\"text\/css\" data-created_by=\"avia_inline_auto\" id=\"style-css-av-ye14o-39b9d06218f85ec96bca48443a097ea9\">\n.flex_column.av-ye14o-39b9d06218f85ec96bca48443a097ea9{\nborder-radius:0px 0px 0px 0px;\npadding:0px 0px 0px 0px;\n}\n<\/style>\n<div  class='flex_column av-ye14o-39b9d06218f85ec96bca48443a097ea9 av_two_third  avia-builder-el-19  el_after_av_one_third  avia-builder-el-last  flex_column_table_cell av-equal-height-column av-align-middle av-zero-column-padding  '     ><p>\n<style type=\"text\/css\" data-created_by=\"avia_inline_auto\" id=\"style-css-av-qphvs-e22600e349474568c2fcfdda73b59b8a\">\n#top .av-special-heading.av-qphvs-e22600e349474568c2fcfdda73b59b8a{\npadding-bottom:10px;\n}\nbody .av-special-heading.av-qphvs-e22600e349474568c2fcfdda73b59b8a .av-special-heading-tag .heading-char{\nfont-size:25px;\n}\n.av-special-heading.av-qphvs-e22600e349474568c2fcfdda73b59b8a .av-subheading{\nfont-size:15px;\n}\n<\/style>\n<div  class='av-special-heading av-qphvs-e22600e349474568c2fcfdda73b59b8a av-special-heading-h2 blockquote modern-quote  avia-builder-el-20  el_before_av_textblock  avia-builder-el-first  av-linked-heading'><h2 class='av-special-heading-tag '  itemprop=\"headline\"  ><a class=\"av-heading-link\" href=\"https:\/\/hermannschmidt.de\/sanitaer\/\">Plomberie<\/a><\/h2><div class=\"special-heading-border\"><div class=\"special-heading-inner-border\"><\/div><\/div><\/div><br \/>\n<section  class='av_textblock_section av-mrssw-a4ed0d2003d26f7dad44954031f027a0 '   itemscope=\"itemscope\" itemtype=\"https:\/\/schema.org\/CreativeWork\" ><div class='avia_textblock'  itemprop=\"text\" ><p>La division sanitaire trouve son origine dans les activit\u00e9s de repr\u00e9sentation d&#8217;usine. En compl\u00e9ment, nous exploitons en propre des produits fabriqu\u00e9s en plastique sous la marque S.I.T. Sanit\u00e4rtechnik.<\/p>\n<\/div><\/section><br \/>\n<div  class='avia-button-wrap av-ecd6w-9ba5dbee0f741a869dd52305a160b30e-wrap avia-button-left  avia-builder-el-22  el_after_av_textblock  avia-builder-el-last '><a href=\"https:\/\/sit-sanitaertechnik.de\/\" class=\"avia-button av-ecd6w-9ba5dbee0f741a869dd52305a160b30e av-link-btn avia-icon_select-no avia-size-small avia-position-left avia-color-theme-color\" target=\"_blank\" rel=\"noopener noreferrer\" aria-label=\"En savoir plus\"><span class='avia_iconbox_title' >En savoir plus<\/span><\/a><\/div><\/p><\/div><\/div><!--close column table wrapper. Autoclose: 1 -->\n\n<\/div><\/div><\/div><!-- close content main div --><\/div><\/div><div id='av_section_4'  class='avia-section av-aqs2g-97be8c462f249f48e41ad69f949e7062 main_color avia-section-default avia-no-border-styling  avia-builder-el-23  el_after_av_section  avia-builder-el-last  avia-bg-style-scroll container_wrap sidebar_right'  ><div class='container av-section-cont-open' ><div class='template-page content  av-content-small alpha units'><div class='post-entry post-entry-type-page post-entry-1778'><div class='entry-content-wrapper clearfix'>\n<div class='flex_column_table av-43gcrk-a4c013714b9ad0c2e407fafae0a7ad1a sc-av_one_third av-equal-height-column-flextable'>\n<style type=\"text\/css\" data-created_by=\"avia_inline_auto\" id=\"style-css-av-43gcrk-a4c013714b9ad0c2e407fafae0a7ad1a\">\n.flex_column.av-43gcrk-a4c013714b9ad0c2e407fafae0a7ad1a{\nborder-radius:0px 0px 0px 0px;\npadding:0px 0px 0px 0px;\n}\n<\/style>\n<div  class='flex_column av-43gcrk-a4c013714b9ad0c2e407fafae0a7ad1a av_one_third  avia-builder-el-24  el_before_av_two_third  avia-builder-el-first  first flex_column_table_cell av-equal-height-column av-align-middle av-zero-column-padding  '     ><style type=\"text\/css\" data-created_by=\"avia_inline_auto\" id=\"style-css-av-3yfevk-49b6b72972265e087be71ee7bd87be4a\">\n.avia-image-container.av-3yfevk-49b6b72972265e087be71ee7bd87be4a img.avia_image{\nbox-shadow:none;\n}\n.avia-image-container.av-3yfevk-49b6b72972265e087be71ee7bd87be4a .av-image-caption-overlay-center{\ncolor:#ffffff;\n}\n<\/style>\n<div  class='avia-image-container av-3yfevk-49b6b72972265e087be71ee7bd87be4a av-styling- avia-align-center  avia-builder-el-25  avia-builder-el-no-sibling '   itemprop=\"image\" itemscope=\"itemscope\" itemtype=\"https:\/\/schema.org\/ImageObject\" ><div class=\"avia-image-container-inner\"><div class=\"avia-image-overlay-wrap\"><img decoding=\"async\" loading=\"lazy\" class='wp-image-4519 avia-img-lazy-loading-4519 avia_image ' src=\"https:\/\/hermannschmidt.de\/wp-content\/uploads\/2021\/08\/hse-armaturen-logo.jpg\" alt='HSE Armaturen' title='hse-armaturen-logo'  height=\"400\" width=\"600\"  itemprop=\"thumbnailUrl\"  \/><\/div><\/div><\/div><\/div><div class='av-flex-placeholder'><\/div>\n<style type=\"text\/css\" data-created_by=\"avia_inline_auto\" id=\"style-css-av-de9kg-da3ce5d6bcba79cc203935c17a6c8281\">\n.flex_column.av-de9kg-da3ce5d6bcba79cc203935c17a6c8281{\nborder-radius:0px 0px 0px 0px;\npadding:0px 0px 0px 0px;\n}\n<\/style>\n<div  class='flex_column av-de9kg-da3ce5d6bcba79cc203935c17a6c8281 av_two_third  avia-builder-el-26  el_after_av_one_third  avia-builder-el-last  flex_column_table_cell av-equal-height-column av-align-middle av-zero-column-padding  '     ><p>\n<style type=\"text\/css\" data-created_by=\"avia_inline_auto\" id=\"style-css-av-3imva8-0c179945b8979e8582557f64333855b7\">\n#top .av-special-heading.av-3imva8-0c179945b8979e8582557f64333855b7{\npadding-bottom:10px;\n}\nbody .av-special-heading.av-3imva8-0c179945b8979e8582557f64333855b7 .av-special-heading-tag .heading-char{\nfont-size:25px;\n}\n.av-special-heading.av-3imva8-0c179945b8979e8582557f64333855b7 .av-subheading{\nfont-size:15px;\n}\n<\/style>\n<div  class='av-special-heading av-3imva8-0c179945b8979e8582557f64333855b7 av-special-heading-h2 blockquote modern-quote  avia-builder-el-27  el_before_av_textblock  avia-builder-el-first  av-linked-heading'><h2 class='av-special-heading-tag '  itemprop=\"headline\"  ><a class=\"av-heading-link\" href=\"https:\/\/hermannschmidt.de\/armaturen\/\">Robinetterie<\/a><\/h2><div class=\"special-heading-border\"><div class=\"special-heading-inner-border\"><\/div><\/div><\/div><br \/>\n<section  class='av_textblock_section av-3c2sts-8acadf280d890dcc0d4ee79df9486d5a '   itemscope=\"itemscope\" itemtype=\"https:\/\/schema.org\/CreativeWork\" ><div class='avia_textblock'  itemprop=\"text\" ><p>En tant que fournisseur renomm\u00e9 de robinetterie de qualit\u00e9, nous avons plus de 30 ans d&#8217;exp\u00e9rience. L&#8217;accent est mis sur les robinets en laiton pour les installations domestiques ainsi que sur les robinets en bronze pour les installations industrielles.<\/p>\n<\/div><\/section><br \/>\n<div  class='avia-button-wrap av-3b1gow-92523ea8ab4123744b11c56ebca4900f-wrap avia-button-left  avia-builder-el-29  el_after_av_textblock  avia-builder-el-last '><a href=\"https:\/\/hse-armaturen.de\/\" class=\"avia-button av-3b1gow-92523ea8ab4123744b11c56ebca4900f av-link-btn avia-icon_select-no avia-size-small avia-position-left avia-color-theme-color\" target=\"_blank\" rel=\"noopener noreferrer\" aria-label=\"En savoir plus\"><span class='avia_iconbox_title' >En savoir plus<\/span><\/a><\/div><\/p><\/div><\/div><!--close column table wrapper. Autoclose: 1 -->\n<\/div><\/div><\/div><!-- close content main div --><\/div><\/div><div id='after_section_4'  class='main_color av_default_container_wrap container_wrap sidebar_right'  ><div class='container av-section-cont-open' ><div class='template-page content  av-content-small alpha units'><div class='post-entry post-entry-type-page post-entry-1778'><div class='entry-content-wrapper clearfix'>\n","protected":false},"excerpt":{"rendered":"","protected":false},"author":4,"featured_media":6910,"parent":0,"menu_order":0,"comment_status":"closed","ping_status":"closed","template":"","meta":{"footnotes":""},"class_list":["post-1778","page","type-page","status-publish","has-post-thumbnail","hentry"],"_links":{"self":[{"href":"https:\/\/hermannschmidt.de\/fr\/wp-json\/wp\/v2\/pages\/1778","targetHints":{"allow":["GET"]}}],"collection":[{"href":"https:\/\/hermannschmidt.de\/fr\/wp-json\/wp\/v2\/pages"}],"about":[{"href":"https:\/\/hermannschmidt.de\/fr\/wp-json\/wp\/v2\/types\/page"}],"author":[{"embeddable":true,"href":"https:\/\/hermannschmidt.de\/fr\/wp-json\/wp\/v2\/users\/4"}],"replies":[{"embeddable":true,"href":"https:\/\/hermannschmidt.de\/fr\/wp-json\/wp\/v2\/comments?post=1778"}],"version-history":[{"count":0,"href":"https:\/\/hermannschmidt.de\/fr\/wp-json\/wp\/v2\/pages\/1778\/revisions"}],"wp:featuredmedia":[{"embeddable":true,"href":"https:\/\/hermannschmidt.de\/fr\/wp-json\/wp\/v2\/media\/6910"}],"wp:attachment":[{"href":"https:\/\/hermannschmidt.de\/fr\/wp-json\/wp\/v2\/media?parent=1778"}],"curies":[{"name":"wp","href":"https:\/\/api.w.org\/{rel}","templated":true}]}}