{"id":4388,"date":"2017-05-23T12:44:25","date_gmt":"2017-05-23T10:44:25","guid":{"rendered":"https:\/\/hermannschmidt.de\/impressum\/"},"modified":"2021-06-18T14:14:31","modified_gmt":"2021-06-18T12:14:31","slug":"impressum","status":"publish","type":"page","link":"https:\/\/hermannschmidt.de\/en\/impressum\/","title":{"rendered":"Impressum"},"content":{"rendered":"<p><strong>Impressum<\/strong><\/p>\n<p>Verantwortlich f\u00fcr den Inhalt der Website nach \u00a76 TDG:<\/p>\n<p>Hermann Schmidt GmbH &amp; Co. KG<br \/>\nZeunerstra\u00dfe 6<br \/>\n45133 Essen-Bredeney<\/p>\n<p>Telefon 0201 45001-0<br \/>\nTelefax 0201 45001-11<br \/>\n<a href=\"mailto:support@hermannschmidt.de\"> support@hermannschmidt.de<\/a><\/p>\n<p>Gesch\u00e4ftsf\u00fchrer:\u00a0Dirk Roose<\/p>\n<p>HRA 425, Amtsgericht Essen<br \/>\nSteuernummer: 112\/5934\/0334<br \/>\nUSt-IdNr: DE119880443<\/p>\n<p><strong>Rechtshinweise<\/strong><\/p>\n<p>Die Hermann Schmidt GmbH &amp; Co. KG bem\u00fcht sich, auf ihrer Website zutreffende Informationen und Daten zu ver\u00f6ffentlichen. Eine Haftung oder Garantie f\u00fcr die Aktualit\u00e4t, Richtigkeit und Vollst\u00e4ndigkeit der zur Verf\u00fcgung gestellten Informationen und Daten ist jedoch ausgeschlossen. Dies gilt auch f\u00fcr alle anderen direkt oder indirekt angef\u00fchrten Websites, auf die mittels eines Links verwiesen wird. Die Hermann Schmidt GmbH &amp; Co. KG ist f\u00fcr den Inhalt solcher Websites, die mit diesen Links erreicht werden, nicht verantwortlich (Urteil Landgericht Hamburg).<\/p>\n<p>Die Hermann Schmidt GmbH &amp; Co. KG haftet dar\u00fcber hinaus weder f\u00fcr direkte noch indirekte Sch\u00e4den, einschlie\u00dflich entgangenen Gewinns, die durch die Nutzung der auf dieser Website zu findenden Informationen oder Daten entstehen. Ausgeschlossen sind auch Rechte und Pflichten zwischen der Hermann Schmidt GmbH &amp; Co. KG und dem Nutzer dieser Website oder Dritten.<\/p>\n<p>Die Hermann Schmidt GmbH &amp; Co. KG beh\u00e4lt sich vor, ohne vorherige Ank\u00fcndigung \u00c4nderungen oder Erg\u00e4nzungen der bereitgestellten Informationen oder Daten jederzeit vorzunehmen.<\/p>\n<p>Der Inhalt dieser Website, insbesondere alle Texte, Bilder, Grafiken, Logos, Webcam-Bilder, Ton-, Video- und Animationsdateien sowie ihre Arrangements, unterliegen dem Urheberrecht<br \/>\nund anderen Gesetzen zum Schutz geistigen Eigentums. Ausgenommen hiervon sind alle zu publizistischen Zwecken bereitgestellten Bilder und Beitr\u00e4ge, bei deren Ver\u00f6ffentlichung die Hermann Schmidt GmbH &amp; Co. KG als Quelle\/Urheber genannt und der Gesch\u00e4ftsstelle ein Belegexemplar zur Verf\u00fcgung gestellt werden muss.<\/p>\n<p>Alle auf der Website der Hermann Schmidt GmbH &amp; Co. KG genannten Marken und Logos sind gesetzlich gesch\u00fctzte Warenzeichen.<\/p>\n","protected":false},"excerpt":{"rendered":"<p>Impressum Verantwortlich f\u00fcr den Inhalt der Website nach \u00a76 TDG: Hermann Schmidt GmbH &amp; Co. KG Zeunerstra\u00dfe 6 45133 Essen-Bredeney Telefon 0201 45001-0 Telefax 0201 45001-11 support@hermannschmidt.de Gesch\u00e4ftsf\u00fchrer:\u00a0Dirk Roose HRA 425, Amtsgericht Essen Steuernummer: 112\/5934\/0334 USt-IdNr: DE119880443 Rechtshinweise Die Hermann Schmidt GmbH &amp; Co. KG bem\u00fcht sich, auf ihrer Website zutreffende Informationen und Daten zu [&hellip;]<\/p>\n","protected":false},"author":4,"featured_media":0,"parent":0,"menu_order":0,"comment_status":"closed","ping_status":"closed","template":"","meta":{"footnotes":""},"class_list":["post-4388","page","type-page","status-publish","hentry"],"_links":{"self":[{"href":"https:\/\/hermannschmidt.de\/en\/wp-json\/wp\/v2\/pages\/4388","targetHints":{"allow":["GET"]}}],"collection":[{"href":"https:\/\/hermannschmidt.de\/en\/wp-json\/wp\/v2\/pages"}],"about":[{"href":"https:\/\/hermannschmidt.de\/en\/wp-json\/wp\/v2\/types\/page"}],"author":[{"embeddable":true,"href":"https:\/\/hermannschmidt.de\/en\/wp-json\/wp\/v2\/users\/4"}],"replies":[{"embeddable":true,"href":"https:\/\/hermannschmidt.de\/en\/wp-json\/wp\/v2\/comments?post=4388"}],"version-history":[{"count":0,"href":"https:\/\/hermannschmidt.de\/en\/wp-json\/wp\/v2\/pages\/4388\/revisions"}],"wp:attachment":[{"href":"https:\/\/hermannschmidt.de\/en\/wp-json\/wp\/v2\/media?parent=4388"}],"curies":[{"name":"wp","href":"https:\/\/api.w.org\/{rel}","templated":true}]}}